{"id":89,"date":"2019-10-03T07:59:25","date_gmt":"2019-10-03T07:59:25","guid":{"rendered":"http:\/\/br566.teste.website\/~planoc07\/v1\/about-us\/"},"modified":"2024-04-24T13:50:51","modified_gmt":"2024-04-24T13:50:51","slug":"quem-somos","status":"publish","type":"page","link":"https:\/\/plano.com.br\/v1\/en\/quem-somos\/","title":{"rendered":"Quem Somos"},"content":{"rendered":"<div data-elementor-type=\"wp-page\" data-elementor-id=\"89\" class=\"elementor elementor-89\">\n\t\t\t\t\t\t<section class=\"elementor-section elementor-top-section elementor-element elementor-element-2fc2f7b elementor-section-content-middle elementor-reverse-mobile elementor-section-boxed elementor-section-height-default elementor-section-height-default\" data-id=\"2fc2f7b\" data-element_type=\"section\">\n\t\t\t\t\t\t<div class=\"elementor-container elementor-column-gap-default\">\n\t\t\t\t\t<div class=\"aux-parallax-section elementor-column elementor-col-50 elementor-top-column elementor-element elementor-element-09cb278\" data-id=\"09cb278\" data-element_type=\"column\">\n\t\t\t<div class=\"elementor-widget-wrap elementor-element-populated\">\n\t\t\t\t\t\t<div class=\"elementor-element elementor-element-5ffebb1 aux-appear-watch-animation aux-fade-in-up elementor-widget elementor-widget-aux_modern_heading\" data-id=\"5ffebb1\" data-element_type=\"widget\" data-widget_type=\"aux_modern_heading.default\">\n\t\t\t\t<div class=\"elementor-widget-container\">\n\t\t\t\t\t<section class=\"aux-widget-modern-heading\">\n            <div class=\"aux-widget-inner\"><h2 class=\"aux-modern-heading-primary\">Muitos prazer,<\/h2><h3 class=\"aux-modern-heading-secondary\"><span class=\"aux-head-before\">Somos a Plano Propaganda<\/span><\/h3><div class=\"aux-modern-heading-description\"><p>Fundada em Belo Horizonte em janeiro de 1968 come\u00e7amos por implantar no estado a serigrafia, hoje muito conhecida como \u2018SILK\u2019, com processos ainda bastante arcaicos.<\/p><p>Aos poucos fomos iniciando a transforma\u00e7\u00e3o do processo que era totalmente manual, modernizando-o com a entrada de maquin\u00e1rios semiautom\u00e1ticos e passando a atender quase todo o pa\u00eds.<\/p><p>Neste per\u00edodo, fomos os respons\u00e1veis pela entrada dos materiais auto- adesivos at\u00e9 ent\u00e3o desconhecidos.<\/p><p>No in\u00edcio de 80, trouxemos para Minas os primeiros brindes produzindo alguns e representando f\u00e1bricas de S Paulo em outros produtos.<\/p><p>Mais tarde, j\u00e1 totalmente automatizados e com grande capacidade de produ\u00e7\u00e3o, passamos a exportar para a Costa do Marfim na \u00c1frica e depois para Cancun no M\u00e9xico onde nos anos 80 e 90 tivemos um grande crescimento, sempre com a participa\u00e7\u00e3o e ajuda inestim\u00e1vel de minha mulher Neide e dos filhos Eduardo e Leonardo.<\/p><\/div><\/div>\n        <\/section>\t\t\t\t<\/div>\n\t\t\t\t<\/div>\n\t\t\t\t<div class=\"elementor-element elementor-element-df0e8d5 aux-appear-watch-animation aux-fade-in-down elementor-widget elementor-widget-aux_image\" data-id=\"df0e8d5\" data-element_type=\"widget\" data-widget_type=\"aux_image.default\">\n\t\t\t\t<div class=\"elementor-widget-container\">\n\t\t\t\t\t<section class=\"widget-container aux-widget-image aux-alignnone aux-parent-au6b268f86\">\n    <div class=\"aux-media-hint-frame\">\n        <div class=\"aux-media-image\" >\n        \n            \n\n            \n            <img fetchpriority=\"high\" decoding=\"async\" width=\"1000\" height=\"685\" src=\"data:image\/gif;base64,R0lGODlhAQABAIAAAAAAAP\/\/\/yH5BAEAAAAALAAAAAABAAEAAAIBRAA7\" class=\"aux-attachment aux-featured-image aux-attachment-id-1128 aux-preload aux-blank\" alt=\"somos-a-plano-01\" data-ratio=\"1.46\" data-original-w=\"1000\" data-src=\"https:\/\/plano.com.br\/v1\/wp-content\/uploads\/2024\/04\/somos-a-plano-01.jpg\" \/>            \n                <\/div>\n    <\/div>\n\n<\/section><!-- widget-container -->\t\t\t\t<\/div>\n\t\t\t\t<\/div>\n\t\t\t\t<div class=\"elementor-element elementor-element-f20d515 aux-appear-watch-animation aux-fade-in-up elementor-widget elementor-widget-aux_modern_heading\" data-id=\"f20d515\" data-element_type=\"widget\" data-widget_type=\"aux_modern_heading.default\">\n\t\t\t\t<div class=\"elementor-widget-container\">\n\t\t\t\t\t<section class=\"aux-widget-modern-heading\">\n            <div class=\"aux-widget-inner\"><h2 class=\"aux-modern-heading-primary\"><\/h2><div class=\"aux-modern-heading-description\"><p>Com o passar dos tempos, abrimos nosso escrit\u00f3rio em Bras\u00edlia e mais tarde a filial do Rio de Janeiro.<\/p><p>Em 2008 fomos para S Paulo para onde levamos a nossa produ\u00e7\u00e3o e onde chegam atualmente nossas importa\u00e7\u00f5es.<\/p><p>Em 2010, depois de muitas idas \u00e0 Europa, conseguimos trazer com exclusividade para o Brasil a JAQUES LAFFIT, a maior grife de brindes e presentes finos instalada na Fran\u00e7a.<\/p><p>Agora em janeiro de 2024, j\u00e1 com mais de 8000 clientes em toda a Federa\u00e7\u00e3o, tivemos o orgulho de completar 56 anos de atividades, trabalhando sempre com muita dedica\u00e7\u00e3o, persist\u00eancia, transpar\u00eancia, perseveran\u00e7a e sobre tudo, com muita f\u00e9 e confian\u00e7a em Deus.<\/p><p>Newton R Fran\u00e7a, s\u00f3cio fundador<\/p><\/div><\/div>\n        <\/section>\t\t\t\t<\/div>\n\t\t\t\t<\/div>\n\t\t\t\t\t<\/div>\n\t\t<\/div>\n\t\t\t\t<div class=\"aux-parallax-section elementor-column elementor-col-50 elementor-top-column elementor-element elementor-element-f80096d\" data-id=\"f80096d\" data-element_type=\"column\">\n\t\t\t<div class=\"elementor-widget-wrap\">\n\t\t\t\t\t\t\t<\/div>\n\t\t<\/div>\n\t\t\t\t\t<\/div>\n\t\t<\/section>\n\t\t\t\t<\/div>","protected":false},"excerpt":{"rendered":"<p>Muitos prazer, Somos a Plano Propaganda Fundada em Belo Horizonte em janeiro de 1968 come\u00e7amos por implantar no estado a serigrafia, hoje muito conhecida como \u2018SILK\u2019, com processos ainda bastante arcaicos. Aos poucos fomos iniciando a transforma\u00e7\u00e3o do processo que era totalmente manual, modernizando-o com a entrada de maquin\u00e1rios semiautom\u00e1ticos e passando a atender quase [&hellip;]<\/p>","protected":false},"author":1,"featured_media":0,"parent":0,"menu_order":0,"comment_status":"closed","ping_status":"closed","template":"templates\/page-builder-content.php","meta":{"footnotes":""},"class_list":["post-89","page","type-page","status-publish","hentry"],"yoast_head":"<!-- This site is optimized with the Yoast SEO plugin v27.2 - https:\/\/yoast.com\/product\/yoast-seo-wordpress\/ -->\n<title>Quem Somos - Plano Propaganda<\/title>\n<meta name=\"robots\" content=\"index, follow, max-snippet:-1, max-image-preview:large, max-video-preview:-1\" \/>\n<link rel=\"canonical\" href=\"https:\/\/plano.com.br\/v1\/en\/quem-somos\/\" \/>\n<meta property=\"og:locale\" content=\"en_US\" \/>\n<meta property=\"og:type\" content=\"article\" \/>\n<meta property=\"og:title\" content=\"Quem Somos - Plano Propaganda\" \/>\n<meta property=\"og:description\" content=\"Muitos prazer, Somos a Plano Propaganda Fundada em Belo Horizonte em janeiro de 1968 come\u00e7amos por implantar no estado a serigrafia, hoje muito conhecida como \u2018SILK\u2019, com processos ainda bastante arcaicos. Aos poucos fomos iniciando a transforma\u00e7\u00e3o do processo que era totalmente manual, modernizando-o com a entrada de maquin\u00e1rios semiautom\u00e1ticos e passando a atender quase [&hellip;]\" \/>\n<meta property=\"og:url\" content=\"https:\/\/plano.com.br\/v1\/en\/quem-somos\/\" \/>\n<meta property=\"og:site_name\" content=\"Plano Propaganda\" \/>\n<meta property=\"article:modified_time\" content=\"2024-04-24T13:50:51+00:00\" \/>\n<meta name=\"twitter:card\" content=\"summary_large_image\" \/>\n<meta name=\"twitter:label1\" content=\"Est. reading time\" \/>\n\t<meta name=\"twitter:data1\" content=\"2 minutes\" \/>\n<script type=\"application\/ld+json\" class=\"yoast-schema-graph\">{\"@context\":\"https:\/\/schema.org\",\"@graph\":[{\"@type\":\"WebPage\",\"@id\":\"https:\/\/plano.com.br\/v1\/quem-somos\/\",\"url\":\"https:\/\/plano.com.br\/v1\/quem-somos\/\",\"name\":\"Quem Somos - Plano Propaganda\",\"isPartOf\":{\"@id\":\"https:\/\/plano.com.br\/v1\/#website\"},\"datePublished\":\"2019-10-03T07:59:25+00:00\",\"dateModified\":\"2024-04-24T13:50:51+00:00\",\"breadcrumb\":{\"@id\":\"https:\/\/plano.com.br\/v1\/quem-somos\/#breadcrumb\"},\"inLanguage\":\"en-US\",\"potentialAction\":[{\"@type\":\"ReadAction\",\"target\":[\"https:\/\/plano.com.br\/v1\/quem-somos\/\"]}]},{\"@type\":\"BreadcrumbList\",\"@id\":\"https:\/\/plano.com.br\/v1\/quem-somos\/#breadcrumb\",\"itemListElement\":[{\"@type\":\"ListItem\",\"position\":1,\"name\":\"Home\",\"item\":\"https:\/\/plano.com.br\/v1\/\"},{\"@type\":\"ListItem\",\"position\":2,\"name\":\"Quem Somos\"}]},{\"@type\":\"WebSite\",\"@id\":\"https:\/\/plano.com.br\/v1\/#website\",\"url\":\"https:\/\/plano.com.br\/v1\/\",\"name\":\"Plano Propaganda\",\"description\":\"Brindes corporativos e personalizados\",\"publisher\":{\"@id\":\"https:\/\/plano.com.br\/v1\/#organization\"},\"potentialAction\":[{\"@type\":\"SearchAction\",\"target\":{\"@type\":\"EntryPoint\",\"urlTemplate\":\"https:\/\/plano.com.br\/v1\/?s={search_term_string}\"},\"query-input\":{\"@type\":\"PropertyValueSpecification\",\"valueRequired\":true,\"valueName\":\"search_term_string\"}}],\"inLanguage\":\"en-US\"},{\"@type\":\"Organization\",\"@id\":\"https:\/\/plano.com.br\/v1\/#organization\",\"name\":\"Plano Propaganda\",\"url\":\"https:\/\/plano.com.br\/v1\/\",\"logo\":{\"@type\":\"ImageObject\",\"inLanguage\":\"en-US\",\"@id\":\"https:\/\/plano.com.br\/v1\/#\/schema\/logo\/image\/\",\"url\":\"https:\/\/plano.com.br\/v1\/wp-content\/uploads\/2025\/12\/cropped-logo-plano-propaganda-58anos.jpg\",\"contentUrl\":\"https:\/\/plano.com.br\/v1\/wp-content\/uploads\/2025\/12\/cropped-logo-plano-propaganda-58anos.jpg\",\"width\":598,\"height\":188,\"caption\":\"Plano Propaganda\"},\"image\":{\"@id\":\"https:\/\/plano.com.br\/v1\/#\/schema\/logo\/image\/\"}}]}<\/script>\n<!-- \/ Yoast SEO plugin. -->","yoast_head_json":{"title":"Quem Somos - Plano Propaganda","robots":{"index":"index","follow":"follow","max-snippet":"max-snippet:-1","max-image-preview":"max-image-preview:large","max-video-preview":"max-video-preview:-1"},"canonical":"https:\/\/plano.com.br\/v1\/en\/quem-somos\/","og_locale":"en_US","og_type":"article","og_title":"Quem Somos - Plano Propaganda","og_description":"Muitos prazer, Somos a Plano Propaganda Fundada em Belo Horizonte em janeiro de 1968 come\u00e7amos por implantar no estado a serigrafia, hoje muito conhecida como \u2018SILK\u2019, com processos ainda bastante arcaicos. Aos poucos fomos iniciando a transforma\u00e7\u00e3o do processo que era totalmente manual, modernizando-o com a entrada de maquin\u00e1rios semiautom\u00e1ticos e passando a atender quase [&hellip;]","og_url":"https:\/\/plano.com.br\/v1\/en\/quem-somos\/","og_site_name":"Plano Propaganda","article_modified_time":"2024-04-24T13:50:51+00:00","twitter_card":"summary_large_image","twitter_misc":{"Est. reading time":"2 minutes"},"schema":{"@context":"https:\/\/schema.org","@graph":[{"@type":"WebPage","@id":"https:\/\/plano.com.br\/v1\/quem-somos\/","url":"https:\/\/plano.com.br\/v1\/quem-somos\/","name":"Quem Somos - Plano Propaganda","isPartOf":{"@id":"https:\/\/plano.com.br\/v1\/#website"},"datePublished":"2019-10-03T07:59:25+00:00","dateModified":"2024-04-24T13:50:51+00:00","breadcrumb":{"@id":"https:\/\/plano.com.br\/v1\/quem-somos\/#breadcrumb"},"inLanguage":"en-US","potentialAction":[{"@type":"ReadAction","target":["https:\/\/plano.com.br\/v1\/quem-somos\/"]}]},{"@type":"BreadcrumbList","@id":"https:\/\/plano.com.br\/v1\/quem-somos\/#breadcrumb","itemListElement":[{"@type":"ListItem","position":1,"name":"Home","item":"https:\/\/plano.com.br\/v1\/"},{"@type":"ListItem","position":2,"name":"Quem Somos"}]},{"@type":"WebSite","@id":"https:\/\/plano.com.br\/v1\/#website","url":"https:\/\/plano.com.br\/v1\/","name":"Plano Propaganda","description":"Brindes corporativos e personalizados","publisher":{"@id":"https:\/\/plano.com.br\/v1\/#organization"},"potentialAction":[{"@type":"SearchAction","target":{"@type":"EntryPoint","urlTemplate":"https:\/\/plano.com.br\/v1\/?s={search_term_string}"},"query-input":{"@type":"PropertyValueSpecification","valueRequired":true,"valueName":"search_term_string"}}],"inLanguage":"en-US"},{"@type":"Organization","@id":"https:\/\/plano.com.br\/v1\/#organization","name":"Plano Propaganda","url":"https:\/\/plano.com.br\/v1\/","logo":{"@type":"ImageObject","inLanguage":"en-US","@id":"https:\/\/plano.com.br\/v1\/#\/schema\/logo\/image\/","url":"https:\/\/plano.com.br\/v1\/wp-content\/uploads\/2025\/12\/cropped-logo-plano-propaganda-58anos.jpg","contentUrl":"https:\/\/plano.com.br\/v1\/wp-content\/uploads\/2025\/12\/cropped-logo-plano-propaganda-58anos.jpg","width":598,"height":188,"caption":"Plano Propaganda"},"image":{"@id":"https:\/\/plano.com.br\/v1\/#\/schema\/logo\/image\/"}}]}},"_links":{"self":[{"href":"https:\/\/plano.com.br\/v1\/en\/wp-json\/wp\/v2\/pages\/89","targetHints":{"allow":["GET"]}}],"collection":[{"href":"https:\/\/plano.com.br\/v1\/en\/wp-json\/wp\/v2\/pages"}],"about":[{"href":"https:\/\/plano.com.br\/v1\/en\/wp-json\/wp\/v2\/types\/page"}],"author":[{"embeddable":true,"href":"https:\/\/plano.com.br\/v1\/en\/wp-json\/wp\/v2\/users\/1"}],"replies":[{"embeddable":true,"href":"https:\/\/plano.com.br\/v1\/en\/wp-json\/wp\/v2\/comments?post=89"}],"version-history":[{"count":40,"href":"https:\/\/plano.com.br\/v1\/en\/wp-json\/wp\/v2\/pages\/89\/revisions"}],"predecessor-version":[{"id":1400,"href":"https:\/\/plano.com.br\/v1\/en\/wp-json\/wp\/v2\/pages\/89\/revisions\/1400"}],"wp:attachment":[{"href":"https:\/\/plano.com.br\/v1\/en\/wp-json\/wp\/v2\/media?parent=89"}],"curies":[{"name":"wp","href":"https:\/\/api.w.org\/{rel}","templated":true}]}}