{"id":1370,"date":"2024-04-18T19:01:08","date_gmt":"2024-04-18T19:01:08","guid":{"rendered":"http:\/\/br566.teste.website\/~planoc07\/v1\/?post_type=product&#038;p=1370"},"modified":"2026-03-26T16:44:02","modified_gmt":"2026-03-26T16:44:02","slug":"mochila-lyon-para-notebook-em-poliester-e-tarpaulin","status":"publish","type":"product","link":"https:\/\/plano.com.br\/v1\/en\/produtos\/mochila-lyon-para-notebook-em-poliester-e-tarpaulin\/","title":{"rendered":"Mochila Lyon para notebook 17&#8243;em poliester e tarpaulin"},"content":{"rendered":"<p>Mochila Lyon para notebook 17 &#8221; em poliester 900 d e tarpaulin, cinza e preto, 330 x 480 x 180 mm. Cont\u00e9m al\u00e7as de m\u00e3o e ombro, bolsos frontais e laterais com zipers ocultos e entrada para usb. Aplica\u00e7\u00e3o de transfer frontal a uma cor<\/p>","protected":false},"excerpt":{"rendered":"<p>JL MOC 92320 &#8211; Mochila Lyon para notebook 17 &#8221; em poliester 900 d e tarpaulin, cinza e preto, 330 x 480 x 180 mm, com al\u00e7as de m\u00e3o e ombro, bolsos frontais e laterais com zipers ocultos e entrada para usb.<\/p>","protected":false},"featured_media":1814,"comment_status":"open","ping_status":"closed","template":"","meta":[],"product_brand":[],"product_cat":[50],"product_tag":[],"class_list":{"0":"post-1370","1":"product","2":"type-product","3":"status-publish","4":"has-post-thumbnail","6":"product_cat-mochilas-e-pastas-para-brindes","8":"first","9":"onbackorder","10":"taxable","11":"shipping-taxable","12":"purchasable","13":"product-type-simple"},"yoast_head":"<!-- This site is optimized with the Yoast SEO plugin v27.2 - https:\/\/yoast.com\/product\/yoast-seo-wordpress\/ -->\n<title>Mochila Lyon para notebook 17&quot;em poliester e tarpaulin - Plano Propaganda<\/title>\n<meta name=\"description\" content=\"Mochila Lyon para notebook 17 &quot; em poliester 900 d e tarpaulin, cinza e preto, 330 x 480 x 180 mm, com al\u00e7as de m\u00e3o e ombro, bolsos frontais e laterais com zipers ocultos e entrada para usb. Aplica\u00e7\u00e3o de transfer frontal a uma cor\" \/>\n<meta name=\"robots\" content=\"index, follow, max-snippet:-1, max-image-preview:large, max-video-preview:-1\" \/>\n<link rel=\"canonical\" href=\"https:\/\/plano.com.br\/v1\/en\/produtos\/mochila-lyon-para-notebook-em-poliester-e-tarpaulin\/\" \/>\n<meta property=\"og:locale\" content=\"en_US\" \/>\n<meta property=\"og:type\" content=\"article\" \/>\n<meta property=\"og:title\" content=\"Mochila Lyon para notebook 17&quot;em poliester e tarpaulin - Plano Propaganda\" \/>\n<meta property=\"og:description\" content=\"Mochila Lyon para notebook 17 &quot; em poliester 900 d e tarpaulin, cinza e preto, 330 x 480 x 180 mm, com al\u00e7as de m\u00e3o e ombro, bolsos frontais e laterais com zipers ocultos e entrada para usb. Aplica\u00e7\u00e3o de transfer frontal a uma cor\" \/>\n<meta property=\"og:url\" content=\"https:\/\/plano.com.br\/v1\/en\/produtos\/mochila-lyon-para-notebook-em-poliester-e-tarpaulin\/\" \/>\n<meta property=\"og:site_name\" content=\"Plano Propaganda\" \/>\n<meta property=\"article:modified_time\" content=\"2026-03-26T16:44:02+00:00\" \/>\n<meta property=\"og:image\" content=\"https:\/\/plano.com.br\/v1\/wp-content\/uploads\/2024\/04\/JLMOC92320_123-picwish.jpg\" \/>\n\t<meta property=\"og:image:width\" content=\"800\" \/>\n\t<meta property=\"og:image:height\" content=\"800\" \/>\n\t<meta property=\"og:image:type\" content=\"image\/jpeg\" \/>\n<meta name=\"twitter:card\" content=\"summary_large_image\" \/>\n<meta name=\"twitter:label1\" content=\"Est. reading time\" \/>\n\t<meta name=\"twitter:data1\" content=\"1 minute\" \/>\n<script type=\"application\/ld+json\" class=\"yoast-schema-graph\">{\"@context\":\"https:\/\/schema.org\",\"@graph\":[{\"@type\":\"WebPage\",\"@id\":\"https:\/\/plano.com.br\/v1\/produtos\/mochila-lyon-para-notebook-em-poliester-e-tarpaulin\/\",\"url\":\"https:\/\/plano.com.br\/v1\/produtos\/mochila-lyon-para-notebook-em-poliester-e-tarpaulin\/\",\"name\":\"Mochila Lyon para notebook 17\\\"em poliester e tarpaulin - Plano Propaganda\",\"isPartOf\":{\"@id\":\"https:\/\/plano.com.br\/v1\/#website\"},\"primaryImageOfPage\":{\"@id\":\"https:\/\/plano.com.br\/v1\/produtos\/mochila-lyon-para-notebook-em-poliester-e-tarpaulin\/#primaryimage\"},\"image\":{\"@id\":\"https:\/\/plano.com.br\/v1\/produtos\/mochila-lyon-para-notebook-em-poliester-e-tarpaulin\/#primaryimage\"},\"thumbnailUrl\":\"https:\/\/plano.com.br\/v1\/wp-content\/uploads\/2024\/04\/JLMOC92320_123-picwish.jpg\",\"datePublished\":\"2024-04-18T19:01:08+00:00\",\"dateModified\":\"2026-03-26T16:44:02+00:00\",\"description\":\"Mochila Lyon para notebook 17 \\\" em poliester 900 d e tarpaulin, cinza e preto, 330 x 480 x 180 mm, com al\u00e7as de m\u00e3o e ombro, bolsos frontais e laterais com zipers ocultos e entrada para usb. Aplica\u00e7\u00e3o de transfer frontal a uma cor\",\"breadcrumb\":{\"@id\":\"https:\/\/plano.com.br\/v1\/produtos\/mochila-lyon-para-notebook-em-poliester-e-tarpaulin\/#breadcrumb\"},\"inLanguage\":\"en-US\",\"potentialAction\":[{\"@type\":\"ReadAction\",\"target\":[\"https:\/\/plano.com.br\/v1\/produtos\/mochila-lyon-para-notebook-em-poliester-e-tarpaulin\/\"]}]},{\"@type\":\"ImageObject\",\"inLanguage\":\"en-US\",\"@id\":\"https:\/\/plano.com.br\/v1\/produtos\/mochila-lyon-para-notebook-em-poliester-e-tarpaulin\/#primaryimage\",\"url\":\"https:\/\/plano.com.br\/v1\/wp-content\/uploads\/2024\/04\/JLMOC92320_123-picwish.jpg\",\"contentUrl\":\"https:\/\/plano.com.br\/v1\/wp-content\/uploads\/2024\/04\/JLMOC92320_123-picwish.jpg\",\"width\":800,\"height\":800},{\"@type\":\"BreadcrumbList\",\"@id\":\"https:\/\/plano.com.br\/v1\/produtos\/mochila-lyon-para-notebook-em-poliester-e-tarpaulin\/#breadcrumb\",\"itemListElement\":[{\"@type\":\"ListItem\",\"position\":1,\"name\":\"Home\",\"item\":\"https:\/\/plano.com.br\/v1\/\"},{\"@type\":\"ListItem\",\"position\":2,\"name\":\"Produtos\",\"item\":\"https:\/\/plano.com.br\/v1\/en\/produtos\/\"},{\"@type\":\"ListItem\",\"position\":3,\"name\":\"Mochila Lyon para notebook 17&#8243;em poliester e tarpaulin\"}]},{\"@type\":\"WebSite\",\"@id\":\"https:\/\/plano.com.br\/v1\/#website\",\"url\":\"https:\/\/plano.com.br\/v1\/\",\"name\":\"Plano Propaganda\",\"description\":\"Brindes corporativos e personalizados\",\"publisher\":{\"@id\":\"https:\/\/plano.com.br\/v1\/#organization\"},\"potentialAction\":[{\"@type\":\"SearchAction\",\"target\":{\"@type\":\"EntryPoint\",\"urlTemplate\":\"https:\/\/plano.com.br\/v1\/?s={search_term_string}\"},\"query-input\":{\"@type\":\"PropertyValueSpecification\",\"valueRequired\":true,\"valueName\":\"search_term_string\"}}],\"inLanguage\":\"en-US\"},{\"@type\":\"Organization\",\"@id\":\"https:\/\/plano.com.br\/v1\/#organization\",\"name\":\"Plano Propaganda\",\"url\":\"https:\/\/plano.com.br\/v1\/\",\"logo\":{\"@type\":\"ImageObject\",\"inLanguage\":\"en-US\",\"@id\":\"https:\/\/plano.com.br\/v1\/#\/schema\/logo\/image\/\",\"url\":\"https:\/\/plano.com.br\/v1\/wp-content\/uploads\/2025\/12\/cropped-logo-plano-propaganda-58anos.jpg\",\"contentUrl\":\"https:\/\/plano.com.br\/v1\/wp-content\/uploads\/2025\/12\/cropped-logo-plano-propaganda-58anos.jpg\",\"width\":598,\"height\":188,\"caption\":\"Plano Propaganda\"},\"image\":{\"@id\":\"https:\/\/plano.com.br\/v1\/#\/schema\/logo\/image\/\"}}]}<\/script>\n<!-- \/ Yoast SEO plugin. -->","yoast_head_json":{"title":"Mochila Lyon para notebook 17\"em poliester e tarpaulin - Plano Propaganda","description":"Mochila Lyon para notebook 17 \" em poliester 900 d e tarpaulin, cinza e preto, 330 x 480 x 180 mm, com al\u00e7as de m\u00e3o e ombro, bolsos frontais e laterais com zipers ocultos e entrada para usb. Aplica\u00e7\u00e3o de transfer frontal a uma cor","robots":{"index":"index","follow":"follow","max-snippet":"max-snippet:-1","max-image-preview":"max-image-preview:large","max-video-preview":"max-video-preview:-1"},"canonical":"https:\/\/plano.com.br\/v1\/en\/produtos\/mochila-lyon-para-notebook-em-poliester-e-tarpaulin\/","og_locale":"en_US","og_type":"article","og_title":"Mochila Lyon para notebook 17\"em poliester e tarpaulin - Plano Propaganda","og_description":"Mochila Lyon para notebook 17 \" em poliester 900 d e tarpaulin, cinza e preto, 330 x 480 x 180 mm, com al\u00e7as de m\u00e3o e ombro, bolsos frontais e laterais com zipers ocultos e entrada para usb. Aplica\u00e7\u00e3o de transfer frontal a uma cor","og_url":"https:\/\/plano.com.br\/v1\/en\/produtos\/mochila-lyon-para-notebook-em-poliester-e-tarpaulin\/","og_site_name":"Plano Propaganda","article_modified_time":"2026-03-26T16:44:02+00:00","og_image":[{"width":800,"height":800,"url":"https:\/\/plano.com.br\/v1\/wp-content\/uploads\/2024\/04\/JLMOC92320_123-picwish.jpg","type":"image\/jpeg"}],"twitter_card":"summary_large_image","twitter_misc":{"Est. reading time":"1 minute"},"schema":{"@context":"https:\/\/schema.org","@graph":[{"@type":"WebPage","@id":"https:\/\/plano.com.br\/v1\/produtos\/mochila-lyon-para-notebook-em-poliester-e-tarpaulin\/","url":"https:\/\/plano.com.br\/v1\/produtos\/mochila-lyon-para-notebook-em-poliester-e-tarpaulin\/","name":"Mochila Lyon para notebook 17\"em poliester e tarpaulin - Plano Propaganda","isPartOf":{"@id":"https:\/\/plano.com.br\/v1\/#website"},"primaryImageOfPage":{"@id":"https:\/\/plano.com.br\/v1\/produtos\/mochila-lyon-para-notebook-em-poliester-e-tarpaulin\/#primaryimage"},"image":{"@id":"https:\/\/plano.com.br\/v1\/produtos\/mochila-lyon-para-notebook-em-poliester-e-tarpaulin\/#primaryimage"},"thumbnailUrl":"https:\/\/plano.com.br\/v1\/wp-content\/uploads\/2024\/04\/JLMOC92320_123-picwish.jpg","datePublished":"2024-04-18T19:01:08+00:00","dateModified":"2026-03-26T16:44:02+00:00","description":"Mochila Lyon para notebook 17 \" em poliester 900 d e tarpaulin, cinza e preto, 330 x 480 x 180 mm, com al\u00e7as de m\u00e3o e ombro, bolsos frontais e laterais com zipers ocultos e entrada para usb. Aplica\u00e7\u00e3o de transfer frontal a uma cor","breadcrumb":{"@id":"https:\/\/plano.com.br\/v1\/produtos\/mochila-lyon-para-notebook-em-poliester-e-tarpaulin\/#breadcrumb"},"inLanguage":"en-US","potentialAction":[{"@type":"ReadAction","target":["https:\/\/plano.com.br\/v1\/produtos\/mochila-lyon-para-notebook-em-poliester-e-tarpaulin\/"]}]},{"@type":"ImageObject","inLanguage":"en-US","@id":"https:\/\/plano.com.br\/v1\/produtos\/mochila-lyon-para-notebook-em-poliester-e-tarpaulin\/#primaryimage","url":"https:\/\/plano.com.br\/v1\/wp-content\/uploads\/2024\/04\/JLMOC92320_123-picwish.jpg","contentUrl":"https:\/\/plano.com.br\/v1\/wp-content\/uploads\/2024\/04\/JLMOC92320_123-picwish.jpg","width":800,"height":800},{"@type":"BreadcrumbList","@id":"https:\/\/plano.com.br\/v1\/produtos\/mochila-lyon-para-notebook-em-poliester-e-tarpaulin\/#breadcrumb","itemListElement":[{"@type":"ListItem","position":1,"name":"Home","item":"https:\/\/plano.com.br\/v1\/"},{"@type":"ListItem","position":2,"name":"Produtos","item":"https:\/\/plano.com.br\/v1\/en\/produtos\/"},{"@type":"ListItem","position":3,"name":"Mochila Lyon para notebook 17&#8243;em poliester e tarpaulin"}]},{"@type":"WebSite","@id":"https:\/\/plano.com.br\/v1\/#website","url":"https:\/\/plano.com.br\/v1\/","name":"Plano Propaganda","description":"Brindes corporativos e personalizados","publisher":{"@id":"https:\/\/plano.com.br\/v1\/#organization"},"potentialAction":[{"@type":"SearchAction","target":{"@type":"EntryPoint","urlTemplate":"https:\/\/plano.com.br\/v1\/?s={search_term_string}"},"query-input":{"@type":"PropertyValueSpecification","valueRequired":true,"valueName":"search_term_string"}}],"inLanguage":"en-US"},{"@type":"Organization","@id":"https:\/\/plano.com.br\/v1\/#organization","name":"Plano Propaganda","url":"https:\/\/plano.com.br\/v1\/","logo":{"@type":"ImageObject","inLanguage":"en-US","@id":"https:\/\/plano.com.br\/v1\/#\/schema\/logo\/image\/","url":"https:\/\/plano.com.br\/v1\/wp-content\/uploads\/2025\/12\/cropped-logo-plano-propaganda-58anos.jpg","contentUrl":"https:\/\/plano.com.br\/v1\/wp-content\/uploads\/2025\/12\/cropped-logo-plano-propaganda-58anos.jpg","width":598,"height":188,"caption":"Plano Propaganda"},"image":{"@id":"https:\/\/plano.com.br\/v1\/#\/schema\/logo\/image\/"}}]}},"_links":{"self":[{"href":"https:\/\/plano.com.br\/v1\/en\/wp-json\/wp\/v2\/product\/1370","targetHints":{"allow":["GET"]}}],"collection":[{"href":"https:\/\/plano.com.br\/v1\/en\/wp-json\/wp\/v2\/product"}],"about":[{"href":"https:\/\/plano.com.br\/v1\/en\/wp-json\/wp\/v2\/types\/product"}],"replies":[{"embeddable":true,"href":"https:\/\/plano.com.br\/v1\/en\/wp-json\/wp\/v2\/comments?post=1370"}],"wp:featuredmedia":[{"embeddable":true,"href":"https:\/\/plano.com.br\/v1\/en\/wp-json\/wp\/v2\/media\/1814"}],"wp:attachment":[{"href":"https:\/\/plano.com.br\/v1\/en\/wp-json\/wp\/v2\/media?parent=1370"}],"wp:term":[{"taxonomy":"product_brand","embeddable":true,"href":"https:\/\/plano.com.br\/v1\/en\/wp-json\/wp\/v2\/product_brand?post=1370"},{"taxonomy":"product_cat","embeddable":true,"href":"https:\/\/plano.com.br\/v1\/en\/wp-json\/wp\/v2\/product_cat?post=1370"},{"taxonomy":"product_tag","embeddable":true,"href":"https:\/\/plano.com.br\/v1\/en\/wp-json\/wp\/v2\/product_tag?post=1370"}],"curies":[{"name":"wp","href":"https:\/\/api.w.org\/{rel}","templated":true}]}}