{"id":2034,"date":"2024-06-04T17:16:03","date_gmt":"2024-06-04T17:16:03","guid":{"rendered":"http:\/\/br566.teste.website\/~planoc07\/v1\/?post_type=product&#038;p=2034"},"modified":"2026-03-12T12:43:11","modified_gmt":"2026-03-12T12:43:11","slug":"tabua-de-corte-de-queijos","status":"publish","type":"product","link":"https:\/\/plano.com.br\/v1\/en\/produtos\/tabua-de-corte-de-queijos\/","title":{"rendered":"T\u00e1bua de corte de queijos"},"content":{"rendered":"<p>T\u00e1bua de corte de queijos em madeira com 3 pe\u00e7as em a\u00e7o. Grava\u00e7\u00e3o a laser na t\u00e1bua. Fornecido em embalagem cart\u00e3o<\/p>","protected":false},"excerpt":{"rendered":"<p>PL LAR 036 &#8211; T\u00e1bua de corte de queijos em madeira com 3 pe\u00e7as<\/p>","protected":false},"featured_media":2035,"comment_status":"open","ping_status":"closed","template":"","meta":[],"product_brand":[],"product_cat":[68],"product_tag":[],"class_list":{"0":"post-2034","1":"product","2":"type-product","3":"status-publish","4":"has-post-thumbnail","6":"product_cat-brindes-em-artigos-para-o-lar","8":"first","9":"onbackorder","10":"taxable","11":"shipping-taxable","12":"product-type-simple"},"yoast_head":"<!-- This site is optimized with the Yoast SEO plugin v27.2 - https:\/\/yoast.com\/product\/yoast-seo-wordpress\/ -->\n<title>T\u00e1bua de corte de queijos - Plano Propaganda<\/title>\n<meta name=\"description\" content=\"T\u00e1bua de corte de queijos em madeira com 3 pe\u00e7as em a\u00e7o. Grava\u00e7\u00e3o a laser na t\u00e1bua. Fornecido em embalagem cart\u00e3o\" \/>\n<meta name=\"robots\" content=\"index, follow, max-snippet:-1, max-image-preview:large, max-video-preview:-1\" \/>\n<link rel=\"canonical\" href=\"https:\/\/plano.com.br\/v1\/en\/produtos\/tabua-de-corte-de-queijos\/\" \/>\n<meta property=\"og:locale\" content=\"en_US\" \/>\n<meta property=\"og:type\" content=\"article\" \/>\n<meta property=\"og:title\" content=\"T\u00e1bua de corte de queijos - Plano Propaganda\" \/>\n<meta property=\"og:description\" content=\"T\u00e1bua de corte de queijos em madeira com 3 pe\u00e7as em a\u00e7o. Grava\u00e7\u00e3o a laser na t\u00e1bua. Fornecido em embalagem cart\u00e3o\" \/>\n<meta property=\"og:url\" content=\"https:\/\/plano.com.br\/v1\/en\/produtos\/tabua-de-corte-de-queijos\/\" \/>\n<meta property=\"og:site_name\" content=\"Plano Propaganda\" \/>\n<meta property=\"article:modified_time\" content=\"2026-03-12T12:43:11+00:00\" \/>\n<meta property=\"og:image\" content=\"https:\/\/plano.com.br\/v1\/wp-content\/uploads\/2024\/06\/pllar036-pic.jpg\" \/>\n\t<meta property=\"og:image:width\" content=\"800\" \/>\n\t<meta property=\"og:image:height\" content=\"800\" \/>\n\t<meta property=\"og:image:type\" content=\"image\/jpeg\" \/>\n<meta name=\"twitter:card\" content=\"summary_large_image\" \/>\n<meta name=\"twitter:label1\" content=\"Est. reading time\" \/>\n\t<meta name=\"twitter:data1\" content=\"1 minute\" \/>\n<script type=\"application\/ld+json\" class=\"yoast-schema-graph\">{\"@context\":\"https:\/\/schema.org\",\"@graph\":[{\"@type\":\"WebPage\",\"@id\":\"https:\/\/plano.com.br\/v1\/produtos\/tabua-de-corte-de-queijos\/\",\"url\":\"https:\/\/plano.com.br\/v1\/produtos\/tabua-de-corte-de-queijos\/\",\"name\":\"T\u00e1bua de corte de queijos - Plano Propaganda\",\"isPartOf\":{\"@id\":\"https:\/\/plano.com.br\/v1\/#website\"},\"primaryImageOfPage\":{\"@id\":\"https:\/\/plano.com.br\/v1\/produtos\/tabua-de-corte-de-queijos\/#primaryimage\"},\"image\":{\"@id\":\"https:\/\/plano.com.br\/v1\/produtos\/tabua-de-corte-de-queijos\/#primaryimage\"},\"thumbnailUrl\":\"https:\/\/plano.com.br\/v1\/wp-content\/uploads\/2024\/06\/pllar036-pic.jpg\",\"datePublished\":\"2024-06-04T17:16:03+00:00\",\"dateModified\":\"2026-03-12T12:43:11+00:00\",\"description\":\"T\u00e1bua de corte de queijos em madeira com 3 pe\u00e7as em a\u00e7o. Grava\u00e7\u00e3o a laser na t\u00e1bua. Fornecido em embalagem cart\u00e3o\",\"breadcrumb\":{\"@id\":\"https:\/\/plano.com.br\/v1\/produtos\/tabua-de-corte-de-queijos\/#breadcrumb\"},\"inLanguage\":\"en-US\",\"potentialAction\":[{\"@type\":\"ReadAction\",\"target\":[\"https:\/\/plano.com.br\/v1\/produtos\/tabua-de-corte-de-queijos\/\"]}]},{\"@type\":\"ImageObject\",\"inLanguage\":\"en-US\",\"@id\":\"https:\/\/plano.com.br\/v1\/produtos\/tabua-de-corte-de-queijos\/#primaryimage\",\"url\":\"https:\/\/plano.com.br\/v1\/wp-content\/uploads\/2024\/06\/pllar036-pic.jpg\",\"contentUrl\":\"https:\/\/plano.com.br\/v1\/wp-content\/uploads\/2024\/06\/pllar036-pic.jpg\",\"width\":800,\"height\":800},{\"@type\":\"BreadcrumbList\",\"@id\":\"https:\/\/plano.com.br\/v1\/produtos\/tabua-de-corte-de-queijos\/#breadcrumb\",\"itemListElement\":[{\"@type\":\"ListItem\",\"position\":1,\"name\":\"Home\",\"item\":\"https:\/\/plano.com.br\/v1\/\"},{\"@type\":\"ListItem\",\"position\":2,\"name\":\"Produtos\",\"item\":\"https:\/\/plano.com.br\/v1\/en\/produtos\/\"},{\"@type\":\"ListItem\",\"position\":3,\"name\":\"T\u00e1bua de corte de queijos\"}]},{\"@type\":\"WebSite\",\"@id\":\"https:\/\/plano.com.br\/v1\/#website\",\"url\":\"https:\/\/plano.com.br\/v1\/\",\"name\":\"Plano Propaganda\",\"description\":\"Brindes corporativos e personalizados\",\"publisher\":{\"@id\":\"https:\/\/plano.com.br\/v1\/#organization\"},\"potentialAction\":[{\"@type\":\"SearchAction\",\"target\":{\"@type\":\"EntryPoint\",\"urlTemplate\":\"https:\/\/plano.com.br\/v1\/?s={search_term_string}\"},\"query-input\":{\"@type\":\"PropertyValueSpecification\",\"valueRequired\":true,\"valueName\":\"search_term_string\"}}],\"inLanguage\":\"en-US\"},{\"@type\":\"Organization\",\"@id\":\"https:\/\/plano.com.br\/v1\/#organization\",\"name\":\"Plano Propaganda\",\"url\":\"https:\/\/plano.com.br\/v1\/\",\"logo\":{\"@type\":\"ImageObject\",\"inLanguage\":\"en-US\",\"@id\":\"https:\/\/plano.com.br\/v1\/#\/schema\/logo\/image\/\",\"url\":\"https:\/\/plano.com.br\/v1\/wp-content\/uploads\/2025\/12\/cropped-logo-plano-propaganda-58anos.jpg\",\"contentUrl\":\"https:\/\/plano.com.br\/v1\/wp-content\/uploads\/2025\/12\/cropped-logo-plano-propaganda-58anos.jpg\",\"width\":598,\"height\":188,\"caption\":\"Plano Propaganda\"},\"image\":{\"@id\":\"https:\/\/plano.com.br\/v1\/#\/schema\/logo\/image\/\"}}]}<\/script>\n<!-- \/ Yoast SEO plugin. -->","yoast_head_json":{"title":"T\u00e1bua de corte de queijos - Plano Propaganda","description":"T\u00e1bua de corte de queijos em madeira com 3 pe\u00e7as em a\u00e7o. Grava\u00e7\u00e3o a laser na t\u00e1bua. Fornecido em embalagem cart\u00e3o","robots":{"index":"index","follow":"follow","max-snippet":"max-snippet:-1","max-image-preview":"max-image-preview:large","max-video-preview":"max-video-preview:-1"},"canonical":"https:\/\/plano.com.br\/v1\/en\/produtos\/tabua-de-corte-de-queijos\/","og_locale":"en_US","og_type":"article","og_title":"T\u00e1bua de corte de queijos - Plano Propaganda","og_description":"T\u00e1bua de corte de queijos em madeira com 3 pe\u00e7as em a\u00e7o. Grava\u00e7\u00e3o a laser na t\u00e1bua. Fornecido em embalagem cart\u00e3o","og_url":"https:\/\/plano.com.br\/v1\/en\/produtos\/tabua-de-corte-de-queijos\/","og_site_name":"Plano Propaganda","article_modified_time":"2026-03-12T12:43:11+00:00","og_image":[{"width":800,"height":800,"url":"https:\/\/plano.com.br\/v1\/wp-content\/uploads\/2024\/06\/pllar036-pic.jpg","type":"image\/jpeg"}],"twitter_card":"summary_large_image","twitter_misc":{"Est. reading time":"1 minute"},"schema":{"@context":"https:\/\/schema.org","@graph":[{"@type":"WebPage","@id":"https:\/\/plano.com.br\/v1\/produtos\/tabua-de-corte-de-queijos\/","url":"https:\/\/plano.com.br\/v1\/produtos\/tabua-de-corte-de-queijos\/","name":"T\u00e1bua de corte de queijos - Plano Propaganda","isPartOf":{"@id":"https:\/\/plano.com.br\/v1\/#website"},"primaryImageOfPage":{"@id":"https:\/\/plano.com.br\/v1\/produtos\/tabua-de-corte-de-queijos\/#primaryimage"},"image":{"@id":"https:\/\/plano.com.br\/v1\/produtos\/tabua-de-corte-de-queijos\/#primaryimage"},"thumbnailUrl":"https:\/\/plano.com.br\/v1\/wp-content\/uploads\/2024\/06\/pllar036-pic.jpg","datePublished":"2024-06-04T17:16:03+00:00","dateModified":"2026-03-12T12:43:11+00:00","description":"T\u00e1bua de corte de queijos em madeira com 3 pe\u00e7as em a\u00e7o. Grava\u00e7\u00e3o a laser na t\u00e1bua. Fornecido em embalagem cart\u00e3o","breadcrumb":{"@id":"https:\/\/plano.com.br\/v1\/produtos\/tabua-de-corte-de-queijos\/#breadcrumb"},"inLanguage":"en-US","potentialAction":[{"@type":"ReadAction","target":["https:\/\/plano.com.br\/v1\/produtos\/tabua-de-corte-de-queijos\/"]}]},{"@type":"ImageObject","inLanguage":"en-US","@id":"https:\/\/plano.com.br\/v1\/produtos\/tabua-de-corte-de-queijos\/#primaryimage","url":"https:\/\/plano.com.br\/v1\/wp-content\/uploads\/2024\/06\/pllar036-pic.jpg","contentUrl":"https:\/\/plano.com.br\/v1\/wp-content\/uploads\/2024\/06\/pllar036-pic.jpg","width":800,"height":800},{"@type":"BreadcrumbList","@id":"https:\/\/plano.com.br\/v1\/produtos\/tabua-de-corte-de-queijos\/#breadcrumb","itemListElement":[{"@type":"ListItem","position":1,"name":"Home","item":"https:\/\/plano.com.br\/v1\/"},{"@type":"ListItem","position":2,"name":"Produtos","item":"https:\/\/plano.com.br\/v1\/en\/produtos\/"},{"@type":"ListItem","position":3,"name":"T\u00e1bua de corte de queijos"}]},{"@type":"WebSite","@id":"https:\/\/plano.com.br\/v1\/#website","url":"https:\/\/plano.com.br\/v1\/","name":"Plano Propaganda","description":"Brindes corporativos e personalizados","publisher":{"@id":"https:\/\/plano.com.br\/v1\/#organization"},"potentialAction":[{"@type":"SearchAction","target":{"@type":"EntryPoint","urlTemplate":"https:\/\/plano.com.br\/v1\/?s={search_term_string}"},"query-input":{"@type":"PropertyValueSpecification","valueRequired":true,"valueName":"search_term_string"}}],"inLanguage":"en-US"},{"@type":"Organization","@id":"https:\/\/plano.com.br\/v1\/#organization","name":"Plano Propaganda","url":"https:\/\/plano.com.br\/v1\/","logo":{"@type":"ImageObject","inLanguage":"en-US","@id":"https:\/\/plano.com.br\/v1\/#\/schema\/logo\/image\/","url":"https:\/\/plano.com.br\/v1\/wp-content\/uploads\/2025\/12\/cropped-logo-plano-propaganda-58anos.jpg","contentUrl":"https:\/\/plano.com.br\/v1\/wp-content\/uploads\/2025\/12\/cropped-logo-plano-propaganda-58anos.jpg","width":598,"height":188,"caption":"Plano Propaganda"},"image":{"@id":"https:\/\/plano.com.br\/v1\/#\/schema\/logo\/image\/"}}]}},"_links":{"self":[{"href":"https:\/\/plano.com.br\/v1\/en\/wp-json\/wp\/v2\/product\/2034","targetHints":{"allow":["GET"]}}],"collection":[{"href":"https:\/\/plano.com.br\/v1\/en\/wp-json\/wp\/v2\/product"}],"about":[{"href":"https:\/\/plano.com.br\/v1\/en\/wp-json\/wp\/v2\/types\/product"}],"replies":[{"embeddable":true,"href":"https:\/\/plano.com.br\/v1\/en\/wp-json\/wp\/v2\/comments?post=2034"}],"wp:featuredmedia":[{"embeddable":true,"href":"https:\/\/plano.com.br\/v1\/en\/wp-json\/wp\/v2\/media\/2035"}],"wp:attachment":[{"href":"https:\/\/plano.com.br\/v1\/en\/wp-json\/wp\/v2\/media?parent=2034"}],"wp:term":[{"taxonomy":"product_brand","embeddable":true,"href":"https:\/\/plano.com.br\/v1\/en\/wp-json\/wp\/v2\/product_brand?post=2034"},{"taxonomy":"product_cat","embeddable":true,"href":"https:\/\/plano.com.br\/v1\/en\/wp-json\/wp\/v2\/product_cat?post=2034"},{"taxonomy":"product_tag","embeddable":true,"href":"https:\/\/plano.com.br\/v1\/en\/wp-json\/wp\/v2\/product_tag?post=2034"}],"curies":[{"name":"wp","href":"https:\/\/api.w.org\/{rel}","templated":true}]}}