{"id":2438,"date":"2024-06-13T16:46:03","date_gmt":"2024-06-13T16:46:03","guid":{"rendered":"http:\/\/br566.teste.website\/~planoc07\/v1\/?post_type=product&#038;p=2438"},"modified":"2026-03-11T18:56:05","modified_gmt":"2026-03-11T18:56:05","slug":"mochila-para-notebook-em-poliester-600-forrada","status":"publish","type":"product","link":"https:\/\/plano.com.br\/v1\/en\/produtos\/mochila-para-notebook-em-poliester-600-forrada\/","title":{"rendered":"Mochila para notebook em poli\u00e9ster 600 forrada"},"content":{"rendered":"<p>Mochila para notebook em poli\u00e9ster 600 forrada, com bolso central. 3 bolsos internos (porta tablet, celular e carteira), bolso frontal com abertura superior lateral, mini bolso externo na lateral. Al\u00e7a de ombro e m\u00e3o, cabo usb e conector externo na lateral. Impress\u00e3o uma cor frontal.<\/p>","protected":false},"excerpt":{"rendered":"<p>JL MC 223 &#8211; Mochila para notebook em poli\u00e9ster 600 forrada, com bolso central, 3 bolsos internos (porta tablet, celular e carteira), bolso frontal com abertura superior lateral, mini bolso externo na lateral, al\u00e7a de ombro e m\u00e3o, cabo usb e conector externo na lateral.<\/p>","protected":false},"featured_media":2441,"comment_status":"open","ping_status":"closed","template":"","meta":[],"product_brand":[],"product_cat":[50],"product_tag":[],"class_list":{"0":"post-2438","1":"product","2":"type-product","3":"status-publish","4":"has-post-thumbnail","6":"product_cat-mochilas-e-pastas-para-brindes","8":"first","9":"onbackorder","10":"taxable","11":"shipping-taxable","12":"product-type-simple"},"yoast_head":"<!-- This site is optimized with the Yoast SEO plugin v27.2 - https:\/\/yoast.com\/product\/yoast-seo-wordpress\/ -->\n<title>Mochila para notebook em poli\u00e9ster 600 forrada - Plano Propaganda<\/title>\n<meta name=\"description\" content=\"Mochila para notebook em poli\u00e9ster 600 forrada, com bolso central, 3 bolsos internos (porta tablet, celular e carteira), bolso frontal com abertura superior lateral, mini bolso externo na lateral, al\u00e7a de ombro e m\u00e3o, cabo usb e conector externo na lateral. Impress\u00e3o uma cor frontal\" \/>\n<meta name=\"robots\" content=\"index, follow, max-snippet:-1, max-image-preview:large, max-video-preview:-1\" \/>\n<link rel=\"canonical\" href=\"https:\/\/plano.com.br\/v1\/en\/produtos\/mochila-para-notebook-em-poliester-600-forrada\/\" \/>\n<meta property=\"og:locale\" content=\"en_US\" \/>\n<meta property=\"og:type\" content=\"article\" \/>\n<meta property=\"og:title\" content=\"Mochila para notebook em poli\u00e9ster 600 forrada - Plano Propaganda\" \/>\n<meta property=\"og:description\" content=\"Mochila para notebook em poli\u00e9ster 600 forrada, com bolso central, 3 bolsos internos (porta tablet, celular e carteira), bolso frontal com abertura superior lateral, mini bolso externo na lateral, al\u00e7a de ombro e m\u00e3o, cabo usb e conector externo na lateral. Impress\u00e3o uma cor frontal\" \/>\n<meta property=\"og:url\" content=\"https:\/\/plano.com.br\/v1\/en\/produtos\/mochila-para-notebook-em-poliester-600-forrada\/\" \/>\n<meta property=\"og:site_name\" content=\"Plano Propaganda\" \/>\n<meta property=\"article:modified_time\" content=\"2026-03-11T18:56:05+00:00\" \/>\n<meta property=\"og:image\" content=\"https:\/\/plano.com.br\/v1\/wp-content\/uploads\/2024\/06\/JLMC223CZ.jpg\" \/>\n\t<meta property=\"og:image:width\" content=\"800\" \/>\n\t<meta property=\"og:image:height\" content=\"800\" \/>\n\t<meta property=\"og:image:type\" content=\"image\/jpeg\" \/>\n<meta name=\"twitter:card\" content=\"summary_large_image\" \/>\n<meta name=\"twitter:label1\" content=\"Est. reading time\" \/>\n\t<meta name=\"twitter:data1\" content=\"1 minute\" \/>\n<script type=\"application\/ld+json\" class=\"yoast-schema-graph\">{\"@context\":\"https:\/\/schema.org\",\"@graph\":[{\"@type\":\"WebPage\",\"@id\":\"https:\/\/plano.com.br\/v1\/produtos\/mochila-para-notebook-em-poliester-600-forrada\/\",\"url\":\"https:\/\/plano.com.br\/v1\/produtos\/mochila-para-notebook-em-poliester-600-forrada\/\",\"name\":\"Mochila para notebook em poli\u00e9ster 600 forrada - Plano Propaganda\",\"isPartOf\":{\"@id\":\"https:\/\/plano.com.br\/v1\/#website\"},\"primaryImageOfPage\":{\"@id\":\"https:\/\/plano.com.br\/v1\/produtos\/mochila-para-notebook-em-poliester-600-forrada\/#primaryimage\"},\"image\":{\"@id\":\"https:\/\/plano.com.br\/v1\/produtos\/mochila-para-notebook-em-poliester-600-forrada\/#primaryimage\"},\"thumbnailUrl\":\"https:\/\/plano.com.br\/v1\/wp-content\/uploads\/2024\/06\/JLMC223CZ.jpg\",\"datePublished\":\"2024-06-13T16:46:03+00:00\",\"dateModified\":\"2026-03-11T18:56:05+00:00\",\"description\":\"Mochila para notebook em poli\u00e9ster 600 forrada, com bolso central, 3 bolsos internos (porta tablet, celular e carteira), bolso frontal com abertura superior lateral, mini bolso externo na lateral, al\u00e7a de ombro e m\u00e3o, cabo usb e conector externo na lateral. Impress\u00e3o uma cor frontal\",\"breadcrumb\":{\"@id\":\"https:\/\/plano.com.br\/v1\/produtos\/mochila-para-notebook-em-poliester-600-forrada\/#breadcrumb\"},\"inLanguage\":\"en-US\",\"potentialAction\":[{\"@type\":\"ReadAction\",\"target\":[\"https:\/\/plano.com.br\/v1\/produtos\/mochila-para-notebook-em-poliester-600-forrada\/\"]}]},{\"@type\":\"ImageObject\",\"inLanguage\":\"en-US\",\"@id\":\"https:\/\/plano.com.br\/v1\/produtos\/mochila-para-notebook-em-poliester-600-forrada\/#primaryimage\",\"url\":\"https:\/\/plano.com.br\/v1\/wp-content\/uploads\/2024\/06\/JLMC223CZ.jpg\",\"contentUrl\":\"https:\/\/plano.com.br\/v1\/wp-content\/uploads\/2024\/06\/JLMC223CZ.jpg\",\"width\":800,\"height\":800},{\"@type\":\"BreadcrumbList\",\"@id\":\"https:\/\/plano.com.br\/v1\/produtos\/mochila-para-notebook-em-poliester-600-forrada\/#breadcrumb\",\"itemListElement\":[{\"@type\":\"ListItem\",\"position\":1,\"name\":\"Home\",\"item\":\"https:\/\/plano.com.br\/v1\/\"},{\"@type\":\"ListItem\",\"position\":2,\"name\":\"Produtos\",\"item\":\"https:\/\/plano.com.br\/v1\/en\/produtos\/\"},{\"@type\":\"ListItem\",\"position\":3,\"name\":\"Mochila para notebook em poli\u00e9ster 600 forrada\"}]},{\"@type\":\"WebSite\",\"@id\":\"https:\/\/plano.com.br\/v1\/#website\",\"url\":\"https:\/\/plano.com.br\/v1\/\",\"name\":\"Plano Propaganda\",\"description\":\"Brindes corporativos e personalizados\",\"publisher\":{\"@id\":\"https:\/\/plano.com.br\/v1\/#organization\"},\"potentialAction\":[{\"@type\":\"SearchAction\",\"target\":{\"@type\":\"EntryPoint\",\"urlTemplate\":\"https:\/\/plano.com.br\/v1\/?s={search_term_string}\"},\"query-input\":{\"@type\":\"PropertyValueSpecification\",\"valueRequired\":true,\"valueName\":\"search_term_string\"}}],\"inLanguage\":\"en-US\"},{\"@type\":\"Organization\",\"@id\":\"https:\/\/plano.com.br\/v1\/#organization\",\"name\":\"Plano Propaganda\",\"url\":\"https:\/\/plano.com.br\/v1\/\",\"logo\":{\"@type\":\"ImageObject\",\"inLanguage\":\"en-US\",\"@id\":\"https:\/\/plano.com.br\/v1\/#\/schema\/logo\/image\/\",\"url\":\"https:\/\/plano.com.br\/v1\/wp-content\/uploads\/2025\/12\/cropped-logo-plano-propaganda-58anos.jpg\",\"contentUrl\":\"https:\/\/plano.com.br\/v1\/wp-content\/uploads\/2025\/12\/cropped-logo-plano-propaganda-58anos.jpg\",\"width\":598,\"height\":188,\"caption\":\"Plano Propaganda\"},\"image\":{\"@id\":\"https:\/\/plano.com.br\/v1\/#\/schema\/logo\/image\/\"}}]}<\/script>\n<!-- \/ Yoast SEO plugin. -->","yoast_head_json":{"title":"Mochila para notebook em poli\u00e9ster 600 forrada - Plano Propaganda","description":"Mochila para notebook em poli\u00e9ster 600 forrada, com bolso central, 3 bolsos internos (porta tablet, celular e carteira), bolso frontal com abertura superior lateral, mini bolso externo na lateral, al\u00e7a de ombro e m\u00e3o, cabo usb e conector externo na lateral. Impress\u00e3o uma cor frontal","robots":{"index":"index","follow":"follow","max-snippet":"max-snippet:-1","max-image-preview":"max-image-preview:large","max-video-preview":"max-video-preview:-1"},"canonical":"https:\/\/plano.com.br\/v1\/en\/produtos\/mochila-para-notebook-em-poliester-600-forrada\/","og_locale":"en_US","og_type":"article","og_title":"Mochila para notebook em poli\u00e9ster 600 forrada - Plano Propaganda","og_description":"Mochila para notebook em poli\u00e9ster 600 forrada, com bolso central, 3 bolsos internos (porta tablet, celular e carteira), bolso frontal com abertura superior lateral, mini bolso externo na lateral, al\u00e7a de ombro e m\u00e3o, cabo usb e conector externo na lateral. Impress\u00e3o uma cor frontal","og_url":"https:\/\/plano.com.br\/v1\/en\/produtos\/mochila-para-notebook-em-poliester-600-forrada\/","og_site_name":"Plano Propaganda","article_modified_time":"2026-03-11T18:56:05+00:00","og_image":[{"width":800,"height":800,"url":"https:\/\/plano.com.br\/v1\/wp-content\/uploads\/2024\/06\/JLMC223CZ.jpg","type":"image\/jpeg"}],"twitter_card":"summary_large_image","twitter_misc":{"Est. reading time":"1 minute"},"schema":{"@context":"https:\/\/schema.org","@graph":[{"@type":"WebPage","@id":"https:\/\/plano.com.br\/v1\/produtos\/mochila-para-notebook-em-poliester-600-forrada\/","url":"https:\/\/plano.com.br\/v1\/produtos\/mochila-para-notebook-em-poliester-600-forrada\/","name":"Mochila para notebook em poli\u00e9ster 600 forrada - Plano Propaganda","isPartOf":{"@id":"https:\/\/plano.com.br\/v1\/#website"},"primaryImageOfPage":{"@id":"https:\/\/plano.com.br\/v1\/produtos\/mochila-para-notebook-em-poliester-600-forrada\/#primaryimage"},"image":{"@id":"https:\/\/plano.com.br\/v1\/produtos\/mochila-para-notebook-em-poliester-600-forrada\/#primaryimage"},"thumbnailUrl":"https:\/\/plano.com.br\/v1\/wp-content\/uploads\/2024\/06\/JLMC223CZ.jpg","datePublished":"2024-06-13T16:46:03+00:00","dateModified":"2026-03-11T18:56:05+00:00","description":"Mochila para notebook em poli\u00e9ster 600 forrada, com bolso central, 3 bolsos internos (porta tablet, celular e carteira), bolso frontal com abertura superior lateral, mini bolso externo na lateral, al\u00e7a de ombro e m\u00e3o, cabo usb e conector externo na lateral. Impress\u00e3o uma cor frontal","breadcrumb":{"@id":"https:\/\/plano.com.br\/v1\/produtos\/mochila-para-notebook-em-poliester-600-forrada\/#breadcrumb"},"inLanguage":"en-US","potentialAction":[{"@type":"ReadAction","target":["https:\/\/plano.com.br\/v1\/produtos\/mochila-para-notebook-em-poliester-600-forrada\/"]}]},{"@type":"ImageObject","inLanguage":"en-US","@id":"https:\/\/plano.com.br\/v1\/produtos\/mochila-para-notebook-em-poliester-600-forrada\/#primaryimage","url":"https:\/\/plano.com.br\/v1\/wp-content\/uploads\/2024\/06\/JLMC223CZ.jpg","contentUrl":"https:\/\/plano.com.br\/v1\/wp-content\/uploads\/2024\/06\/JLMC223CZ.jpg","width":800,"height":800},{"@type":"BreadcrumbList","@id":"https:\/\/plano.com.br\/v1\/produtos\/mochila-para-notebook-em-poliester-600-forrada\/#breadcrumb","itemListElement":[{"@type":"ListItem","position":1,"name":"Home","item":"https:\/\/plano.com.br\/v1\/"},{"@type":"ListItem","position":2,"name":"Produtos","item":"https:\/\/plano.com.br\/v1\/en\/produtos\/"},{"@type":"ListItem","position":3,"name":"Mochila para notebook em poli\u00e9ster 600 forrada"}]},{"@type":"WebSite","@id":"https:\/\/plano.com.br\/v1\/#website","url":"https:\/\/plano.com.br\/v1\/","name":"Plano Propaganda","description":"Brindes corporativos e personalizados","publisher":{"@id":"https:\/\/plano.com.br\/v1\/#organization"},"potentialAction":[{"@type":"SearchAction","target":{"@type":"EntryPoint","urlTemplate":"https:\/\/plano.com.br\/v1\/?s={search_term_string}"},"query-input":{"@type":"PropertyValueSpecification","valueRequired":true,"valueName":"search_term_string"}}],"inLanguage":"en-US"},{"@type":"Organization","@id":"https:\/\/plano.com.br\/v1\/#organization","name":"Plano Propaganda","url":"https:\/\/plano.com.br\/v1\/","logo":{"@type":"ImageObject","inLanguage":"en-US","@id":"https:\/\/plano.com.br\/v1\/#\/schema\/logo\/image\/","url":"https:\/\/plano.com.br\/v1\/wp-content\/uploads\/2025\/12\/cropped-logo-plano-propaganda-58anos.jpg","contentUrl":"https:\/\/plano.com.br\/v1\/wp-content\/uploads\/2025\/12\/cropped-logo-plano-propaganda-58anos.jpg","width":598,"height":188,"caption":"Plano Propaganda"},"image":{"@id":"https:\/\/plano.com.br\/v1\/#\/schema\/logo\/image\/"}}]}},"_links":{"self":[{"href":"https:\/\/plano.com.br\/v1\/en\/wp-json\/wp\/v2\/product\/2438","targetHints":{"allow":["GET"]}}],"collection":[{"href":"https:\/\/plano.com.br\/v1\/en\/wp-json\/wp\/v2\/product"}],"about":[{"href":"https:\/\/plano.com.br\/v1\/en\/wp-json\/wp\/v2\/types\/product"}],"replies":[{"embeddable":true,"href":"https:\/\/plano.com.br\/v1\/en\/wp-json\/wp\/v2\/comments?post=2438"}],"wp:featuredmedia":[{"embeddable":true,"href":"https:\/\/plano.com.br\/v1\/en\/wp-json\/wp\/v2\/media\/2441"}],"wp:attachment":[{"href":"https:\/\/plano.com.br\/v1\/en\/wp-json\/wp\/v2\/media?parent=2438"}],"wp:term":[{"taxonomy":"product_brand","embeddable":true,"href":"https:\/\/plano.com.br\/v1\/en\/wp-json\/wp\/v2\/product_brand?post=2438"},{"taxonomy":"product_cat","embeddable":true,"href":"https:\/\/plano.com.br\/v1\/en\/wp-json\/wp\/v2\/product_cat?post=2438"},{"taxonomy":"product_tag","embeddable":true,"href":"https:\/\/plano.com.br\/v1\/en\/wp-json\/wp\/v2\/product_tag?post=2438"}],"curies":[{"name":"wp","href":"https:\/\/api.w.org\/{rel}","templated":true}]}}