{"id":3446,"date":"2025-01-22T17:16:22","date_gmt":"2025-01-22T17:16:22","guid":{"rendered":"https:\/\/plano.com.br\/v1\/?post_type=product&#038;p=3446"},"modified":"2026-03-26T20:15:15","modified_gmt":"2026-03-26T20:15:15","slug":"estojo-com-faca-e-4-apetrechos-para-vinho","status":"publish","type":"product","link":"https:\/\/plano.com.br\/v1\/en\/produtos\/estojo-com-faca-e-4-apetrechos-para-vinho\/","title":{"rendered":"Estojo com faca e 4 apetrechos para vinho"},"content":{"rendered":"<p>Estojo com faca e 4 apetrechos para vinho, 33 x 13 cm. Fornecido em caixa de cart\u00e3o kraft. Impress\u00e3o ou grava\u00e7\u00e3o.<\/p>","protected":false},"excerpt":{"rendered":"<p>PL LAR 032 &#8211; Estojo com faca e 4 apetrechos para vinho, 33 x 13 cm.<\/p>","protected":false},"featured_media":3447,"comment_status":"open","ping_status":"closed","template":"","meta":[],"product_brand":[],"product_cat":[68],"product_tag":[],"class_list":{"0":"post-3446","1":"product","2":"type-product","3":"status-publish","4":"has-post-thumbnail","6":"product_cat-brindes-em-artigos-para-o-lar","8":"first","9":"onbackorder","10":"taxable","11":"shipping-taxable","12":"purchasable","13":"product-type-simple"},"yoast_head":"<!-- This site is optimized with the Yoast SEO plugin v27.2 - https:\/\/yoast.com\/product\/yoast-seo-wordpress\/ -->\n<title>Estojo com faca e 4 apetrechos para vinho - Plano Propaganda<\/title>\n<meta name=\"description\" content=\"Estojo com faca e 4 apetrechos para vinho, 33 x 13 cm. Fornecido em caixa de cart\u00e3o kraft. Impress\u00e3o ou grava\u00e7\u00e3o.\" \/>\n<meta name=\"robots\" content=\"index, follow, max-snippet:-1, max-image-preview:large, max-video-preview:-1\" \/>\n<link rel=\"canonical\" href=\"https:\/\/plano.com.br\/v1\/en\/produtos\/estojo-com-faca-e-4-apetrechos-para-vinho\/\" \/>\n<meta property=\"og:locale\" content=\"en_US\" \/>\n<meta property=\"og:type\" content=\"article\" \/>\n<meta property=\"og:title\" content=\"Estojo com faca e 4 apetrechos para vinho - Plano Propaganda\" \/>\n<meta property=\"og:description\" content=\"Estojo com faca e 4 apetrechos para vinho, 33 x 13 cm. Fornecido em caixa de cart\u00e3o kraft. Impress\u00e3o ou grava\u00e7\u00e3o.\" \/>\n<meta property=\"og:url\" content=\"https:\/\/plano.com.br\/v1\/en\/produtos\/estojo-com-faca-e-4-apetrechos-para-vinho\/\" \/>\n<meta property=\"og:site_name\" content=\"Plano Propaganda\" \/>\n<meta property=\"article:modified_time\" content=\"2026-03-26T20:15:15+00:00\" \/>\n<meta property=\"og:image\" content=\"https:\/\/plano.com.br\/v1\/wp-content\/uploads\/2025\/01\/pllar032-1.jpg\" \/>\n\t<meta property=\"og:image:width\" content=\"800\" \/>\n\t<meta property=\"og:image:height\" content=\"800\" \/>\n\t<meta property=\"og:image:type\" content=\"image\/jpeg\" \/>\n<meta name=\"twitter:card\" content=\"summary_large_image\" \/>\n<meta name=\"twitter:label1\" content=\"Est. reading time\" \/>\n\t<meta name=\"twitter:data1\" content=\"1 minute\" \/>\n<script type=\"application\/ld+json\" class=\"yoast-schema-graph\">{\"@context\":\"https:\/\/schema.org\",\"@graph\":[{\"@type\":\"WebPage\",\"@id\":\"https:\/\/plano.com.br\/v1\/produtos\/estojo-com-faca-e-4-apetrechos-para-vinho\/\",\"url\":\"https:\/\/plano.com.br\/v1\/produtos\/estojo-com-faca-e-4-apetrechos-para-vinho\/\",\"name\":\"Estojo com faca e 4 apetrechos para vinho - Plano Propaganda\",\"isPartOf\":{\"@id\":\"https:\/\/plano.com.br\/v1\/#website\"},\"primaryImageOfPage\":{\"@id\":\"https:\/\/plano.com.br\/v1\/produtos\/estojo-com-faca-e-4-apetrechos-para-vinho\/#primaryimage\"},\"image\":{\"@id\":\"https:\/\/plano.com.br\/v1\/produtos\/estojo-com-faca-e-4-apetrechos-para-vinho\/#primaryimage\"},\"thumbnailUrl\":\"https:\/\/plano.com.br\/v1\/wp-content\/uploads\/2025\/01\/pllar032-1.jpg\",\"datePublished\":\"2025-01-22T17:16:22+00:00\",\"dateModified\":\"2026-03-26T20:15:15+00:00\",\"description\":\"Estojo com faca e 4 apetrechos para vinho, 33 x 13 cm. Fornecido em caixa de cart\u00e3o kraft. Impress\u00e3o ou grava\u00e7\u00e3o.\",\"breadcrumb\":{\"@id\":\"https:\/\/plano.com.br\/v1\/produtos\/estojo-com-faca-e-4-apetrechos-para-vinho\/#breadcrumb\"},\"inLanguage\":\"en-US\",\"potentialAction\":[{\"@type\":\"ReadAction\",\"target\":[\"https:\/\/plano.com.br\/v1\/produtos\/estojo-com-faca-e-4-apetrechos-para-vinho\/\"]}]},{\"@type\":\"ImageObject\",\"inLanguage\":\"en-US\",\"@id\":\"https:\/\/plano.com.br\/v1\/produtos\/estojo-com-faca-e-4-apetrechos-para-vinho\/#primaryimage\",\"url\":\"https:\/\/plano.com.br\/v1\/wp-content\/uploads\/2025\/01\/pllar032-1.jpg\",\"contentUrl\":\"https:\/\/plano.com.br\/v1\/wp-content\/uploads\/2025\/01\/pllar032-1.jpg\",\"width\":800,\"height\":800},{\"@type\":\"BreadcrumbList\",\"@id\":\"https:\/\/plano.com.br\/v1\/produtos\/estojo-com-faca-e-4-apetrechos-para-vinho\/#breadcrumb\",\"itemListElement\":[{\"@type\":\"ListItem\",\"position\":1,\"name\":\"Home\",\"item\":\"https:\/\/plano.com.br\/v1\/\"},{\"@type\":\"ListItem\",\"position\":2,\"name\":\"Produtos\",\"item\":\"https:\/\/plano.com.br\/v1\/en\/produtos\/\"},{\"@type\":\"ListItem\",\"position\":3,\"name\":\"Estojo com faca e 4 apetrechos para vinho\"}]},{\"@type\":\"WebSite\",\"@id\":\"https:\/\/plano.com.br\/v1\/#website\",\"url\":\"https:\/\/plano.com.br\/v1\/\",\"name\":\"Plano Propaganda\",\"description\":\"Brindes corporativos e personalizados\",\"publisher\":{\"@id\":\"https:\/\/plano.com.br\/v1\/#organization\"},\"potentialAction\":[{\"@type\":\"SearchAction\",\"target\":{\"@type\":\"EntryPoint\",\"urlTemplate\":\"https:\/\/plano.com.br\/v1\/?s={search_term_string}\"},\"query-input\":{\"@type\":\"PropertyValueSpecification\",\"valueRequired\":true,\"valueName\":\"search_term_string\"}}],\"inLanguage\":\"en-US\"},{\"@type\":\"Organization\",\"@id\":\"https:\/\/plano.com.br\/v1\/#organization\",\"name\":\"Plano Propaganda\",\"url\":\"https:\/\/plano.com.br\/v1\/\",\"logo\":{\"@type\":\"ImageObject\",\"inLanguage\":\"en-US\",\"@id\":\"https:\/\/plano.com.br\/v1\/#\/schema\/logo\/image\/\",\"url\":\"https:\/\/plano.com.br\/v1\/wp-content\/uploads\/2025\/12\/cropped-logo-plano-propaganda-58anos.jpg\",\"contentUrl\":\"https:\/\/plano.com.br\/v1\/wp-content\/uploads\/2025\/12\/cropped-logo-plano-propaganda-58anos.jpg\",\"width\":598,\"height\":188,\"caption\":\"Plano Propaganda\"},\"image\":{\"@id\":\"https:\/\/plano.com.br\/v1\/#\/schema\/logo\/image\/\"}}]}<\/script>\n<!-- \/ Yoast SEO plugin. -->","yoast_head_json":{"title":"Estojo com faca e 4 apetrechos para vinho - Plano Propaganda","description":"Estojo com faca e 4 apetrechos para vinho, 33 x 13 cm. Fornecido em caixa de cart\u00e3o kraft. Impress\u00e3o ou grava\u00e7\u00e3o.","robots":{"index":"index","follow":"follow","max-snippet":"max-snippet:-1","max-image-preview":"max-image-preview:large","max-video-preview":"max-video-preview:-1"},"canonical":"https:\/\/plano.com.br\/v1\/en\/produtos\/estojo-com-faca-e-4-apetrechos-para-vinho\/","og_locale":"en_US","og_type":"article","og_title":"Estojo com faca e 4 apetrechos para vinho - Plano Propaganda","og_description":"Estojo com faca e 4 apetrechos para vinho, 33 x 13 cm. Fornecido em caixa de cart\u00e3o kraft. Impress\u00e3o ou grava\u00e7\u00e3o.","og_url":"https:\/\/plano.com.br\/v1\/en\/produtos\/estojo-com-faca-e-4-apetrechos-para-vinho\/","og_site_name":"Plano Propaganda","article_modified_time":"2026-03-26T20:15:15+00:00","og_image":[{"width":800,"height":800,"url":"https:\/\/plano.com.br\/v1\/wp-content\/uploads\/2025\/01\/pllar032-1.jpg","type":"image\/jpeg"}],"twitter_card":"summary_large_image","twitter_misc":{"Est. reading time":"1 minute"},"schema":{"@context":"https:\/\/schema.org","@graph":[{"@type":"WebPage","@id":"https:\/\/plano.com.br\/v1\/produtos\/estojo-com-faca-e-4-apetrechos-para-vinho\/","url":"https:\/\/plano.com.br\/v1\/produtos\/estojo-com-faca-e-4-apetrechos-para-vinho\/","name":"Estojo com faca e 4 apetrechos para vinho - Plano Propaganda","isPartOf":{"@id":"https:\/\/plano.com.br\/v1\/#website"},"primaryImageOfPage":{"@id":"https:\/\/plano.com.br\/v1\/produtos\/estojo-com-faca-e-4-apetrechos-para-vinho\/#primaryimage"},"image":{"@id":"https:\/\/plano.com.br\/v1\/produtos\/estojo-com-faca-e-4-apetrechos-para-vinho\/#primaryimage"},"thumbnailUrl":"https:\/\/plano.com.br\/v1\/wp-content\/uploads\/2025\/01\/pllar032-1.jpg","datePublished":"2025-01-22T17:16:22+00:00","dateModified":"2026-03-26T20:15:15+00:00","description":"Estojo com faca e 4 apetrechos para vinho, 33 x 13 cm. Fornecido em caixa de cart\u00e3o kraft. Impress\u00e3o ou grava\u00e7\u00e3o.","breadcrumb":{"@id":"https:\/\/plano.com.br\/v1\/produtos\/estojo-com-faca-e-4-apetrechos-para-vinho\/#breadcrumb"},"inLanguage":"en-US","potentialAction":[{"@type":"ReadAction","target":["https:\/\/plano.com.br\/v1\/produtos\/estojo-com-faca-e-4-apetrechos-para-vinho\/"]}]},{"@type":"ImageObject","inLanguage":"en-US","@id":"https:\/\/plano.com.br\/v1\/produtos\/estojo-com-faca-e-4-apetrechos-para-vinho\/#primaryimage","url":"https:\/\/plano.com.br\/v1\/wp-content\/uploads\/2025\/01\/pllar032-1.jpg","contentUrl":"https:\/\/plano.com.br\/v1\/wp-content\/uploads\/2025\/01\/pllar032-1.jpg","width":800,"height":800},{"@type":"BreadcrumbList","@id":"https:\/\/plano.com.br\/v1\/produtos\/estojo-com-faca-e-4-apetrechos-para-vinho\/#breadcrumb","itemListElement":[{"@type":"ListItem","position":1,"name":"Home","item":"https:\/\/plano.com.br\/v1\/"},{"@type":"ListItem","position":2,"name":"Produtos","item":"https:\/\/plano.com.br\/v1\/en\/produtos\/"},{"@type":"ListItem","position":3,"name":"Estojo com faca e 4 apetrechos para vinho"}]},{"@type":"WebSite","@id":"https:\/\/plano.com.br\/v1\/#website","url":"https:\/\/plano.com.br\/v1\/","name":"Plano Propaganda","description":"Brindes corporativos e personalizados","publisher":{"@id":"https:\/\/plano.com.br\/v1\/#organization"},"potentialAction":[{"@type":"SearchAction","target":{"@type":"EntryPoint","urlTemplate":"https:\/\/plano.com.br\/v1\/?s={search_term_string}"},"query-input":{"@type":"PropertyValueSpecification","valueRequired":true,"valueName":"search_term_string"}}],"inLanguage":"en-US"},{"@type":"Organization","@id":"https:\/\/plano.com.br\/v1\/#organization","name":"Plano Propaganda","url":"https:\/\/plano.com.br\/v1\/","logo":{"@type":"ImageObject","inLanguage":"en-US","@id":"https:\/\/plano.com.br\/v1\/#\/schema\/logo\/image\/","url":"https:\/\/plano.com.br\/v1\/wp-content\/uploads\/2025\/12\/cropped-logo-plano-propaganda-58anos.jpg","contentUrl":"https:\/\/plano.com.br\/v1\/wp-content\/uploads\/2025\/12\/cropped-logo-plano-propaganda-58anos.jpg","width":598,"height":188,"caption":"Plano Propaganda"},"image":{"@id":"https:\/\/plano.com.br\/v1\/#\/schema\/logo\/image\/"}}]}},"_links":{"self":[{"href":"https:\/\/plano.com.br\/v1\/en\/wp-json\/wp\/v2\/product\/3446","targetHints":{"allow":["GET"]}}],"collection":[{"href":"https:\/\/plano.com.br\/v1\/en\/wp-json\/wp\/v2\/product"}],"about":[{"href":"https:\/\/plano.com.br\/v1\/en\/wp-json\/wp\/v2\/types\/product"}],"replies":[{"embeddable":true,"href":"https:\/\/plano.com.br\/v1\/en\/wp-json\/wp\/v2\/comments?post=3446"}],"wp:featuredmedia":[{"embeddable":true,"href":"https:\/\/plano.com.br\/v1\/en\/wp-json\/wp\/v2\/media\/3447"}],"wp:attachment":[{"href":"https:\/\/plano.com.br\/v1\/en\/wp-json\/wp\/v2\/media?parent=3446"}],"wp:term":[{"taxonomy":"product_brand","embeddable":true,"href":"https:\/\/plano.com.br\/v1\/en\/wp-json\/wp\/v2\/product_brand?post=3446"},{"taxonomy":"product_cat","embeddable":true,"href":"https:\/\/plano.com.br\/v1\/en\/wp-json\/wp\/v2\/product_cat?post=3446"},{"taxonomy":"product_tag","embeddable":true,"href":"https:\/\/plano.com.br\/v1\/en\/wp-json\/wp\/v2\/product_tag?post=3446"}],"curies":[{"name":"wp","href":"https:\/\/api.w.org\/{rel}","templated":true}]}}