{"id":3594,"date":"2025-03-12T18:30:06","date_gmt":"2025-03-12T18:30:06","guid":{"rendered":"https:\/\/plano.com.br\/v1\/?post_type=product&#038;p=3594"},"modified":"2026-03-26T17:49:46","modified_gmt":"2026-03-26T17:49:46","slug":"chaveiro-modelo-mosquetao-em-aco","status":"publish","type":"product","link":"https:\/\/plano.com.br\/v1\/en\/produtos\/chaveiro-modelo-mosquetao-em-aco\/","title":{"rendered":"Chaveiro modelo mosquet\u00e3o em a\u00e7o"},"content":{"rendered":"<p>Chaveiro modelo mosquet\u00e3o em a\u00e7o inox polido, com al\u00e7a de couro sint\u00e9tico preto. Grava\u00e7\u00e3o a laser uma face. Fornecido em embalagem de cart\u00e3o reto.<\/p>","protected":false},"excerpt":{"rendered":"<p>PL CHV 161 &#8211; Chaveiro modelo mosquet\u00e3o em a\u00e7o inox polido, com al\u00e7a de couro sint\u00e9tico preto.<\/p>","protected":false},"featured_media":3595,"comment_status":"open","ping_status":"closed","template":"","meta":[],"product_brand":[],"product_cat":[46],"product_tag":[],"class_list":{"0":"post-3594","1":"product","2":"type-product","3":"status-publish","4":"has-post-thumbnail","6":"product_cat-chaveiros-para-brindes","8":"first","9":"onbackorder","10":"taxable","11":"shipping-taxable","12":"purchasable","13":"product-type-simple"},"yoast_head":"<!-- This site is optimized with the Yoast SEO plugin v27.2 - https:\/\/yoast.com\/product\/yoast-seo-wordpress\/ -->\n<title>Chaveiro modelo mosquet\u00e3o em a\u00e7o - Plano Propaganda<\/title>\n<meta name=\"description\" content=\"Chaveiro modelo mosquet\u00e3o em a\u00e7o inox polido, com al\u00e7a de couro sint\u00e9tico preto. Grava\u00e7\u00e3o a laser uma face. Fornecido em embalagem de cart\u00e3o reto.\" \/>\n<meta name=\"robots\" content=\"index, follow, max-snippet:-1, max-image-preview:large, max-video-preview:-1\" \/>\n<link rel=\"canonical\" href=\"https:\/\/plano.com.br\/v1\/en\/produtos\/chaveiro-modelo-mosquetao-em-aco\/\" \/>\n<meta property=\"og:locale\" content=\"en_US\" \/>\n<meta property=\"og:type\" content=\"article\" \/>\n<meta property=\"og:title\" content=\"Chaveiro modelo mosquet\u00e3o em a\u00e7o - Plano Propaganda\" \/>\n<meta property=\"og:description\" content=\"Chaveiro modelo mosquet\u00e3o em a\u00e7o inox polido, com al\u00e7a de couro sint\u00e9tico preto. Grava\u00e7\u00e3o a laser uma face. Fornecido em embalagem de cart\u00e3o reto.\" \/>\n<meta property=\"og:url\" content=\"https:\/\/plano.com.br\/v1\/en\/produtos\/chaveiro-modelo-mosquetao-em-aco\/\" \/>\n<meta property=\"og:site_name\" content=\"Plano Propaganda\" \/>\n<meta property=\"article:modified_time\" content=\"2026-03-26T17:49:46+00:00\" \/>\n<meta property=\"og:image\" content=\"https:\/\/plano.com.br\/v1\/wp-content\/uploads\/2025\/03\/PLCHV161.jpg\" \/>\n\t<meta property=\"og:image:width\" content=\"800\" \/>\n\t<meta property=\"og:image:height\" content=\"800\" \/>\n\t<meta property=\"og:image:type\" content=\"image\/jpeg\" \/>\n<meta name=\"twitter:card\" content=\"summary_large_image\" \/>\n<meta name=\"twitter:label1\" content=\"Est. reading time\" \/>\n\t<meta name=\"twitter:data1\" content=\"1 minute\" \/>\n<script type=\"application\/ld+json\" class=\"yoast-schema-graph\">{\"@context\":\"https:\/\/schema.org\",\"@graph\":[{\"@type\":\"WebPage\",\"@id\":\"https:\/\/plano.com.br\/v1\/produtos\/chaveiro-modelo-mosquetao-em-aco\/\",\"url\":\"https:\/\/plano.com.br\/v1\/produtos\/chaveiro-modelo-mosquetao-em-aco\/\",\"name\":\"Chaveiro modelo mosquet\u00e3o em a\u00e7o - Plano Propaganda\",\"isPartOf\":{\"@id\":\"https:\/\/plano.com.br\/v1\/#website\"},\"primaryImageOfPage\":{\"@id\":\"https:\/\/plano.com.br\/v1\/produtos\/chaveiro-modelo-mosquetao-em-aco\/#primaryimage\"},\"image\":{\"@id\":\"https:\/\/plano.com.br\/v1\/produtos\/chaveiro-modelo-mosquetao-em-aco\/#primaryimage\"},\"thumbnailUrl\":\"https:\/\/plano.com.br\/v1\/wp-content\/uploads\/2025\/03\/PLCHV161.jpg\",\"datePublished\":\"2025-03-12T18:30:06+00:00\",\"dateModified\":\"2026-03-26T17:49:46+00:00\",\"description\":\"Chaveiro modelo mosquet\u00e3o em a\u00e7o inox polido, com al\u00e7a de couro sint\u00e9tico preto. Grava\u00e7\u00e3o a laser uma face. Fornecido em embalagem de cart\u00e3o reto.\",\"breadcrumb\":{\"@id\":\"https:\/\/plano.com.br\/v1\/produtos\/chaveiro-modelo-mosquetao-em-aco\/#breadcrumb\"},\"inLanguage\":\"en-US\",\"potentialAction\":[{\"@type\":\"ReadAction\",\"target\":[\"https:\/\/plano.com.br\/v1\/produtos\/chaveiro-modelo-mosquetao-em-aco\/\"]}]},{\"@type\":\"ImageObject\",\"inLanguage\":\"en-US\",\"@id\":\"https:\/\/plano.com.br\/v1\/produtos\/chaveiro-modelo-mosquetao-em-aco\/#primaryimage\",\"url\":\"https:\/\/plano.com.br\/v1\/wp-content\/uploads\/2025\/03\/PLCHV161.jpg\",\"contentUrl\":\"https:\/\/plano.com.br\/v1\/wp-content\/uploads\/2025\/03\/PLCHV161.jpg\",\"width\":800,\"height\":800},{\"@type\":\"BreadcrumbList\",\"@id\":\"https:\/\/plano.com.br\/v1\/produtos\/chaveiro-modelo-mosquetao-em-aco\/#breadcrumb\",\"itemListElement\":[{\"@type\":\"ListItem\",\"position\":1,\"name\":\"Home\",\"item\":\"https:\/\/plano.com.br\/v1\/\"},{\"@type\":\"ListItem\",\"position\":2,\"name\":\"Produtos\",\"item\":\"https:\/\/plano.com.br\/v1\/en\/produtos\/\"},{\"@type\":\"ListItem\",\"position\":3,\"name\":\"Chaveiro modelo mosquet\u00e3o em a\u00e7o\"}]},{\"@type\":\"WebSite\",\"@id\":\"https:\/\/plano.com.br\/v1\/#website\",\"url\":\"https:\/\/plano.com.br\/v1\/\",\"name\":\"Plano Propaganda\",\"description\":\"Brindes corporativos e personalizados\",\"publisher\":{\"@id\":\"https:\/\/plano.com.br\/v1\/#organization\"},\"potentialAction\":[{\"@type\":\"SearchAction\",\"target\":{\"@type\":\"EntryPoint\",\"urlTemplate\":\"https:\/\/plano.com.br\/v1\/?s={search_term_string}\"},\"query-input\":{\"@type\":\"PropertyValueSpecification\",\"valueRequired\":true,\"valueName\":\"search_term_string\"}}],\"inLanguage\":\"en-US\"},{\"@type\":\"Organization\",\"@id\":\"https:\/\/plano.com.br\/v1\/#organization\",\"name\":\"Plano Propaganda\",\"url\":\"https:\/\/plano.com.br\/v1\/\",\"logo\":{\"@type\":\"ImageObject\",\"inLanguage\":\"en-US\",\"@id\":\"https:\/\/plano.com.br\/v1\/#\/schema\/logo\/image\/\",\"url\":\"https:\/\/plano.com.br\/v1\/wp-content\/uploads\/2025\/12\/cropped-logo-plano-propaganda-58anos.jpg\",\"contentUrl\":\"https:\/\/plano.com.br\/v1\/wp-content\/uploads\/2025\/12\/cropped-logo-plano-propaganda-58anos.jpg\",\"width\":598,\"height\":188,\"caption\":\"Plano Propaganda\"},\"image\":{\"@id\":\"https:\/\/plano.com.br\/v1\/#\/schema\/logo\/image\/\"}}]}<\/script>\n<!-- \/ Yoast SEO plugin. -->","yoast_head_json":{"title":"Chaveiro modelo mosquet\u00e3o em a\u00e7o - Plano Propaganda","description":"Chaveiro modelo mosquet\u00e3o em a\u00e7o inox polido, com al\u00e7a de couro sint\u00e9tico preto. Grava\u00e7\u00e3o a laser uma face. Fornecido em embalagem de cart\u00e3o reto.","robots":{"index":"index","follow":"follow","max-snippet":"max-snippet:-1","max-image-preview":"max-image-preview:large","max-video-preview":"max-video-preview:-1"},"canonical":"https:\/\/plano.com.br\/v1\/en\/produtos\/chaveiro-modelo-mosquetao-em-aco\/","og_locale":"en_US","og_type":"article","og_title":"Chaveiro modelo mosquet\u00e3o em a\u00e7o - Plano Propaganda","og_description":"Chaveiro modelo mosquet\u00e3o em a\u00e7o inox polido, com al\u00e7a de couro sint\u00e9tico preto. Grava\u00e7\u00e3o a laser uma face. Fornecido em embalagem de cart\u00e3o reto.","og_url":"https:\/\/plano.com.br\/v1\/en\/produtos\/chaveiro-modelo-mosquetao-em-aco\/","og_site_name":"Plano Propaganda","article_modified_time":"2026-03-26T17:49:46+00:00","og_image":[{"width":800,"height":800,"url":"https:\/\/plano.com.br\/v1\/wp-content\/uploads\/2025\/03\/PLCHV161.jpg","type":"image\/jpeg"}],"twitter_card":"summary_large_image","twitter_misc":{"Est. reading time":"1 minute"},"schema":{"@context":"https:\/\/schema.org","@graph":[{"@type":"WebPage","@id":"https:\/\/plano.com.br\/v1\/produtos\/chaveiro-modelo-mosquetao-em-aco\/","url":"https:\/\/plano.com.br\/v1\/produtos\/chaveiro-modelo-mosquetao-em-aco\/","name":"Chaveiro modelo mosquet\u00e3o em a\u00e7o - Plano Propaganda","isPartOf":{"@id":"https:\/\/plano.com.br\/v1\/#website"},"primaryImageOfPage":{"@id":"https:\/\/plano.com.br\/v1\/produtos\/chaveiro-modelo-mosquetao-em-aco\/#primaryimage"},"image":{"@id":"https:\/\/plano.com.br\/v1\/produtos\/chaveiro-modelo-mosquetao-em-aco\/#primaryimage"},"thumbnailUrl":"https:\/\/plano.com.br\/v1\/wp-content\/uploads\/2025\/03\/PLCHV161.jpg","datePublished":"2025-03-12T18:30:06+00:00","dateModified":"2026-03-26T17:49:46+00:00","description":"Chaveiro modelo mosquet\u00e3o em a\u00e7o inox polido, com al\u00e7a de couro sint\u00e9tico preto. Grava\u00e7\u00e3o a laser uma face. Fornecido em embalagem de cart\u00e3o reto.","breadcrumb":{"@id":"https:\/\/plano.com.br\/v1\/produtos\/chaveiro-modelo-mosquetao-em-aco\/#breadcrumb"},"inLanguage":"en-US","potentialAction":[{"@type":"ReadAction","target":["https:\/\/plano.com.br\/v1\/produtos\/chaveiro-modelo-mosquetao-em-aco\/"]}]},{"@type":"ImageObject","inLanguage":"en-US","@id":"https:\/\/plano.com.br\/v1\/produtos\/chaveiro-modelo-mosquetao-em-aco\/#primaryimage","url":"https:\/\/plano.com.br\/v1\/wp-content\/uploads\/2025\/03\/PLCHV161.jpg","contentUrl":"https:\/\/plano.com.br\/v1\/wp-content\/uploads\/2025\/03\/PLCHV161.jpg","width":800,"height":800},{"@type":"BreadcrumbList","@id":"https:\/\/plano.com.br\/v1\/produtos\/chaveiro-modelo-mosquetao-em-aco\/#breadcrumb","itemListElement":[{"@type":"ListItem","position":1,"name":"Home","item":"https:\/\/plano.com.br\/v1\/"},{"@type":"ListItem","position":2,"name":"Produtos","item":"https:\/\/plano.com.br\/v1\/en\/produtos\/"},{"@type":"ListItem","position":3,"name":"Chaveiro modelo mosquet\u00e3o em a\u00e7o"}]},{"@type":"WebSite","@id":"https:\/\/plano.com.br\/v1\/#website","url":"https:\/\/plano.com.br\/v1\/","name":"Plano Propaganda","description":"Brindes corporativos e personalizados","publisher":{"@id":"https:\/\/plano.com.br\/v1\/#organization"},"potentialAction":[{"@type":"SearchAction","target":{"@type":"EntryPoint","urlTemplate":"https:\/\/plano.com.br\/v1\/?s={search_term_string}"},"query-input":{"@type":"PropertyValueSpecification","valueRequired":true,"valueName":"search_term_string"}}],"inLanguage":"en-US"},{"@type":"Organization","@id":"https:\/\/plano.com.br\/v1\/#organization","name":"Plano Propaganda","url":"https:\/\/plano.com.br\/v1\/","logo":{"@type":"ImageObject","inLanguage":"en-US","@id":"https:\/\/plano.com.br\/v1\/#\/schema\/logo\/image\/","url":"https:\/\/plano.com.br\/v1\/wp-content\/uploads\/2025\/12\/cropped-logo-plano-propaganda-58anos.jpg","contentUrl":"https:\/\/plano.com.br\/v1\/wp-content\/uploads\/2025\/12\/cropped-logo-plano-propaganda-58anos.jpg","width":598,"height":188,"caption":"Plano Propaganda"},"image":{"@id":"https:\/\/plano.com.br\/v1\/#\/schema\/logo\/image\/"}}]}},"_links":{"self":[{"href":"https:\/\/plano.com.br\/v1\/en\/wp-json\/wp\/v2\/product\/3594","targetHints":{"allow":["GET"]}}],"collection":[{"href":"https:\/\/plano.com.br\/v1\/en\/wp-json\/wp\/v2\/product"}],"about":[{"href":"https:\/\/plano.com.br\/v1\/en\/wp-json\/wp\/v2\/types\/product"}],"replies":[{"embeddable":true,"href":"https:\/\/plano.com.br\/v1\/en\/wp-json\/wp\/v2\/comments?post=3594"}],"wp:featuredmedia":[{"embeddable":true,"href":"https:\/\/plano.com.br\/v1\/en\/wp-json\/wp\/v2\/media\/3595"}],"wp:attachment":[{"href":"https:\/\/plano.com.br\/v1\/en\/wp-json\/wp\/v2\/media?parent=3594"}],"wp:term":[{"taxonomy":"product_brand","embeddable":true,"href":"https:\/\/plano.com.br\/v1\/en\/wp-json\/wp\/v2\/product_brand?post=3594"},{"taxonomy":"product_cat","embeddable":true,"href":"https:\/\/plano.com.br\/v1\/en\/wp-json\/wp\/v2\/product_cat?post=3594"},{"taxonomy":"product_tag","embeddable":true,"href":"https:\/\/plano.com.br\/v1\/en\/wp-json\/wp\/v2\/product_tag?post=3594"}],"curies":[{"name":"wp","href":"https:\/\/api.w.org\/{rel}","templated":true}]}}