{"id":4051,"date":"2025-09-10T13:18:25","date_gmt":"2025-09-10T13:18:25","guid":{"rendered":"https:\/\/plano.com.br\/v1\/?post_type=product&#038;p=4051"},"modified":"2026-03-11T17:06:50","modified_gmt":"2026-03-11T17:06:50","slug":"conjunto-de-4-facas-1-tesoura-e-um-descascador-de-frutas","status":"publish","type":"product","link":"https:\/\/plano.com.br\/v1\/en\/produtos\/conjunto-de-4-facas-1-tesoura-e-um-descascador-de-frutas\/","title":{"rendered":"Conjunto de 4 facas, 1 tesoura e um descascador de frutas"},"content":{"rendered":"<p>Conjunto de 4 facas, 1 tesoura e um descascador de frutas em a\u00e7o inox da grife Jaques Laffit com cabo em resina preta. Com grava\u00e7\u00e3o na l\u00e2mina da faca maior ou na plaqueta do estojo com ber\u00e7o em eva.<\/p>","protected":false},"excerpt":{"rendered":"<p>PL CUT 621 &#8211; Conjunto de 4 facas , 1 tesoura e um descascador de frutas em a\u00e7o inox da grife Jaques Laffit com cabo em resina preta.<\/p>","protected":false},"featured_media":4052,"comment_status":"open","ping_status":"closed","template":"","meta":[],"product_brand":[],"product_cat":[48],"product_tag":[],"class_list":{"0":"post-4051","1":"product","2":"type-product","3":"status-publish","4":"has-post-thumbnail","6":"product_cat-conjuntos-de-churrasco-para-brindes","8":"first","9":"onbackorder","10":"taxable","11":"shipping-taxable","12":"product-type-simple"},"yoast_head":"<!-- This site is optimized with the Yoast SEO plugin v27.2 - https:\/\/yoast.com\/product\/yoast-seo-wordpress\/ -->\n<title>Conjunto de 4 facas, 1 tesoura e um descascador de frutas - Plano Propaganda<\/title>\n<meta name=\"description\" content=\"Conjunto de 4 facas , 1 tesoura e um descascador de frutas em a\u00e7o inox da grife Jaques Laffit com cabo em resina preta. Com grava\u00e7\u00e3o na l\u00e2mina da faca maior ou na plaqueta do estojo com ber\u00e7o em eva.\" \/>\n<meta name=\"robots\" content=\"index, follow, max-snippet:-1, max-image-preview:large, max-video-preview:-1\" \/>\n<link rel=\"canonical\" href=\"https:\/\/plano.com.br\/v1\/en\/produtos\/conjunto-de-4-facas-1-tesoura-e-um-descascador-de-frutas\/\" \/>\n<meta property=\"og:locale\" content=\"en_US\" \/>\n<meta property=\"og:type\" content=\"article\" \/>\n<meta property=\"og:title\" content=\"Conjunto de 4 facas, 1 tesoura e um descascador de frutas - Plano Propaganda\" \/>\n<meta property=\"og:description\" content=\"Conjunto de 4 facas , 1 tesoura e um descascador de frutas em a\u00e7o inox da grife Jaques Laffit com cabo em resina preta. Com grava\u00e7\u00e3o na l\u00e2mina da faca maior ou na plaqueta do estojo com ber\u00e7o em eva.\" \/>\n<meta property=\"og:url\" content=\"https:\/\/plano.com.br\/v1\/en\/produtos\/conjunto-de-4-facas-1-tesoura-e-um-descascador-de-frutas\/\" \/>\n<meta property=\"og:site_name\" content=\"Plano Propaganda\" \/>\n<meta property=\"article:modified_time\" content=\"2026-03-11T17:06:50+00:00\" \/>\n<meta property=\"og:image\" content=\"https:\/\/plano.com.br\/v1\/wp-content\/uploads\/2025\/09\/JLCUT621.jpg\" \/>\n\t<meta property=\"og:image:width\" content=\"800\" \/>\n\t<meta property=\"og:image:height\" content=\"800\" \/>\n\t<meta property=\"og:image:type\" content=\"image\/jpeg\" \/>\n<meta name=\"twitter:card\" content=\"summary_large_image\" \/>\n<meta name=\"twitter:label1\" content=\"Est. reading time\" \/>\n\t<meta name=\"twitter:data1\" content=\"1 minute\" \/>\n<script type=\"application\/ld+json\" class=\"yoast-schema-graph\">{\"@context\":\"https:\/\/schema.org\",\"@graph\":[{\"@type\":\"WebPage\",\"@id\":\"https:\/\/plano.com.br\/v1\/produtos\/conjunto-de-4-facas-1-tesoura-e-um-descascador-de-frutas\/\",\"url\":\"https:\/\/plano.com.br\/v1\/produtos\/conjunto-de-4-facas-1-tesoura-e-um-descascador-de-frutas\/\",\"name\":\"Conjunto de 4 facas, 1 tesoura e um descascador de frutas - Plano Propaganda\",\"isPartOf\":{\"@id\":\"https:\/\/plano.com.br\/v1\/#website\"},\"primaryImageOfPage\":{\"@id\":\"https:\/\/plano.com.br\/v1\/produtos\/conjunto-de-4-facas-1-tesoura-e-um-descascador-de-frutas\/#primaryimage\"},\"image\":{\"@id\":\"https:\/\/plano.com.br\/v1\/produtos\/conjunto-de-4-facas-1-tesoura-e-um-descascador-de-frutas\/#primaryimage\"},\"thumbnailUrl\":\"https:\/\/plano.com.br\/v1\/wp-content\/uploads\/2025\/09\/JLCUT621.jpg\",\"datePublished\":\"2025-09-10T13:18:25+00:00\",\"dateModified\":\"2026-03-11T17:06:50+00:00\",\"description\":\"Conjunto de 4 facas , 1 tesoura e um descascador de frutas em a\u00e7o inox da grife Jaques Laffit com cabo em resina preta. Com grava\u00e7\u00e3o na l\u00e2mina da faca maior ou na plaqueta do estojo com ber\u00e7o em eva.\",\"breadcrumb\":{\"@id\":\"https:\/\/plano.com.br\/v1\/produtos\/conjunto-de-4-facas-1-tesoura-e-um-descascador-de-frutas\/#breadcrumb\"},\"inLanguage\":\"en-US\",\"potentialAction\":[{\"@type\":\"ReadAction\",\"target\":[\"https:\/\/plano.com.br\/v1\/produtos\/conjunto-de-4-facas-1-tesoura-e-um-descascador-de-frutas\/\"]}]},{\"@type\":\"ImageObject\",\"inLanguage\":\"en-US\",\"@id\":\"https:\/\/plano.com.br\/v1\/produtos\/conjunto-de-4-facas-1-tesoura-e-um-descascador-de-frutas\/#primaryimage\",\"url\":\"https:\/\/plano.com.br\/v1\/wp-content\/uploads\/2025\/09\/JLCUT621.jpg\",\"contentUrl\":\"https:\/\/plano.com.br\/v1\/wp-content\/uploads\/2025\/09\/JLCUT621.jpg\",\"width\":800,\"height\":800},{\"@type\":\"BreadcrumbList\",\"@id\":\"https:\/\/plano.com.br\/v1\/produtos\/conjunto-de-4-facas-1-tesoura-e-um-descascador-de-frutas\/#breadcrumb\",\"itemListElement\":[{\"@type\":\"ListItem\",\"position\":1,\"name\":\"Home\",\"item\":\"https:\/\/plano.com.br\/v1\/\"},{\"@type\":\"ListItem\",\"position\":2,\"name\":\"Produtos\",\"item\":\"https:\/\/plano.com.br\/v1\/en\/produtos\/\"},{\"@type\":\"ListItem\",\"position\":3,\"name\":\"Conjunto de 4 facas, 1 tesoura e um descascador de frutas\"}]},{\"@type\":\"WebSite\",\"@id\":\"https:\/\/plano.com.br\/v1\/#website\",\"url\":\"https:\/\/plano.com.br\/v1\/\",\"name\":\"Plano Propaganda\",\"description\":\"Brindes corporativos e personalizados\",\"publisher\":{\"@id\":\"https:\/\/plano.com.br\/v1\/#organization\"},\"potentialAction\":[{\"@type\":\"SearchAction\",\"target\":{\"@type\":\"EntryPoint\",\"urlTemplate\":\"https:\/\/plano.com.br\/v1\/?s={search_term_string}\"},\"query-input\":{\"@type\":\"PropertyValueSpecification\",\"valueRequired\":true,\"valueName\":\"search_term_string\"}}],\"inLanguage\":\"en-US\"},{\"@type\":\"Organization\",\"@id\":\"https:\/\/plano.com.br\/v1\/#organization\",\"name\":\"Plano Propaganda\",\"url\":\"https:\/\/plano.com.br\/v1\/\",\"logo\":{\"@type\":\"ImageObject\",\"inLanguage\":\"en-US\",\"@id\":\"https:\/\/plano.com.br\/v1\/#\/schema\/logo\/image\/\",\"url\":\"https:\/\/plano.com.br\/v1\/wp-content\/uploads\/2025\/12\/cropped-logo-plano-propaganda-58anos.jpg\",\"contentUrl\":\"https:\/\/plano.com.br\/v1\/wp-content\/uploads\/2025\/12\/cropped-logo-plano-propaganda-58anos.jpg\",\"width\":598,\"height\":188,\"caption\":\"Plano Propaganda\"},\"image\":{\"@id\":\"https:\/\/plano.com.br\/v1\/#\/schema\/logo\/image\/\"}}]}<\/script>\n<!-- \/ Yoast SEO plugin. -->","yoast_head_json":{"title":"Conjunto de 4 facas, 1 tesoura e um descascador de frutas - Plano Propaganda","description":"Conjunto de 4 facas , 1 tesoura e um descascador de frutas em a\u00e7o inox da grife Jaques Laffit com cabo em resina preta. Com grava\u00e7\u00e3o na l\u00e2mina da faca maior ou na plaqueta do estojo com ber\u00e7o em eva.","robots":{"index":"index","follow":"follow","max-snippet":"max-snippet:-1","max-image-preview":"max-image-preview:large","max-video-preview":"max-video-preview:-1"},"canonical":"https:\/\/plano.com.br\/v1\/en\/produtos\/conjunto-de-4-facas-1-tesoura-e-um-descascador-de-frutas\/","og_locale":"en_US","og_type":"article","og_title":"Conjunto de 4 facas, 1 tesoura e um descascador de frutas - Plano Propaganda","og_description":"Conjunto de 4 facas , 1 tesoura e um descascador de frutas em a\u00e7o inox da grife Jaques Laffit com cabo em resina preta. Com grava\u00e7\u00e3o na l\u00e2mina da faca maior ou na plaqueta do estojo com ber\u00e7o em eva.","og_url":"https:\/\/plano.com.br\/v1\/en\/produtos\/conjunto-de-4-facas-1-tesoura-e-um-descascador-de-frutas\/","og_site_name":"Plano Propaganda","article_modified_time":"2026-03-11T17:06:50+00:00","og_image":[{"width":800,"height":800,"url":"https:\/\/plano.com.br\/v1\/wp-content\/uploads\/2025\/09\/JLCUT621.jpg","type":"image\/jpeg"}],"twitter_card":"summary_large_image","twitter_misc":{"Est. reading time":"1 minute"},"schema":{"@context":"https:\/\/schema.org","@graph":[{"@type":"WebPage","@id":"https:\/\/plano.com.br\/v1\/produtos\/conjunto-de-4-facas-1-tesoura-e-um-descascador-de-frutas\/","url":"https:\/\/plano.com.br\/v1\/produtos\/conjunto-de-4-facas-1-tesoura-e-um-descascador-de-frutas\/","name":"Conjunto de 4 facas, 1 tesoura e um descascador de frutas - Plano Propaganda","isPartOf":{"@id":"https:\/\/plano.com.br\/v1\/#website"},"primaryImageOfPage":{"@id":"https:\/\/plano.com.br\/v1\/produtos\/conjunto-de-4-facas-1-tesoura-e-um-descascador-de-frutas\/#primaryimage"},"image":{"@id":"https:\/\/plano.com.br\/v1\/produtos\/conjunto-de-4-facas-1-tesoura-e-um-descascador-de-frutas\/#primaryimage"},"thumbnailUrl":"https:\/\/plano.com.br\/v1\/wp-content\/uploads\/2025\/09\/JLCUT621.jpg","datePublished":"2025-09-10T13:18:25+00:00","dateModified":"2026-03-11T17:06:50+00:00","description":"Conjunto de 4 facas , 1 tesoura e um descascador de frutas em a\u00e7o inox da grife Jaques Laffit com cabo em resina preta. Com grava\u00e7\u00e3o na l\u00e2mina da faca maior ou na plaqueta do estojo com ber\u00e7o em eva.","breadcrumb":{"@id":"https:\/\/plano.com.br\/v1\/produtos\/conjunto-de-4-facas-1-tesoura-e-um-descascador-de-frutas\/#breadcrumb"},"inLanguage":"en-US","potentialAction":[{"@type":"ReadAction","target":["https:\/\/plano.com.br\/v1\/produtos\/conjunto-de-4-facas-1-tesoura-e-um-descascador-de-frutas\/"]}]},{"@type":"ImageObject","inLanguage":"en-US","@id":"https:\/\/plano.com.br\/v1\/produtos\/conjunto-de-4-facas-1-tesoura-e-um-descascador-de-frutas\/#primaryimage","url":"https:\/\/plano.com.br\/v1\/wp-content\/uploads\/2025\/09\/JLCUT621.jpg","contentUrl":"https:\/\/plano.com.br\/v1\/wp-content\/uploads\/2025\/09\/JLCUT621.jpg","width":800,"height":800},{"@type":"BreadcrumbList","@id":"https:\/\/plano.com.br\/v1\/produtos\/conjunto-de-4-facas-1-tesoura-e-um-descascador-de-frutas\/#breadcrumb","itemListElement":[{"@type":"ListItem","position":1,"name":"Home","item":"https:\/\/plano.com.br\/v1\/"},{"@type":"ListItem","position":2,"name":"Produtos","item":"https:\/\/plano.com.br\/v1\/en\/produtos\/"},{"@type":"ListItem","position":3,"name":"Conjunto de 4 facas, 1 tesoura e um descascador de frutas"}]},{"@type":"WebSite","@id":"https:\/\/plano.com.br\/v1\/#website","url":"https:\/\/plano.com.br\/v1\/","name":"Plano Propaganda","description":"Brindes corporativos e personalizados","publisher":{"@id":"https:\/\/plano.com.br\/v1\/#organization"},"potentialAction":[{"@type":"SearchAction","target":{"@type":"EntryPoint","urlTemplate":"https:\/\/plano.com.br\/v1\/?s={search_term_string}"},"query-input":{"@type":"PropertyValueSpecification","valueRequired":true,"valueName":"search_term_string"}}],"inLanguage":"en-US"},{"@type":"Organization","@id":"https:\/\/plano.com.br\/v1\/#organization","name":"Plano Propaganda","url":"https:\/\/plano.com.br\/v1\/","logo":{"@type":"ImageObject","inLanguage":"en-US","@id":"https:\/\/plano.com.br\/v1\/#\/schema\/logo\/image\/","url":"https:\/\/plano.com.br\/v1\/wp-content\/uploads\/2025\/12\/cropped-logo-plano-propaganda-58anos.jpg","contentUrl":"https:\/\/plano.com.br\/v1\/wp-content\/uploads\/2025\/12\/cropped-logo-plano-propaganda-58anos.jpg","width":598,"height":188,"caption":"Plano Propaganda"},"image":{"@id":"https:\/\/plano.com.br\/v1\/#\/schema\/logo\/image\/"}}]}},"_links":{"self":[{"href":"https:\/\/plano.com.br\/v1\/en\/wp-json\/wp\/v2\/product\/4051","targetHints":{"allow":["GET"]}}],"collection":[{"href":"https:\/\/plano.com.br\/v1\/en\/wp-json\/wp\/v2\/product"}],"about":[{"href":"https:\/\/plano.com.br\/v1\/en\/wp-json\/wp\/v2\/types\/product"}],"replies":[{"embeddable":true,"href":"https:\/\/plano.com.br\/v1\/en\/wp-json\/wp\/v2\/comments?post=4051"}],"wp:featuredmedia":[{"embeddable":true,"href":"https:\/\/plano.com.br\/v1\/en\/wp-json\/wp\/v2\/media\/4052"}],"wp:attachment":[{"href":"https:\/\/plano.com.br\/v1\/en\/wp-json\/wp\/v2\/media?parent=4051"}],"wp:term":[{"taxonomy":"product_brand","embeddable":true,"href":"https:\/\/plano.com.br\/v1\/en\/wp-json\/wp\/v2\/product_brand?post=4051"},{"taxonomy":"product_cat","embeddable":true,"href":"https:\/\/plano.com.br\/v1\/en\/wp-json\/wp\/v2\/product_cat?post=4051"},{"taxonomy":"product_tag","embeddable":true,"href":"https:\/\/plano.com.br\/v1\/en\/wp-json\/wp\/v2\/product_tag?post=4051"}],"curies":[{"name":"wp","href":"https:\/\/api.w.org\/{rel}","templated":true}]}}