{"id":991,"date":"2024-04-05T17:28:36","date_gmt":"2024-04-05T17:28:36","guid":{"rendered":"http:\/\/br566.teste.website\/~planoc07\/v1\/?post_type=product&#038;p=991"},"modified":"2026-03-12T19:07:37","modified_gmt":"2026-03-12T19:07:37","slug":"caixa-de-som-multimidia-com-relogio-digital","status":"publish","type":"product","link":"https:\/\/plano.com.br\/v1\/en\/produtos\/caixa-de-som-multimidia-com-relogio-digital\/","title":{"rendered":"Caixa de som multim\u00eddia com rel\u00f3gio digital"},"content":{"rendered":"<p>Caixa de som multim\u00eddia com rel\u00f3gio digital em pl\u00e1stico emborrachado abs branco ou preto. Cont\u00e9m tela em tecido, display digital, entrada cart\u00e3o, alarme, atende telefone, entrada 5 w, cabo usb. Impress\u00e3o em tampografia<\/p>","protected":false},"excerpt":{"rendered":"<p>Caixa de som multim\u00eddia com rel\u00f3gio digital<\/p>","protected":false},"featured_media":1590,"comment_status":"open","ping_status":"closed","template":"","meta":[],"product_brand":[],"product_cat":[37],"product_tag":[],"class_list":{"0":"post-991","1":"product","2":"type-product","3":"status-publish","4":"has-post-thumbnail","6":"product_cat-brindes-de-tecnologia","8":"first","9":"onbackorder","10":"taxable","11":"shipping-taxable","12":"product-type-simple"},"yoast_head":"<!-- This site is optimized with the Yoast SEO plugin v27.2 - https:\/\/yoast.com\/product\/yoast-seo-wordpress\/ -->\n<title>Caixa de som multim\u00eddia com rel\u00f3gio digital - Plano Propaganda<\/title>\n<meta name=\"description\" content=\"Caixa de som multim\u00eddia com rel\u00f3gio digital em pl\u00e1stico emborrachado abs branco ou preto, tela em tecido, display digital, entrada cart\u00e3o, alarme, atende telefone, entrda 5 w, cabo usb, impress\u00e3o em tampografia\" \/>\n<meta name=\"robots\" content=\"index, follow, max-snippet:-1, max-image-preview:large, max-video-preview:-1\" \/>\n<link rel=\"canonical\" href=\"https:\/\/plano.com.br\/v1\/en\/produtos\/caixa-de-som-multimidia-com-relogio-digital\/\" \/>\n<meta property=\"og:locale\" content=\"en_US\" \/>\n<meta property=\"og:type\" content=\"article\" \/>\n<meta property=\"og:title\" content=\"Caixa de som multim\u00eddia com rel\u00f3gio digital - Plano Propaganda\" \/>\n<meta property=\"og:description\" content=\"Caixa de som multim\u00eddia com rel\u00f3gio digital em pl\u00e1stico emborrachado abs branco ou preto, tela em tecido, display digital, entrada cart\u00e3o, alarme, atende telefone, entrda 5 w, cabo usb, impress\u00e3o em tampografia\" \/>\n<meta property=\"og:url\" content=\"https:\/\/plano.com.br\/v1\/en\/produtos\/caixa-de-som-multimidia-com-relogio-digital\/\" \/>\n<meta property=\"og:site_name\" content=\"Plano Propaganda\" \/>\n<meta property=\"article:modified_time\" content=\"2026-03-12T19:07:37+00:00\" \/>\n<meta property=\"og:image\" content=\"https:\/\/plano.com.br\/v1\/wp-content\/uploads\/2024\/04\/pltec150-pixelcut.jpg\" \/>\n\t<meta property=\"og:image:width\" content=\"800\" \/>\n\t<meta property=\"og:image:height\" content=\"800\" \/>\n\t<meta property=\"og:image:type\" content=\"image\/jpeg\" \/>\n<meta name=\"twitter:card\" content=\"summary_large_image\" \/>\n<meta name=\"twitter:label1\" content=\"Est. reading time\" \/>\n\t<meta name=\"twitter:data1\" content=\"1 minute\" \/>\n<script type=\"application\/ld+json\" class=\"yoast-schema-graph\">{\"@context\":\"https:\/\/schema.org\",\"@graph\":[{\"@type\":\"WebPage\",\"@id\":\"https:\/\/plano.com.br\/v1\/produtos\/caixa-de-som-multimidia-com-relogio-digital\/\",\"url\":\"https:\/\/plano.com.br\/v1\/produtos\/caixa-de-som-multimidia-com-relogio-digital\/\",\"name\":\"Caixa de som multim\u00eddia com rel\u00f3gio digital - Plano Propaganda\",\"isPartOf\":{\"@id\":\"https:\/\/plano.com.br\/v1\/#website\"},\"primaryImageOfPage\":{\"@id\":\"https:\/\/plano.com.br\/v1\/produtos\/caixa-de-som-multimidia-com-relogio-digital\/#primaryimage\"},\"image\":{\"@id\":\"https:\/\/plano.com.br\/v1\/produtos\/caixa-de-som-multimidia-com-relogio-digital\/#primaryimage\"},\"thumbnailUrl\":\"https:\/\/plano.com.br\/v1\/wp-content\/uploads\/2024\/04\/pltec150-pixelcut.jpg\",\"datePublished\":\"2024-04-05T17:28:36+00:00\",\"dateModified\":\"2026-03-12T19:07:37+00:00\",\"description\":\"Caixa de som multim\u00eddia com rel\u00f3gio digital em pl\u00e1stico emborrachado abs branco ou preto, tela em tecido, display digital, entrada cart\u00e3o, alarme, atende telefone, entrda 5 w, cabo usb, impress\u00e3o em tampografia\",\"breadcrumb\":{\"@id\":\"https:\/\/plano.com.br\/v1\/produtos\/caixa-de-som-multimidia-com-relogio-digital\/#breadcrumb\"},\"inLanguage\":\"en-US\",\"potentialAction\":[{\"@type\":\"ReadAction\",\"target\":[\"https:\/\/plano.com.br\/v1\/produtos\/caixa-de-som-multimidia-com-relogio-digital\/\"]}]},{\"@type\":\"ImageObject\",\"inLanguage\":\"en-US\",\"@id\":\"https:\/\/plano.com.br\/v1\/produtos\/caixa-de-som-multimidia-com-relogio-digital\/#primaryimage\",\"url\":\"https:\/\/plano.com.br\/v1\/wp-content\/uploads\/2024\/04\/pltec150-pixelcut.jpg\",\"contentUrl\":\"https:\/\/plano.com.br\/v1\/wp-content\/uploads\/2024\/04\/pltec150-pixelcut.jpg\",\"width\":800,\"height\":800},{\"@type\":\"BreadcrumbList\",\"@id\":\"https:\/\/plano.com.br\/v1\/produtos\/caixa-de-som-multimidia-com-relogio-digital\/#breadcrumb\",\"itemListElement\":[{\"@type\":\"ListItem\",\"position\":1,\"name\":\"Home\",\"item\":\"https:\/\/plano.com.br\/v1\/\"},{\"@type\":\"ListItem\",\"position\":2,\"name\":\"Produtos\",\"item\":\"https:\/\/plano.com.br\/v1\/en\/produtos\/\"},{\"@type\":\"ListItem\",\"position\":3,\"name\":\"Caixa de som multim\u00eddia com rel\u00f3gio digital\"}]},{\"@type\":\"WebSite\",\"@id\":\"https:\/\/plano.com.br\/v1\/#website\",\"url\":\"https:\/\/plano.com.br\/v1\/\",\"name\":\"Plano Propaganda\",\"description\":\"Brindes corporativos e personalizados\",\"publisher\":{\"@id\":\"https:\/\/plano.com.br\/v1\/#organization\"},\"potentialAction\":[{\"@type\":\"SearchAction\",\"target\":{\"@type\":\"EntryPoint\",\"urlTemplate\":\"https:\/\/plano.com.br\/v1\/?s={search_term_string}\"},\"query-input\":{\"@type\":\"PropertyValueSpecification\",\"valueRequired\":true,\"valueName\":\"search_term_string\"}}],\"inLanguage\":\"en-US\"},{\"@type\":\"Organization\",\"@id\":\"https:\/\/plano.com.br\/v1\/#organization\",\"name\":\"Plano Propaganda\",\"url\":\"https:\/\/plano.com.br\/v1\/\",\"logo\":{\"@type\":\"ImageObject\",\"inLanguage\":\"en-US\",\"@id\":\"https:\/\/plano.com.br\/v1\/#\/schema\/logo\/image\/\",\"url\":\"https:\/\/plano.com.br\/v1\/wp-content\/uploads\/2025\/12\/cropped-logo-plano-propaganda-58anos.jpg\",\"contentUrl\":\"https:\/\/plano.com.br\/v1\/wp-content\/uploads\/2025\/12\/cropped-logo-plano-propaganda-58anos.jpg\",\"width\":598,\"height\":188,\"caption\":\"Plano Propaganda\"},\"image\":{\"@id\":\"https:\/\/plano.com.br\/v1\/#\/schema\/logo\/image\/\"}}]}<\/script>\n<!-- \/ Yoast SEO plugin. -->","yoast_head_json":{"title":"Caixa de som multim\u00eddia com rel\u00f3gio digital - Plano Propaganda","description":"Caixa de som multim\u00eddia com rel\u00f3gio digital em pl\u00e1stico emborrachado abs branco ou preto, tela em tecido, display digital, entrada cart\u00e3o, alarme, atende telefone, entrda 5 w, cabo usb, impress\u00e3o em tampografia","robots":{"index":"index","follow":"follow","max-snippet":"max-snippet:-1","max-image-preview":"max-image-preview:large","max-video-preview":"max-video-preview:-1"},"canonical":"https:\/\/plano.com.br\/v1\/en\/produtos\/caixa-de-som-multimidia-com-relogio-digital\/","og_locale":"en_US","og_type":"article","og_title":"Caixa de som multim\u00eddia com rel\u00f3gio digital - Plano Propaganda","og_description":"Caixa de som multim\u00eddia com rel\u00f3gio digital em pl\u00e1stico emborrachado abs branco ou preto, tela em tecido, display digital, entrada cart\u00e3o, alarme, atende telefone, entrda 5 w, cabo usb, impress\u00e3o em tampografia","og_url":"https:\/\/plano.com.br\/v1\/en\/produtos\/caixa-de-som-multimidia-com-relogio-digital\/","og_site_name":"Plano Propaganda","article_modified_time":"2026-03-12T19:07:37+00:00","og_image":[{"width":800,"height":800,"url":"https:\/\/plano.com.br\/v1\/wp-content\/uploads\/2024\/04\/pltec150-pixelcut.jpg","type":"image\/jpeg"}],"twitter_card":"summary_large_image","twitter_misc":{"Est. reading time":"1 minute"},"schema":{"@context":"https:\/\/schema.org","@graph":[{"@type":"WebPage","@id":"https:\/\/plano.com.br\/v1\/produtos\/caixa-de-som-multimidia-com-relogio-digital\/","url":"https:\/\/plano.com.br\/v1\/produtos\/caixa-de-som-multimidia-com-relogio-digital\/","name":"Caixa de som multim\u00eddia com rel\u00f3gio digital - Plano Propaganda","isPartOf":{"@id":"https:\/\/plano.com.br\/v1\/#website"},"primaryImageOfPage":{"@id":"https:\/\/plano.com.br\/v1\/produtos\/caixa-de-som-multimidia-com-relogio-digital\/#primaryimage"},"image":{"@id":"https:\/\/plano.com.br\/v1\/produtos\/caixa-de-som-multimidia-com-relogio-digital\/#primaryimage"},"thumbnailUrl":"https:\/\/plano.com.br\/v1\/wp-content\/uploads\/2024\/04\/pltec150-pixelcut.jpg","datePublished":"2024-04-05T17:28:36+00:00","dateModified":"2026-03-12T19:07:37+00:00","description":"Caixa de som multim\u00eddia com rel\u00f3gio digital em pl\u00e1stico emborrachado abs branco ou preto, tela em tecido, display digital, entrada cart\u00e3o, alarme, atende telefone, entrda 5 w, cabo usb, impress\u00e3o em tampografia","breadcrumb":{"@id":"https:\/\/plano.com.br\/v1\/produtos\/caixa-de-som-multimidia-com-relogio-digital\/#breadcrumb"},"inLanguage":"en-US","potentialAction":[{"@type":"ReadAction","target":["https:\/\/plano.com.br\/v1\/produtos\/caixa-de-som-multimidia-com-relogio-digital\/"]}]},{"@type":"ImageObject","inLanguage":"en-US","@id":"https:\/\/plano.com.br\/v1\/produtos\/caixa-de-som-multimidia-com-relogio-digital\/#primaryimage","url":"https:\/\/plano.com.br\/v1\/wp-content\/uploads\/2024\/04\/pltec150-pixelcut.jpg","contentUrl":"https:\/\/plano.com.br\/v1\/wp-content\/uploads\/2024\/04\/pltec150-pixelcut.jpg","width":800,"height":800},{"@type":"BreadcrumbList","@id":"https:\/\/plano.com.br\/v1\/produtos\/caixa-de-som-multimidia-com-relogio-digital\/#breadcrumb","itemListElement":[{"@type":"ListItem","position":1,"name":"Home","item":"https:\/\/plano.com.br\/v1\/"},{"@type":"ListItem","position":2,"name":"Produtos","item":"https:\/\/plano.com.br\/v1\/en\/produtos\/"},{"@type":"ListItem","position":3,"name":"Caixa de som multim\u00eddia com rel\u00f3gio digital"}]},{"@type":"WebSite","@id":"https:\/\/plano.com.br\/v1\/#website","url":"https:\/\/plano.com.br\/v1\/","name":"Plano Propaganda","description":"Brindes corporativos e personalizados","publisher":{"@id":"https:\/\/plano.com.br\/v1\/#organization"},"potentialAction":[{"@type":"SearchAction","target":{"@type":"EntryPoint","urlTemplate":"https:\/\/plano.com.br\/v1\/?s={search_term_string}"},"query-input":{"@type":"PropertyValueSpecification","valueRequired":true,"valueName":"search_term_string"}}],"inLanguage":"en-US"},{"@type":"Organization","@id":"https:\/\/plano.com.br\/v1\/#organization","name":"Plano Propaganda","url":"https:\/\/plano.com.br\/v1\/","logo":{"@type":"ImageObject","inLanguage":"en-US","@id":"https:\/\/plano.com.br\/v1\/#\/schema\/logo\/image\/","url":"https:\/\/plano.com.br\/v1\/wp-content\/uploads\/2025\/12\/cropped-logo-plano-propaganda-58anos.jpg","contentUrl":"https:\/\/plano.com.br\/v1\/wp-content\/uploads\/2025\/12\/cropped-logo-plano-propaganda-58anos.jpg","width":598,"height":188,"caption":"Plano Propaganda"},"image":{"@id":"https:\/\/plano.com.br\/v1\/#\/schema\/logo\/image\/"}}]}},"_links":{"self":[{"href":"https:\/\/plano.com.br\/v1\/en\/wp-json\/wp\/v2\/product\/991","targetHints":{"allow":["GET"]}}],"collection":[{"href":"https:\/\/plano.com.br\/v1\/en\/wp-json\/wp\/v2\/product"}],"about":[{"href":"https:\/\/plano.com.br\/v1\/en\/wp-json\/wp\/v2\/types\/product"}],"replies":[{"embeddable":true,"href":"https:\/\/plano.com.br\/v1\/en\/wp-json\/wp\/v2\/comments?post=991"}],"wp:featuredmedia":[{"embeddable":true,"href":"https:\/\/plano.com.br\/v1\/en\/wp-json\/wp\/v2\/media\/1590"}],"wp:attachment":[{"href":"https:\/\/plano.com.br\/v1\/en\/wp-json\/wp\/v2\/media?parent=991"}],"wp:term":[{"taxonomy":"product_brand","embeddable":true,"href":"https:\/\/plano.com.br\/v1\/en\/wp-json\/wp\/v2\/product_brand?post=991"},{"taxonomy":"product_cat","embeddable":true,"href":"https:\/\/plano.com.br\/v1\/en\/wp-json\/wp\/v2\/product_cat?post=991"},{"taxonomy":"product_tag","embeddable":true,"href":"https:\/\/plano.com.br\/v1\/en\/wp-json\/wp\/v2\/product_tag?post=991"}],"curies":[{"name":"wp","href":"https:\/\/api.w.org\/{rel}","templated":true}]}}