{"id":1970,"date":"2024-05-28T17:20:58","date_gmt":"2024-05-28T17:20:58","guid":{"rendered":"http:\/\/br566.teste.website\/~planoc07\/v1\/?post_type=product&#038;p=1970"},"modified":"2026-03-12T12:48:43","modified_gmt":"2026-03-12T12:48:43","slug":"bloco-com-caneta-e-elastico","status":"publish","type":"product","link":"https:\/\/plano.com.br\/v1\/produtos\/bloco-com-caneta-e-elastico\/","title":{"rendered":"Bloco com caneta e el\u00e1stico"},"content":{"rendered":"<div>\n<div class=\"sc-dmctIk sc-kgTSHT lgtOJR dHnDJc sc-bugHcy hrepJV\">\n<div class=\"sc-hHTYSt ehEgVP collapsible_content\">\n<section class=\"sc-jSUZER efdCtz sc-elvGZv hDlVjL\">\n<div>\n<section class=\"sc-ehVsHJ bqXuZN\">\n<div class=\"sc-iXGltN hDUXJT yst-replacevar\">\n<div class=\"sc-dsHJmm sc-jmfXTE sc-gDiTby gxJBny ghTicy eoACTi yst-replacevar__editor\">\n<div class=\"DraftEditor-root\">\n<div class=\"DraftEditor-editorContainer\">\n<div id=\"yoast-google-preview-description-metabox\" class=\"notranslate public-DraftEditor-content\" role=\"combobox\" aria-expanded=\"false\" aria-labelledby=\"replacement-variable-editor-field-14\">\n<div data-contents=\"true\">\n<div class=\"\" data-block=\"true\" data-editor=\"de1db\" data-offset-key=\"7b24j-0-0\"><\/div>\n<\/div>\n<\/div>\n<\/div>\n<\/div>\n<\/div>\n<\/div>\n<\/section>\n<\/div>\n<\/section>\n<\/div>\n<\/div>\n<\/div>\n<div>Bloco com caneta e el\u00e1stico, v\u00e1rias cores. Impress\u00e3o uma cor frontal. Fornecido em saco pl\u00e1stico<\/div>\n<div>\n<div class=\"sc-dmctIk sc-kgTSHT lgtOJR dHnDJc sc-hjjlnc waXzm\">\n<h2 class=\"sc-iMSIvx ljMQvr\"><\/h2>\n<\/div>\n<\/div>\n","protected":false},"excerpt":{"rendered":"<p>Bloco com caneta e el\u00e1stico<\/p>\n","protected":false},"featured_media":1971,"comment_status":"open","ping_status":"closed","template":"","meta":[],"product_brand":[],"product_cat":[31],"product_tag":[],"class_list":{"0":"post-1970","1":"product","2":"type-product","3":"status-publish","4":"has-post-thumbnail","6":"product_cat-agendas-blocos-e-cadernos-para-brindes","8":"first","9":"onbackorder","10":"taxable","11":"shipping-taxable","12":"product-type-simple"},"yoast_head":"<!-- This site is optimized with the Yoast SEO plugin v27.2 - https:\/\/yoast.com\/product\/yoast-seo-wordpress\/ -->\n<title>Bloco com caneta e el\u00e1stico - Plano Propaganda<\/title>\n<meta name=\"description\" content=\"Bloco com caneta e el\u00e1stico, v\u00e1rias cores. Impress\u00e3o uma cor frontal. Fornecido em saco pl\u00e1stico\" \/>\n<meta name=\"robots\" content=\"index, follow, max-snippet:-1, max-image-preview:large, max-video-preview:-1\" \/>\n<link rel=\"canonical\" href=\"https:\/\/plano.com.br\/v1\/produtos\/bloco-com-caneta-e-elastico\/\" \/>\n<meta property=\"og:locale\" content=\"pt_PT\" \/>\n<meta property=\"og:type\" content=\"article\" \/>\n<meta property=\"og:title\" content=\"Bloco com caneta e el\u00e1stico - Plano Propaganda\" \/>\n<meta property=\"og:description\" content=\"Bloco com caneta e el\u00e1stico, v\u00e1rias cores. Impress\u00e3o uma cor frontal. Fornecido em saco pl\u00e1stico\" \/>\n<meta property=\"og:url\" content=\"https:\/\/plano.com.br\/v1\/produtos\/bloco-com-caneta-e-elastico\/\" \/>\n<meta property=\"og:site_name\" content=\"Plano Propaganda\" \/>\n<meta property=\"article:modified_time\" content=\"2026-03-12T12:48:43+00:00\" \/>\n<meta property=\"og:image\" content=\"https:\/\/plano.com.br\/v1\/wp-content\/uploads\/2024\/05\/PL-BL-034-pixelcut.jpg\" \/>\n\t<meta property=\"og:image:width\" content=\"800\" \/>\n\t<meta property=\"og:image:height\" content=\"800\" \/>\n\t<meta property=\"og:image:type\" content=\"image\/jpeg\" \/>\n<meta name=\"twitter:card\" content=\"summary_large_image\" \/>\n<meta name=\"twitter:label1\" content=\"Tempo estimado de leitura\" \/>\n\t<meta name=\"twitter:data1\" content=\"1 minuto\" \/>\n<script type=\"application\/ld+json\" class=\"yoast-schema-graph\">{\"@context\":\"https:\/\/schema.org\",\"@graph\":[{\"@type\":\"WebPage\",\"@id\":\"https:\/\/plano.com.br\/v1\/produtos\/bloco-com-caneta-e-elastico\/\",\"url\":\"https:\/\/plano.com.br\/v1\/produtos\/bloco-com-caneta-e-elastico\/\",\"name\":\"Bloco com caneta e el\u00e1stico - Plano Propaganda\",\"isPartOf\":{\"@id\":\"https:\/\/plano.com.br\/v1\/#website\"},\"primaryImageOfPage\":{\"@id\":\"https:\/\/plano.com.br\/v1\/produtos\/bloco-com-caneta-e-elastico\/#primaryimage\"},\"image\":{\"@id\":\"https:\/\/plano.com.br\/v1\/produtos\/bloco-com-caneta-e-elastico\/#primaryimage\"},\"thumbnailUrl\":\"https:\/\/plano.com.br\/v1\/wp-content\/uploads\/2024\/05\/PL-BL-034-pixelcut.jpg\",\"datePublished\":\"2024-05-28T17:20:58+00:00\",\"dateModified\":\"2026-03-12T12:48:43+00:00\",\"description\":\"Bloco com caneta e el\u00e1stico, v\u00e1rias cores. Impress\u00e3o uma cor frontal. Fornecido em saco pl\u00e1stico\",\"breadcrumb\":{\"@id\":\"https:\/\/plano.com.br\/v1\/produtos\/bloco-com-caneta-e-elastico\/#breadcrumb\"},\"inLanguage\":\"pt-PT\",\"potentialAction\":[{\"@type\":\"ReadAction\",\"target\":[\"https:\/\/plano.com.br\/v1\/produtos\/bloco-com-caneta-e-elastico\/\"]}]},{\"@type\":\"ImageObject\",\"inLanguage\":\"pt-PT\",\"@id\":\"https:\/\/plano.com.br\/v1\/produtos\/bloco-com-caneta-e-elastico\/#primaryimage\",\"url\":\"https:\/\/plano.com.br\/v1\/wp-content\/uploads\/2024\/05\/PL-BL-034-pixelcut.jpg\",\"contentUrl\":\"https:\/\/plano.com.br\/v1\/wp-content\/uploads\/2024\/05\/PL-BL-034-pixelcut.jpg\",\"width\":800,\"height\":800},{\"@type\":\"BreadcrumbList\",\"@id\":\"https:\/\/plano.com.br\/v1\/produtos\/bloco-com-caneta-e-elastico\/#breadcrumb\",\"itemListElement\":[{\"@type\":\"ListItem\",\"position\":1,\"name\":\"Home\",\"item\":\"https:\/\/plano.com.br\/v1\/\"},{\"@type\":\"ListItem\",\"position\":2,\"name\":\"Produtos\",\"item\":\"https:\/\/plano.com.br\/v1\/en\/produtos\/\"},{\"@type\":\"ListItem\",\"position\":3,\"name\":\"Bloco com caneta e el\u00e1stico\"}]},{\"@type\":\"WebSite\",\"@id\":\"https:\/\/plano.com.br\/v1\/#website\",\"url\":\"https:\/\/plano.com.br\/v1\/\",\"name\":\"Plano Propaganda\",\"description\":\"Brindes corporativos e personalizados\",\"publisher\":{\"@id\":\"https:\/\/plano.com.br\/v1\/#organization\"},\"potentialAction\":[{\"@type\":\"SearchAction\",\"target\":{\"@type\":\"EntryPoint\",\"urlTemplate\":\"https:\/\/plano.com.br\/v1\/?s={search_term_string}\"},\"query-input\":{\"@type\":\"PropertyValueSpecification\",\"valueRequired\":true,\"valueName\":\"search_term_string\"}}],\"inLanguage\":\"pt-PT\"},{\"@type\":\"Organization\",\"@id\":\"https:\/\/plano.com.br\/v1\/#organization\",\"name\":\"Plano Propaganda\",\"url\":\"https:\/\/plano.com.br\/v1\/\",\"logo\":{\"@type\":\"ImageObject\",\"inLanguage\":\"pt-PT\",\"@id\":\"https:\/\/plano.com.br\/v1\/#\/schema\/logo\/image\/\",\"url\":\"https:\/\/plano.com.br\/v1\/wp-content\/uploads\/2025\/12\/cropped-logo-plano-propaganda-58anos.jpg\",\"contentUrl\":\"https:\/\/plano.com.br\/v1\/wp-content\/uploads\/2025\/12\/cropped-logo-plano-propaganda-58anos.jpg\",\"width\":598,\"height\":188,\"caption\":\"Plano Propaganda\"},\"image\":{\"@id\":\"https:\/\/plano.com.br\/v1\/#\/schema\/logo\/image\/\"}}]}<\/script>\n<!-- \/ Yoast SEO plugin. -->","yoast_head_json":{"title":"Bloco com caneta e el\u00e1stico - Plano Propaganda","description":"Bloco com caneta e el\u00e1stico, v\u00e1rias cores. Impress\u00e3o uma cor frontal. Fornecido em saco pl\u00e1stico","robots":{"index":"index","follow":"follow","max-snippet":"max-snippet:-1","max-image-preview":"max-image-preview:large","max-video-preview":"max-video-preview:-1"},"canonical":"https:\/\/plano.com.br\/v1\/produtos\/bloco-com-caneta-e-elastico\/","og_locale":"pt_PT","og_type":"article","og_title":"Bloco com caneta e el\u00e1stico - Plano Propaganda","og_description":"Bloco com caneta e el\u00e1stico, v\u00e1rias cores. Impress\u00e3o uma cor frontal. Fornecido em saco pl\u00e1stico","og_url":"https:\/\/plano.com.br\/v1\/produtos\/bloco-com-caneta-e-elastico\/","og_site_name":"Plano Propaganda","article_modified_time":"2026-03-12T12:48:43+00:00","og_image":[{"width":800,"height":800,"url":"https:\/\/plano.com.br\/v1\/wp-content\/uploads\/2024\/05\/PL-BL-034-pixelcut.jpg","type":"image\/jpeg"}],"twitter_card":"summary_large_image","twitter_misc":{"Tempo estimado de leitura":"1 minuto"},"schema":{"@context":"https:\/\/schema.org","@graph":[{"@type":"WebPage","@id":"https:\/\/plano.com.br\/v1\/produtos\/bloco-com-caneta-e-elastico\/","url":"https:\/\/plano.com.br\/v1\/produtos\/bloco-com-caneta-e-elastico\/","name":"Bloco com caneta e el\u00e1stico - Plano Propaganda","isPartOf":{"@id":"https:\/\/plano.com.br\/v1\/#website"},"primaryImageOfPage":{"@id":"https:\/\/plano.com.br\/v1\/produtos\/bloco-com-caneta-e-elastico\/#primaryimage"},"image":{"@id":"https:\/\/plano.com.br\/v1\/produtos\/bloco-com-caneta-e-elastico\/#primaryimage"},"thumbnailUrl":"https:\/\/plano.com.br\/v1\/wp-content\/uploads\/2024\/05\/PL-BL-034-pixelcut.jpg","datePublished":"2024-05-28T17:20:58+00:00","dateModified":"2026-03-12T12:48:43+00:00","description":"Bloco com caneta e el\u00e1stico, v\u00e1rias cores. Impress\u00e3o uma cor frontal. Fornecido em saco pl\u00e1stico","breadcrumb":{"@id":"https:\/\/plano.com.br\/v1\/produtos\/bloco-com-caneta-e-elastico\/#breadcrumb"},"inLanguage":"pt-PT","potentialAction":[{"@type":"ReadAction","target":["https:\/\/plano.com.br\/v1\/produtos\/bloco-com-caneta-e-elastico\/"]}]},{"@type":"ImageObject","inLanguage":"pt-PT","@id":"https:\/\/plano.com.br\/v1\/produtos\/bloco-com-caneta-e-elastico\/#primaryimage","url":"https:\/\/plano.com.br\/v1\/wp-content\/uploads\/2024\/05\/PL-BL-034-pixelcut.jpg","contentUrl":"https:\/\/plano.com.br\/v1\/wp-content\/uploads\/2024\/05\/PL-BL-034-pixelcut.jpg","width":800,"height":800},{"@type":"BreadcrumbList","@id":"https:\/\/plano.com.br\/v1\/produtos\/bloco-com-caneta-e-elastico\/#breadcrumb","itemListElement":[{"@type":"ListItem","position":1,"name":"Home","item":"https:\/\/plano.com.br\/v1\/"},{"@type":"ListItem","position":2,"name":"Produtos","item":"https:\/\/plano.com.br\/v1\/en\/produtos\/"},{"@type":"ListItem","position":3,"name":"Bloco com caneta e el\u00e1stico"}]},{"@type":"WebSite","@id":"https:\/\/plano.com.br\/v1\/#website","url":"https:\/\/plano.com.br\/v1\/","name":"Plano Propaganda","description":"Brindes corporativos e personalizados","publisher":{"@id":"https:\/\/plano.com.br\/v1\/#organization"},"potentialAction":[{"@type":"SearchAction","target":{"@type":"EntryPoint","urlTemplate":"https:\/\/plano.com.br\/v1\/?s={search_term_string}"},"query-input":{"@type":"PropertyValueSpecification","valueRequired":true,"valueName":"search_term_string"}}],"inLanguage":"pt-PT"},{"@type":"Organization","@id":"https:\/\/plano.com.br\/v1\/#organization","name":"Plano Propaganda","url":"https:\/\/plano.com.br\/v1\/","logo":{"@type":"ImageObject","inLanguage":"pt-PT","@id":"https:\/\/plano.com.br\/v1\/#\/schema\/logo\/image\/","url":"https:\/\/plano.com.br\/v1\/wp-content\/uploads\/2025\/12\/cropped-logo-plano-propaganda-58anos.jpg","contentUrl":"https:\/\/plano.com.br\/v1\/wp-content\/uploads\/2025\/12\/cropped-logo-plano-propaganda-58anos.jpg","width":598,"height":188,"caption":"Plano Propaganda"},"image":{"@id":"https:\/\/plano.com.br\/v1\/#\/schema\/logo\/image\/"}}]}},"_links":{"self":[{"href":"https:\/\/plano.com.br\/v1\/wp-json\/wp\/v2\/product\/1970","targetHints":{"allow":["GET"]}}],"collection":[{"href":"https:\/\/plano.com.br\/v1\/wp-json\/wp\/v2\/product"}],"about":[{"href":"https:\/\/plano.com.br\/v1\/wp-json\/wp\/v2\/types\/product"}],"replies":[{"embeddable":true,"href":"https:\/\/plano.com.br\/v1\/wp-json\/wp\/v2\/comments?post=1970"}],"wp:featuredmedia":[{"embeddable":true,"href":"https:\/\/plano.com.br\/v1\/wp-json\/wp\/v2\/media\/1971"}],"wp:attachment":[{"href":"https:\/\/plano.com.br\/v1\/wp-json\/wp\/v2\/media?parent=1970"}],"wp:term":[{"taxonomy":"product_brand","embeddable":true,"href":"https:\/\/plano.com.br\/v1\/wp-json\/wp\/v2\/product_brand?post=1970"},{"taxonomy":"product_cat","embeddable":true,"href":"https:\/\/plano.com.br\/v1\/wp-json\/wp\/v2\/product_cat?post=1970"},{"taxonomy":"product_tag","embeddable":true,"href":"https:\/\/plano.com.br\/v1\/wp-json\/wp\/v2\/product_tag?post=1970"}],"curies":[{"name":"wp","href":"https:\/\/api.w.org\/{rel}","templated":true}]}}