{"id":2064,"date":"2024-06-05T13:44:56","date_gmt":"2024-06-05T13:44:56","guid":{"rendered":"http:\/\/br566.teste.website\/~planoc07\/v1\/?post_type=product&#038;p=2064"},"modified":"2026-03-26T17:15:05","modified_gmt":"2026-03-26T17:15:05","slug":"tabua-em-bambu-para-aperitivos","status":"publish","type":"product","link":"https:\/\/plano.com.br\/v1\/produtos\/tabua-em-bambu-para-aperitivos\/","title":{"rendered":"T\u00e1bua em bambu para aperitivos"},"content":{"rendered":"<p>T\u00e1bua em bambu para aperitivos com 2 utens\u00edlios, 31 x 18 cm<\/p>\n","protected":false},"excerpt":{"rendered":"<p>PL LAR 93830 &#8211; T\u00e1bua em bambu para aperitivos<\/p>\n","protected":false},"featured_media":2067,"comment_status":"open","ping_status":"closed","template":"","meta":[],"product_brand":[],"product_cat":[71,68],"product_tag":[],"class_list":{"0":"post-2064","1":"product","2":"type-product","3":"status-publish","4":"has-post-thumbnail","6":"product_cat-artigos-sustentaveis-para-brindes","7":"product_cat-brindes-em-artigos-para-o-lar","9":"first","10":"onbackorder","11":"taxable","12":"shipping-taxable","13":"purchasable","14":"product-type-simple"},"yoast_head":"<!-- This site is optimized with the Yoast SEO plugin v27.2 - https:\/\/yoast.com\/product\/yoast-seo-wordpress\/ -->\n<title>T\u00e1bua em bambu para aperitivos - Plano Propaganda<\/title>\n<meta name=\"description\" content=\"T\u00e1bua em bambu para aperitivos com 2 utens\u00edlios, 31 x 18 cm\" \/>\n<meta name=\"robots\" content=\"index, follow, max-snippet:-1, max-image-preview:large, max-video-preview:-1\" \/>\n<link rel=\"canonical\" href=\"https:\/\/plano.com.br\/v1\/produtos\/tabua-em-bambu-para-aperitivos\/\" \/>\n<meta property=\"og:locale\" content=\"pt_PT\" \/>\n<meta property=\"og:type\" content=\"article\" \/>\n<meta property=\"og:title\" content=\"T\u00e1bua em bambu para aperitivos - Plano Propaganda\" \/>\n<meta property=\"og:description\" content=\"T\u00e1bua em bambu para aperitivos com 2 utens\u00edlios, 31 x 18 cm\" \/>\n<meta property=\"og:url\" content=\"https:\/\/plano.com.br\/v1\/produtos\/tabua-em-bambu-para-aperitivos\/\" \/>\n<meta property=\"og:site_name\" content=\"Plano Propaganda\" \/>\n<meta property=\"article:modified_time\" content=\"2026-03-26T17:15:05+00:00\" \/>\n<meta property=\"og:image\" content=\"https:\/\/plano.com.br\/v1\/wp-content\/uploads\/2024\/06\/PLLAR93830_set.jpg\" \/>\n\t<meta property=\"og:image:width\" content=\"800\" \/>\n\t<meta property=\"og:image:height\" content=\"800\" \/>\n\t<meta property=\"og:image:type\" content=\"image\/jpeg\" \/>\n<meta name=\"twitter:card\" content=\"summary_large_image\" \/>\n<meta name=\"twitter:label1\" content=\"Tempo estimado de leitura\" \/>\n\t<meta name=\"twitter:data1\" content=\"1 minuto\" \/>\n<script type=\"application\/ld+json\" class=\"yoast-schema-graph\">{\"@context\":\"https:\/\/schema.org\",\"@graph\":[{\"@type\":\"WebPage\",\"@id\":\"https:\/\/plano.com.br\/v1\/produtos\/tabua-em-bambu-para-aperitivos\/\",\"url\":\"https:\/\/plano.com.br\/v1\/produtos\/tabua-em-bambu-para-aperitivos\/\",\"name\":\"T\u00e1bua em bambu para aperitivos - Plano Propaganda\",\"isPartOf\":{\"@id\":\"https:\/\/plano.com.br\/v1\/#website\"},\"primaryImageOfPage\":{\"@id\":\"https:\/\/plano.com.br\/v1\/produtos\/tabua-em-bambu-para-aperitivos\/#primaryimage\"},\"image\":{\"@id\":\"https:\/\/plano.com.br\/v1\/produtos\/tabua-em-bambu-para-aperitivos\/#primaryimage\"},\"thumbnailUrl\":\"https:\/\/plano.com.br\/v1\/wp-content\/uploads\/2024\/06\/PLLAR93830_set.jpg\",\"datePublished\":\"2024-06-05T13:44:56+00:00\",\"dateModified\":\"2026-03-26T17:15:05+00:00\",\"description\":\"T\u00e1bua em bambu para aperitivos com 2 utens\u00edlios, 31 x 18 cm\",\"breadcrumb\":{\"@id\":\"https:\/\/plano.com.br\/v1\/produtos\/tabua-em-bambu-para-aperitivos\/#breadcrumb\"},\"inLanguage\":\"pt-PT\",\"potentialAction\":[{\"@type\":\"ReadAction\",\"target\":[\"https:\/\/plano.com.br\/v1\/produtos\/tabua-em-bambu-para-aperitivos\/\"]}]},{\"@type\":\"ImageObject\",\"inLanguage\":\"pt-PT\",\"@id\":\"https:\/\/plano.com.br\/v1\/produtos\/tabua-em-bambu-para-aperitivos\/#primaryimage\",\"url\":\"https:\/\/plano.com.br\/v1\/wp-content\/uploads\/2024\/06\/PLLAR93830_set.jpg\",\"contentUrl\":\"https:\/\/plano.com.br\/v1\/wp-content\/uploads\/2024\/06\/PLLAR93830_set.jpg\",\"width\":800,\"height\":800},{\"@type\":\"BreadcrumbList\",\"@id\":\"https:\/\/plano.com.br\/v1\/produtos\/tabua-em-bambu-para-aperitivos\/#breadcrumb\",\"itemListElement\":[{\"@type\":\"ListItem\",\"position\":1,\"name\":\"Home\",\"item\":\"https:\/\/plano.com.br\/v1\/\"},{\"@type\":\"ListItem\",\"position\":2,\"name\":\"Produtos\",\"item\":\"https:\/\/plano.com.br\/v1\/en\/produtos\/\"},{\"@type\":\"ListItem\",\"position\":3,\"name\":\"T\u00e1bua em bambu para aperitivos\"}]},{\"@type\":\"WebSite\",\"@id\":\"https:\/\/plano.com.br\/v1\/#website\",\"url\":\"https:\/\/plano.com.br\/v1\/\",\"name\":\"Plano Propaganda\",\"description\":\"Brindes corporativos e personalizados\",\"publisher\":{\"@id\":\"https:\/\/plano.com.br\/v1\/#organization\"},\"potentialAction\":[{\"@type\":\"SearchAction\",\"target\":{\"@type\":\"EntryPoint\",\"urlTemplate\":\"https:\/\/plano.com.br\/v1\/?s={search_term_string}\"},\"query-input\":{\"@type\":\"PropertyValueSpecification\",\"valueRequired\":true,\"valueName\":\"search_term_string\"}}],\"inLanguage\":\"pt-PT\"},{\"@type\":\"Organization\",\"@id\":\"https:\/\/plano.com.br\/v1\/#organization\",\"name\":\"Plano Propaganda\",\"url\":\"https:\/\/plano.com.br\/v1\/\",\"logo\":{\"@type\":\"ImageObject\",\"inLanguage\":\"pt-PT\",\"@id\":\"https:\/\/plano.com.br\/v1\/#\/schema\/logo\/image\/\",\"url\":\"https:\/\/plano.com.br\/v1\/wp-content\/uploads\/2025\/12\/cropped-logo-plano-propaganda-58anos.jpg\",\"contentUrl\":\"https:\/\/plano.com.br\/v1\/wp-content\/uploads\/2025\/12\/cropped-logo-plano-propaganda-58anos.jpg\",\"width\":598,\"height\":188,\"caption\":\"Plano Propaganda\"},\"image\":{\"@id\":\"https:\/\/plano.com.br\/v1\/#\/schema\/logo\/image\/\"}}]}<\/script>\n<!-- \/ Yoast SEO plugin. -->","yoast_head_json":{"title":"T\u00e1bua em bambu para aperitivos - Plano Propaganda","description":"T\u00e1bua em bambu para aperitivos com 2 utens\u00edlios, 31 x 18 cm","robots":{"index":"index","follow":"follow","max-snippet":"max-snippet:-1","max-image-preview":"max-image-preview:large","max-video-preview":"max-video-preview:-1"},"canonical":"https:\/\/plano.com.br\/v1\/produtos\/tabua-em-bambu-para-aperitivos\/","og_locale":"pt_PT","og_type":"article","og_title":"T\u00e1bua em bambu para aperitivos - Plano Propaganda","og_description":"T\u00e1bua em bambu para aperitivos com 2 utens\u00edlios, 31 x 18 cm","og_url":"https:\/\/plano.com.br\/v1\/produtos\/tabua-em-bambu-para-aperitivos\/","og_site_name":"Plano Propaganda","article_modified_time":"2026-03-26T17:15:05+00:00","og_image":[{"width":800,"height":800,"url":"https:\/\/plano.com.br\/v1\/wp-content\/uploads\/2024\/06\/PLLAR93830_set.jpg","type":"image\/jpeg"}],"twitter_card":"summary_large_image","twitter_misc":{"Tempo estimado de leitura":"1 minuto"},"schema":{"@context":"https:\/\/schema.org","@graph":[{"@type":"WebPage","@id":"https:\/\/plano.com.br\/v1\/produtos\/tabua-em-bambu-para-aperitivos\/","url":"https:\/\/plano.com.br\/v1\/produtos\/tabua-em-bambu-para-aperitivos\/","name":"T\u00e1bua em bambu para aperitivos - Plano Propaganda","isPartOf":{"@id":"https:\/\/plano.com.br\/v1\/#website"},"primaryImageOfPage":{"@id":"https:\/\/plano.com.br\/v1\/produtos\/tabua-em-bambu-para-aperitivos\/#primaryimage"},"image":{"@id":"https:\/\/plano.com.br\/v1\/produtos\/tabua-em-bambu-para-aperitivos\/#primaryimage"},"thumbnailUrl":"https:\/\/plano.com.br\/v1\/wp-content\/uploads\/2024\/06\/PLLAR93830_set.jpg","datePublished":"2024-06-05T13:44:56+00:00","dateModified":"2026-03-26T17:15:05+00:00","description":"T\u00e1bua em bambu para aperitivos com 2 utens\u00edlios, 31 x 18 cm","breadcrumb":{"@id":"https:\/\/plano.com.br\/v1\/produtos\/tabua-em-bambu-para-aperitivos\/#breadcrumb"},"inLanguage":"pt-PT","potentialAction":[{"@type":"ReadAction","target":["https:\/\/plano.com.br\/v1\/produtos\/tabua-em-bambu-para-aperitivos\/"]}]},{"@type":"ImageObject","inLanguage":"pt-PT","@id":"https:\/\/plano.com.br\/v1\/produtos\/tabua-em-bambu-para-aperitivos\/#primaryimage","url":"https:\/\/plano.com.br\/v1\/wp-content\/uploads\/2024\/06\/PLLAR93830_set.jpg","contentUrl":"https:\/\/plano.com.br\/v1\/wp-content\/uploads\/2024\/06\/PLLAR93830_set.jpg","width":800,"height":800},{"@type":"BreadcrumbList","@id":"https:\/\/plano.com.br\/v1\/produtos\/tabua-em-bambu-para-aperitivos\/#breadcrumb","itemListElement":[{"@type":"ListItem","position":1,"name":"Home","item":"https:\/\/plano.com.br\/v1\/"},{"@type":"ListItem","position":2,"name":"Produtos","item":"https:\/\/plano.com.br\/v1\/en\/produtos\/"},{"@type":"ListItem","position":3,"name":"T\u00e1bua em bambu para aperitivos"}]},{"@type":"WebSite","@id":"https:\/\/plano.com.br\/v1\/#website","url":"https:\/\/plano.com.br\/v1\/","name":"Plano Propaganda","description":"Brindes corporativos e personalizados","publisher":{"@id":"https:\/\/plano.com.br\/v1\/#organization"},"potentialAction":[{"@type":"SearchAction","target":{"@type":"EntryPoint","urlTemplate":"https:\/\/plano.com.br\/v1\/?s={search_term_string}"},"query-input":{"@type":"PropertyValueSpecification","valueRequired":true,"valueName":"search_term_string"}}],"inLanguage":"pt-PT"},{"@type":"Organization","@id":"https:\/\/plano.com.br\/v1\/#organization","name":"Plano Propaganda","url":"https:\/\/plano.com.br\/v1\/","logo":{"@type":"ImageObject","inLanguage":"pt-PT","@id":"https:\/\/plano.com.br\/v1\/#\/schema\/logo\/image\/","url":"https:\/\/plano.com.br\/v1\/wp-content\/uploads\/2025\/12\/cropped-logo-plano-propaganda-58anos.jpg","contentUrl":"https:\/\/plano.com.br\/v1\/wp-content\/uploads\/2025\/12\/cropped-logo-plano-propaganda-58anos.jpg","width":598,"height":188,"caption":"Plano Propaganda"},"image":{"@id":"https:\/\/plano.com.br\/v1\/#\/schema\/logo\/image\/"}}]}},"_links":{"self":[{"href":"https:\/\/plano.com.br\/v1\/wp-json\/wp\/v2\/product\/2064","targetHints":{"allow":["GET"]}}],"collection":[{"href":"https:\/\/plano.com.br\/v1\/wp-json\/wp\/v2\/product"}],"about":[{"href":"https:\/\/plano.com.br\/v1\/wp-json\/wp\/v2\/types\/product"}],"replies":[{"embeddable":true,"href":"https:\/\/plano.com.br\/v1\/wp-json\/wp\/v2\/comments?post=2064"}],"wp:featuredmedia":[{"embeddable":true,"href":"https:\/\/plano.com.br\/v1\/wp-json\/wp\/v2\/media\/2067"}],"wp:attachment":[{"href":"https:\/\/plano.com.br\/v1\/wp-json\/wp\/v2\/media?parent=2064"}],"wp:term":[{"taxonomy":"product_brand","embeddable":true,"href":"https:\/\/plano.com.br\/v1\/wp-json\/wp\/v2\/product_brand?post=2064"},{"taxonomy":"product_cat","embeddable":true,"href":"https:\/\/plano.com.br\/v1\/wp-json\/wp\/v2\/product_cat?post=2064"},{"taxonomy":"product_tag","embeddable":true,"href":"https:\/\/plano.com.br\/v1\/wp-json\/wp\/v2\/product_tag?post=2064"}],"curies":[{"name":"wp","href":"https:\/\/api.w.org\/{rel}","templated":true}]}}