{"id":2344,"date":"2024-06-11T16:40:43","date_gmt":"2024-06-11T16:40:43","guid":{"rendered":"http:\/\/br566.teste.website\/~planoc07\/v1\/?post_type=product&#038;p=2344"},"modified":"2026-03-11T19:10:47","modified_gmt":"2026-03-11T19:10:47","slug":"conjunto-churrasco-aco-inox-3-pecas-cabo-madeira","status":"publish","type":"product","link":"https:\/\/plano.com.br\/v1\/produtos\/conjunto-churrasco-aco-inox-3-pecas-cabo-madeira\/","title":{"rendered":"Conjunto de churrasco em a\u00e7o inox"},"content":{"rendered":"<p>Conjunto de churrasco em a\u00e7o inox, contendo 3 pe\u00e7as com cabo de madeira. Impress\u00e3o a uma cor no estojo de nylon preto<\/p>\n","protected":false},"excerpt":{"rendered":"<p>PL CUT 254 &#8211; Conjunto de churrasco em a\u00e7o inox, contendo 3 pe\u00e7as com cabo de madeira nas 3 pe\u00e7as.<\/p>\n","protected":false},"featured_media":2345,"comment_status":"open","ping_status":"closed","template":"","meta":[],"product_brand":[],"product_cat":[48],"product_tag":[],"class_list":{"0":"post-2344","1":"product","2":"type-product","3":"status-publish","4":"has-post-thumbnail","6":"product_cat-conjuntos-de-churrasco-para-brindes","8":"first","9":"onbackorder","10":"taxable","11":"shipping-taxable","12":"product-type-simple"},"yoast_head":"<!-- This site is optimized with the Yoast SEO plugin v27.2 - https:\/\/yoast.com\/product\/yoast-seo-wordpress\/ -->\n<title>Conjunto de churrasco em a\u00e7o inox - Plano Propaganda<\/title>\n<meta name=\"description\" content=\"Conjunto de churrasco em a\u00e7o inox, contendo 3 pe\u00e7as com cabo de madeira nas 3 pe\u00e7as.\" \/>\n<meta name=\"robots\" content=\"index, follow, max-snippet:-1, max-image-preview:large, max-video-preview:-1\" \/>\n<link rel=\"canonical\" href=\"https:\/\/plano.com.br\/v1\/produtos\/conjunto-churrasco-aco-inox-3-pecas-cabo-madeira\/\" \/>\n<meta property=\"og:locale\" content=\"pt_PT\" \/>\n<meta property=\"og:type\" content=\"article\" \/>\n<meta property=\"og:title\" content=\"Conjunto de churrasco em a\u00e7o inox - Plano Propaganda\" \/>\n<meta property=\"og:description\" content=\"Conjunto de churrasco em a\u00e7o inox, contendo 3 pe\u00e7as com cabo de madeira nas 3 pe\u00e7as.\" \/>\n<meta property=\"og:url\" content=\"https:\/\/plano.com.br\/v1\/produtos\/conjunto-churrasco-aco-inox-3-pecas-cabo-madeira\/\" \/>\n<meta property=\"og:site_name\" content=\"Plano Propaganda\" \/>\n<meta property=\"article:modified_time\" content=\"2026-03-11T19:10:47+00:00\" \/>\n<meta property=\"og:image\" content=\"https:\/\/plano.com.br\/v1\/wp-content\/uploads\/2024\/06\/PL-CUT-254.jpg\" \/>\n\t<meta property=\"og:image:width\" content=\"800\" \/>\n\t<meta property=\"og:image:height\" content=\"800\" \/>\n\t<meta property=\"og:image:type\" content=\"image\/jpeg\" \/>\n<meta name=\"twitter:card\" content=\"summary_large_image\" \/>\n<meta name=\"twitter:label1\" content=\"Tempo estimado de leitura\" \/>\n\t<meta name=\"twitter:data1\" content=\"1 minuto\" \/>\n<script type=\"application\/ld+json\" class=\"yoast-schema-graph\">{\"@context\":\"https:\/\/schema.org\",\"@graph\":[{\"@type\":\"WebPage\",\"@id\":\"https:\/\/plano.com.br\/v1\/produtos\/conjunto-churrasco-aco-inox-3-pecas-cabo-madeira\/\",\"url\":\"https:\/\/plano.com.br\/v1\/produtos\/conjunto-churrasco-aco-inox-3-pecas-cabo-madeira\/\",\"name\":\"Conjunto de churrasco em a\u00e7o inox - Plano Propaganda\",\"isPartOf\":{\"@id\":\"https:\/\/plano.com.br\/v1\/#website\"},\"primaryImageOfPage\":{\"@id\":\"https:\/\/plano.com.br\/v1\/produtos\/conjunto-churrasco-aco-inox-3-pecas-cabo-madeira\/#primaryimage\"},\"image\":{\"@id\":\"https:\/\/plano.com.br\/v1\/produtos\/conjunto-churrasco-aco-inox-3-pecas-cabo-madeira\/#primaryimage\"},\"thumbnailUrl\":\"https:\/\/plano.com.br\/v1\/wp-content\/uploads\/2024\/06\/PL-CUT-254.jpg\",\"datePublished\":\"2024-06-11T16:40:43+00:00\",\"dateModified\":\"2026-03-11T19:10:47+00:00\",\"description\":\"Conjunto de churrasco em a\u00e7o inox, contendo 3 pe\u00e7as com cabo de madeira nas 3 pe\u00e7as.\",\"breadcrumb\":{\"@id\":\"https:\/\/plano.com.br\/v1\/produtos\/conjunto-churrasco-aco-inox-3-pecas-cabo-madeira\/#breadcrumb\"},\"inLanguage\":\"pt-PT\",\"potentialAction\":[{\"@type\":\"ReadAction\",\"target\":[\"https:\/\/plano.com.br\/v1\/produtos\/conjunto-churrasco-aco-inox-3-pecas-cabo-madeira\/\"]}]},{\"@type\":\"ImageObject\",\"inLanguage\":\"pt-PT\",\"@id\":\"https:\/\/plano.com.br\/v1\/produtos\/conjunto-churrasco-aco-inox-3-pecas-cabo-madeira\/#primaryimage\",\"url\":\"https:\/\/plano.com.br\/v1\/wp-content\/uploads\/2024\/06\/PL-CUT-254.jpg\",\"contentUrl\":\"https:\/\/plano.com.br\/v1\/wp-content\/uploads\/2024\/06\/PL-CUT-254.jpg\",\"width\":800,\"height\":800},{\"@type\":\"BreadcrumbList\",\"@id\":\"https:\/\/plano.com.br\/v1\/produtos\/conjunto-churrasco-aco-inox-3-pecas-cabo-madeira\/#breadcrumb\",\"itemListElement\":[{\"@type\":\"ListItem\",\"position\":1,\"name\":\"Home\",\"item\":\"https:\/\/plano.com.br\/v1\/\"},{\"@type\":\"ListItem\",\"position\":2,\"name\":\"Produtos\",\"item\":\"https:\/\/plano.com.br\/v1\/en\/produtos\/\"},{\"@type\":\"ListItem\",\"position\":3,\"name\":\"Conjunto de churrasco em a\u00e7o inox\"}]},{\"@type\":\"WebSite\",\"@id\":\"https:\/\/plano.com.br\/v1\/#website\",\"url\":\"https:\/\/plano.com.br\/v1\/\",\"name\":\"Plano Propaganda\",\"description\":\"Brindes corporativos e personalizados\",\"publisher\":{\"@id\":\"https:\/\/plano.com.br\/v1\/#organization\"},\"potentialAction\":[{\"@type\":\"SearchAction\",\"target\":{\"@type\":\"EntryPoint\",\"urlTemplate\":\"https:\/\/plano.com.br\/v1\/?s={search_term_string}\"},\"query-input\":{\"@type\":\"PropertyValueSpecification\",\"valueRequired\":true,\"valueName\":\"search_term_string\"}}],\"inLanguage\":\"pt-PT\"},{\"@type\":\"Organization\",\"@id\":\"https:\/\/plano.com.br\/v1\/#organization\",\"name\":\"Plano Propaganda\",\"url\":\"https:\/\/plano.com.br\/v1\/\",\"logo\":{\"@type\":\"ImageObject\",\"inLanguage\":\"pt-PT\",\"@id\":\"https:\/\/plano.com.br\/v1\/#\/schema\/logo\/image\/\",\"url\":\"https:\/\/plano.com.br\/v1\/wp-content\/uploads\/2025\/12\/cropped-logo-plano-propaganda-58anos.jpg\",\"contentUrl\":\"https:\/\/plano.com.br\/v1\/wp-content\/uploads\/2025\/12\/cropped-logo-plano-propaganda-58anos.jpg\",\"width\":598,\"height\":188,\"caption\":\"Plano Propaganda\"},\"image\":{\"@id\":\"https:\/\/plano.com.br\/v1\/#\/schema\/logo\/image\/\"}}]}<\/script>\n<!-- \/ Yoast SEO plugin. -->","yoast_head_json":{"title":"Conjunto de churrasco em a\u00e7o inox - Plano Propaganda","description":"Conjunto de churrasco em a\u00e7o inox, contendo 3 pe\u00e7as com cabo de madeira nas 3 pe\u00e7as.","robots":{"index":"index","follow":"follow","max-snippet":"max-snippet:-1","max-image-preview":"max-image-preview:large","max-video-preview":"max-video-preview:-1"},"canonical":"https:\/\/plano.com.br\/v1\/produtos\/conjunto-churrasco-aco-inox-3-pecas-cabo-madeira\/","og_locale":"pt_PT","og_type":"article","og_title":"Conjunto de churrasco em a\u00e7o inox - Plano Propaganda","og_description":"Conjunto de churrasco em a\u00e7o inox, contendo 3 pe\u00e7as com cabo de madeira nas 3 pe\u00e7as.","og_url":"https:\/\/plano.com.br\/v1\/produtos\/conjunto-churrasco-aco-inox-3-pecas-cabo-madeira\/","og_site_name":"Plano Propaganda","article_modified_time":"2026-03-11T19:10:47+00:00","og_image":[{"width":800,"height":800,"url":"https:\/\/plano.com.br\/v1\/wp-content\/uploads\/2024\/06\/PL-CUT-254.jpg","type":"image\/jpeg"}],"twitter_card":"summary_large_image","twitter_misc":{"Tempo estimado de leitura":"1 minuto"},"schema":{"@context":"https:\/\/schema.org","@graph":[{"@type":"WebPage","@id":"https:\/\/plano.com.br\/v1\/produtos\/conjunto-churrasco-aco-inox-3-pecas-cabo-madeira\/","url":"https:\/\/plano.com.br\/v1\/produtos\/conjunto-churrasco-aco-inox-3-pecas-cabo-madeira\/","name":"Conjunto de churrasco em a\u00e7o inox - Plano Propaganda","isPartOf":{"@id":"https:\/\/plano.com.br\/v1\/#website"},"primaryImageOfPage":{"@id":"https:\/\/plano.com.br\/v1\/produtos\/conjunto-churrasco-aco-inox-3-pecas-cabo-madeira\/#primaryimage"},"image":{"@id":"https:\/\/plano.com.br\/v1\/produtos\/conjunto-churrasco-aco-inox-3-pecas-cabo-madeira\/#primaryimage"},"thumbnailUrl":"https:\/\/plano.com.br\/v1\/wp-content\/uploads\/2024\/06\/PL-CUT-254.jpg","datePublished":"2024-06-11T16:40:43+00:00","dateModified":"2026-03-11T19:10:47+00:00","description":"Conjunto de churrasco em a\u00e7o inox, contendo 3 pe\u00e7as com cabo de madeira nas 3 pe\u00e7as.","breadcrumb":{"@id":"https:\/\/plano.com.br\/v1\/produtos\/conjunto-churrasco-aco-inox-3-pecas-cabo-madeira\/#breadcrumb"},"inLanguage":"pt-PT","potentialAction":[{"@type":"ReadAction","target":["https:\/\/plano.com.br\/v1\/produtos\/conjunto-churrasco-aco-inox-3-pecas-cabo-madeira\/"]}]},{"@type":"ImageObject","inLanguage":"pt-PT","@id":"https:\/\/plano.com.br\/v1\/produtos\/conjunto-churrasco-aco-inox-3-pecas-cabo-madeira\/#primaryimage","url":"https:\/\/plano.com.br\/v1\/wp-content\/uploads\/2024\/06\/PL-CUT-254.jpg","contentUrl":"https:\/\/plano.com.br\/v1\/wp-content\/uploads\/2024\/06\/PL-CUT-254.jpg","width":800,"height":800},{"@type":"BreadcrumbList","@id":"https:\/\/plano.com.br\/v1\/produtos\/conjunto-churrasco-aco-inox-3-pecas-cabo-madeira\/#breadcrumb","itemListElement":[{"@type":"ListItem","position":1,"name":"Home","item":"https:\/\/plano.com.br\/v1\/"},{"@type":"ListItem","position":2,"name":"Produtos","item":"https:\/\/plano.com.br\/v1\/en\/produtos\/"},{"@type":"ListItem","position":3,"name":"Conjunto de churrasco em a\u00e7o inox"}]},{"@type":"WebSite","@id":"https:\/\/plano.com.br\/v1\/#website","url":"https:\/\/plano.com.br\/v1\/","name":"Plano Propaganda","description":"Brindes corporativos e personalizados","publisher":{"@id":"https:\/\/plano.com.br\/v1\/#organization"},"potentialAction":[{"@type":"SearchAction","target":{"@type":"EntryPoint","urlTemplate":"https:\/\/plano.com.br\/v1\/?s={search_term_string}"},"query-input":{"@type":"PropertyValueSpecification","valueRequired":true,"valueName":"search_term_string"}}],"inLanguage":"pt-PT"},{"@type":"Organization","@id":"https:\/\/plano.com.br\/v1\/#organization","name":"Plano Propaganda","url":"https:\/\/plano.com.br\/v1\/","logo":{"@type":"ImageObject","inLanguage":"pt-PT","@id":"https:\/\/plano.com.br\/v1\/#\/schema\/logo\/image\/","url":"https:\/\/plano.com.br\/v1\/wp-content\/uploads\/2025\/12\/cropped-logo-plano-propaganda-58anos.jpg","contentUrl":"https:\/\/plano.com.br\/v1\/wp-content\/uploads\/2025\/12\/cropped-logo-plano-propaganda-58anos.jpg","width":598,"height":188,"caption":"Plano Propaganda"},"image":{"@id":"https:\/\/plano.com.br\/v1\/#\/schema\/logo\/image\/"}}]}},"_links":{"self":[{"href":"https:\/\/plano.com.br\/v1\/wp-json\/wp\/v2\/product\/2344","targetHints":{"allow":["GET"]}}],"collection":[{"href":"https:\/\/plano.com.br\/v1\/wp-json\/wp\/v2\/product"}],"about":[{"href":"https:\/\/plano.com.br\/v1\/wp-json\/wp\/v2\/types\/product"}],"replies":[{"embeddable":true,"href":"https:\/\/plano.com.br\/v1\/wp-json\/wp\/v2\/comments?post=2344"}],"wp:featuredmedia":[{"embeddable":true,"href":"https:\/\/plano.com.br\/v1\/wp-json\/wp\/v2\/media\/2345"}],"wp:attachment":[{"href":"https:\/\/plano.com.br\/v1\/wp-json\/wp\/v2\/media?parent=2344"}],"wp:term":[{"taxonomy":"product_brand","embeddable":true,"href":"https:\/\/plano.com.br\/v1\/wp-json\/wp\/v2\/product_brand?post=2344"},{"taxonomy":"product_cat","embeddable":true,"href":"https:\/\/plano.com.br\/v1\/wp-json\/wp\/v2\/product_cat?post=2344"},{"taxonomy":"product_tag","embeddable":true,"href":"https:\/\/plano.com.br\/v1\/wp-json\/wp\/v2\/product_tag?post=2344"}],"curies":[{"name":"wp","href":"https:\/\/api.w.org\/{rel}","templated":true}]}}