{"id":3066,"date":"2024-07-31T17:57:16","date_gmt":"2024-07-31T17:57:16","guid":{"rendered":"https:\/\/plano.com.br\/v1\/?post_type=product&#038;p=3066"},"modified":"2026-04-16T17:23:10","modified_gmt":"2026-04-16T17:23:10","slug":"bateria-portatil-power-bank-de-litio","status":"publish","type":"product","link":"https:\/\/plano.com.br\/v1\/produtos\/bateria-portatil-power-bank-de-litio\/","title":{"rendered":"Bateria port\u00e1til power bank de l\u00edtio"},"content":{"rendered":"<p>Bateria port\u00e1til power bank de l\u00edtio, em alum\u00ednio, v\u00e1rias cores, 4400 mAh 5v e cabo usb 110 x 68 x 10 mm. Impress\u00e3o uma cor em uma face. Fornecido em saco pl\u00e1stico individual<\/p>\n","protected":false},"excerpt":{"rendered":"<p>PL TEC 97379 &#8211; Bateria port\u00e1til power bank de l\u00edtio, em alum\u00ednio, v\u00e1rias cores, 4400 mAh 5v e cabo usb 110 x 68 x 10 mm<\/p>\n","protected":false},"featured_media":3067,"comment_status":"open","ping_status":"closed","template":"","meta":[],"product_brand":[],"product_cat":[37],"product_tag":[],"class_list":{"0":"post-3066","1":"product","2":"type-product","3":"status-publish","4":"has-post-thumbnail","6":"product_cat-brindes-de-tecnologia","8":"first","9":"onbackorder","10":"taxable","11":"shipping-taxable","12":"purchasable","13":"product-type-simple"},"yoast_head":"<!-- This site is optimized with the Yoast SEO plugin v27.2 - https:\/\/yoast.com\/product\/yoast-seo-wordpress\/ -->\n<title>Bateria port\u00e1til power bank de l\u00edtio - Plano Propaganda<\/title>\n<meta name=\"description\" content=\"Bateria port\u00e1til power bank de l\u00edtio, em alum\u00ednio, v\u00e1rias cores, 4400 mAh 5v e cabo usb 110 x 68 x 10 mm. Impress\u00e3o uma cor em uma face. Fornecido em saco pl\u00e1stico individual\" \/>\n<meta name=\"robots\" content=\"index, follow, max-snippet:-1, max-image-preview:large, max-video-preview:-1\" \/>\n<link rel=\"canonical\" href=\"https:\/\/plano.com.br\/v1\/produtos\/bateria-portatil-power-bank-de-litio\/\" \/>\n<meta property=\"og:locale\" content=\"pt_PT\" \/>\n<meta property=\"og:type\" content=\"article\" \/>\n<meta property=\"og:title\" content=\"Bateria port\u00e1til power bank de l\u00edtio - Plano Propaganda\" \/>\n<meta property=\"og:description\" content=\"Bateria port\u00e1til power bank de l\u00edtio, em alum\u00ednio, v\u00e1rias cores, 4400 mAh 5v e cabo usb 110 x 68 x 10 mm. Impress\u00e3o uma cor em uma face. Fornecido em saco pl\u00e1stico individual\" \/>\n<meta property=\"og:url\" content=\"https:\/\/plano.com.br\/v1\/produtos\/bateria-portatil-power-bank-de-litio\/\" \/>\n<meta property=\"og:site_name\" content=\"Plano Propaganda\" \/>\n<meta property=\"article:modified_time\" content=\"2026-04-16T17:23:10+00:00\" \/>\n<meta property=\"og:image\" content=\"https:\/\/plano.com.br\/v1\/wp-content\/uploads\/2024\/07\/PLTEC97379L.jpg\" \/>\n\t<meta property=\"og:image:width\" content=\"800\" \/>\n\t<meta property=\"og:image:height\" content=\"800\" \/>\n\t<meta property=\"og:image:type\" content=\"image\/jpeg\" \/>\n<meta name=\"twitter:card\" content=\"summary_large_image\" \/>\n<meta name=\"twitter:label1\" content=\"Tempo estimado de leitura\" \/>\n\t<meta name=\"twitter:data1\" content=\"1 minuto\" \/>\n<script type=\"application\/ld+json\" class=\"yoast-schema-graph\">{\"@context\":\"https:\/\/schema.org\",\"@graph\":[{\"@type\":\"WebPage\",\"@id\":\"https:\/\/plano.com.br\/v1\/produtos\/bateria-portatil-power-bank-de-litio\/\",\"url\":\"https:\/\/plano.com.br\/v1\/produtos\/bateria-portatil-power-bank-de-litio\/\",\"name\":\"Bateria port\u00e1til power bank de l\u00edtio - Plano Propaganda\",\"isPartOf\":{\"@id\":\"https:\/\/plano.com.br\/v1\/#website\"},\"primaryImageOfPage\":{\"@id\":\"https:\/\/plano.com.br\/v1\/produtos\/bateria-portatil-power-bank-de-litio\/#primaryimage\"},\"image\":{\"@id\":\"https:\/\/plano.com.br\/v1\/produtos\/bateria-portatil-power-bank-de-litio\/#primaryimage\"},\"thumbnailUrl\":\"https:\/\/plano.com.br\/v1\/wp-content\/uploads\/2024\/07\/PLTEC97379L.jpg\",\"datePublished\":\"2024-07-31T17:57:16+00:00\",\"dateModified\":\"2026-04-16T17:23:10+00:00\",\"description\":\"Bateria port\u00e1til power bank de l\u00edtio, em alum\u00ednio, v\u00e1rias cores, 4400 mAh 5v e cabo usb 110 x 68 x 10 mm. Impress\u00e3o uma cor em uma face. Fornecido em saco pl\u00e1stico individual\",\"breadcrumb\":{\"@id\":\"https:\/\/plano.com.br\/v1\/produtos\/bateria-portatil-power-bank-de-litio\/#breadcrumb\"},\"inLanguage\":\"pt-PT\",\"potentialAction\":[{\"@type\":\"ReadAction\",\"target\":[\"https:\/\/plano.com.br\/v1\/produtos\/bateria-portatil-power-bank-de-litio\/\"]}]},{\"@type\":\"ImageObject\",\"inLanguage\":\"pt-PT\",\"@id\":\"https:\/\/plano.com.br\/v1\/produtos\/bateria-portatil-power-bank-de-litio\/#primaryimage\",\"url\":\"https:\/\/plano.com.br\/v1\/wp-content\/uploads\/2024\/07\/PLTEC97379L.jpg\",\"contentUrl\":\"https:\/\/plano.com.br\/v1\/wp-content\/uploads\/2024\/07\/PLTEC97379L.jpg\",\"width\":800,\"height\":800},{\"@type\":\"BreadcrumbList\",\"@id\":\"https:\/\/plano.com.br\/v1\/produtos\/bateria-portatil-power-bank-de-litio\/#breadcrumb\",\"itemListElement\":[{\"@type\":\"ListItem\",\"position\":1,\"name\":\"Home\",\"item\":\"https:\/\/plano.com.br\/v1\/\"},{\"@type\":\"ListItem\",\"position\":2,\"name\":\"Produtos\",\"item\":\"https:\/\/plano.com.br\/v1\/en\/produtos\/\"},{\"@type\":\"ListItem\",\"position\":3,\"name\":\"Bateria port\u00e1til power bank de l\u00edtio\"}]},{\"@type\":\"WebSite\",\"@id\":\"https:\/\/plano.com.br\/v1\/#website\",\"url\":\"https:\/\/plano.com.br\/v1\/\",\"name\":\"Plano Propaganda\",\"description\":\"Brindes corporativos e personalizados\",\"publisher\":{\"@id\":\"https:\/\/plano.com.br\/v1\/#organization\"},\"potentialAction\":[{\"@type\":\"SearchAction\",\"target\":{\"@type\":\"EntryPoint\",\"urlTemplate\":\"https:\/\/plano.com.br\/v1\/?s={search_term_string}\"},\"query-input\":{\"@type\":\"PropertyValueSpecification\",\"valueRequired\":true,\"valueName\":\"search_term_string\"}}],\"inLanguage\":\"pt-PT\"},{\"@type\":\"Organization\",\"@id\":\"https:\/\/plano.com.br\/v1\/#organization\",\"name\":\"Plano Propaganda\",\"url\":\"https:\/\/plano.com.br\/v1\/\",\"logo\":{\"@type\":\"ImageObject\",\"inLanguage\":\"pt-PT\",\"@id\":\"https:\/\/plano.com.br\/v1\/#\/schema\/logo\/image\/\",\"url\":\"https:\/\/plano.com.br\/v1\/wp-content\/uploads\/2025\/12\/cropped-logo-plano-propaganda-58anos.jpg\",\"contentUrl\":\"https:\/\/plano.com.br\/v1\/wp-content\/uploads\/2025\/12\/cropped-logo-plano-propaganda-58anos.jpg\",\"width\":598,\"height\":188,\"caption\":\"Plano Propaganda\"},\"image\":{\"@id\":\"https:\/\/plano.com.br\/v1\/#\/schema\/logo\/image\/\"}}]}<\/script>\n<!-- \/ Yoast SEO plugin. -->","yoast_head_json":{"title":"Bateria port\u00e1til power bank de l\u00edtio - Plano Propaganda","description":"Bateria port\u00e1til power bank de l\u00edtio, em alum\u00ednio, v\u00e1rias cores, 4400 mAh 5v e cabo usb 110 x 68 x 10 mm. Impress\u00e3o uma cor em uma face. Fornecido em saco pl\u00e1stico individual","robots":{"index":"index","follow":"follow","max-snippet":"max-snippet:-1","max-image-preview":"max-image-preview:large","max-video-preview":"max-video-preview:-1"},"canonical":"https:\/\/plano.com.br\/v1\/produtos\/bateria-portatil-power-bank-de-litio\/","og_locale":"pt_PT","og_type":"article","og_title":"Bateria port\u00e1til power bank de l\u00edtio - Plano Propaganda","og_description":"Bateria port\u00e1til power bank de l\u00edtio, em alum\u00ednio, v\u00e1rias cores, 4400 mAh 5v e cabo usb 110 x 68 x 10 mm. Impress\u00e3o uma cor em uma face. Fornecido em saco pl\u00e1stico individual","og_url":"https:\/\/plano.com.br\/v1\/produtos\/bateria-portatil-power-bank-de-litio\/","og_site_name":"Plano Propaganda","article_modified_time":"2026-04-16T17:23:10+00:00","og_image":[{"width":800,"height":800,"url":"https:\/\/plano.com.br\/v1\/wp-content\/uploads\/2024\/07\/PLTEC97379L.jpg","type":"image\/jpeg"}],"twitter_card":"summary_large_image","twitter_misc":{"Tempo estimado de leitura":"1 minuto"},"schema":{"@context":"https:\/\/schema.org","@graph":[{"@type":"WebPage","@id":"https:\/\/plano.com.br\/v1\/produtos\/bateria-portatil-power-bank-de-litio\/","url":"https:\/\/plano.com.br\/v1\/produtos\/bateria-portatil-power-bank-de-litio\/","name":"Bateria port\u00e1til power bank de l\u00edtio - Plano Propaganda","isPartOf":{"@id":"https:\/\/plano.com.br\/v1\/#website"},"primaryImageOfPage":{"@id":"https:\/\/plano.com.br\/v1\/produtos\/bateria-portatil-power-bank-de-litio\/#primaryimage"},"image":{"@id":"https:\/\/plano.com.br\/v1\/produtos\/bateria-portatil-power-bank-de-litio\/#primaryimage"},"thumbnailUrl":"https:\/\/plano.com.br\/v1\/wp-content\/uploads\/2024\/07\/PLTEC97379L.jpg","datePublished":"2024-07-31T17:57:16+00:00","dateModified":"2026-04-16T17:23:10+00:00","description":"Bateria port\u00e1til power bank de l\u00edtio, em alum\u00ednio, v\u00e1rias cores, 4400 mAh 5v e cabo usb 110 x 68 x 10 mm. Impress\u00e3o uma cor em uma face. Fornecido em saco pl\u00e1stico individual","breadcrumb":{"@id":"https:\/\/plano.com.br\/v1\/produtos\/bateria-portatil-power-bank-de-litio\/#breadcrumb"},"inLanguage":"pt-PT","potentialAction":[{"@type":"ReadAction","target":["https:\/\/plano.com.br\/v1\/produtos\/bateria-portatil-power-bank-de-litio\/"]}]},{"@type":"ImageObject","inLanguage":"pt-PT","@id":"https:\/\/plano.com.br\/v1\/produtos\/bateria-portatil-power-bank-de-litio\/#primaryimage","url":"https:\/\/plano.com.br\/v1\/wp-content\/uploads\/2024\/07\/PLTEC97379L.jpg","contentUrl":"https:\/\/plano.com.br\/v1\/wp-content\/uploads\/2024\/07\/PLTEC97379L.jpg","width":800,"height":800},{"@type":"BreadcrumbList","@id":"https:\/\/plano.com.br\/v1\/produtos\/bateria-portatil-power-bank-de-litio\/#breadcrumb","itemListElement":[{"@type":"ListItem","position":1,"name":"Home","item":"https:\/\/plano.com.br\/v1\/"},{"@type":"ListItem","position":2,"name":"Produtos","item":"https:\/\/plano.com.br\/v1\/en\/produtos\/"},{"@type":"ListItem","position":3,"name":"Bateria port\u00e1til power bank de l\u00edtio"}]},{"@type":"WebSite","@id":"https:\/\/plano.com.br\/v1\/#website","url":"https:\/\/plano.com.br\/v1\/","name":"Plano Propaganda","description":"Brindes corporativos e personalizados","publisher":{"@id":"https:\/\/plano.com.br\/v1\/#organization"},"potentialAction":[{"@type":"SearchAction","target":{"@type":"EntryPoint","urlTemplate":"https:\/\/plano.com.br\/v1\/?s={search_term_string}"},"query-input":{"@type":"PropertyValueSpecification","valueRequired":true,"valueName":"search_term_string"}}],"inLanguage":"pt-PT"},{"@type":"Organization","@id":"https:\/\/plano.com.br\/v1\/#organization","name":"Plano Propaganda","url":"https:\/\/plano.com.br\/v1\/","logo":{"@type":"ImageObject","inLanguage":"pt-PT","@id":"https:\/\/plano.com.br\/v1\/#\/schema\/logo\/image\/","url":"https:\/\/plano.com.br\/v1\/wp-content\/uploads\/2025\/12\/cropped-logo-plano-propaganda-58anos.jpg","contentUrl":"https:\/\/plano.com.br\/v1\/wp-content\/uploads\/2025\/12\/cropped-logo-plano-propaganda-58anos.jpg","width":598,"height":188,"caption":"Plano Propaganda"},"image":{"@id":"https:\/\/plano.com.br\/v1\/#\/schema\/logo\/image\/"}}]}},"_links":{"self":[{"href":"https:\/\/plano.com.br\/v1\/wp-json\/wp\/v2\/product\/3066","targetHints":{"allow":["GET"]}}],"collection":[{"href":"https:\/\/plano.com.br\/v1\/wp-json\/wp\/v2\/product"}],"about":[{"href":"https:\/\/plano.com.br\/v1\/wp-json\/wp\/v2\/types\/product"}],"replies":[{"embeddable":true,"href":"https:\/\/plano.com.br\/v1\/wp-json\/wp\/v2\/comments?post=3066"}],"wp:featuredmedia":[{"embeddable":true,"href":"https:\/\/plano.com.br\/v1\/wp-json\/wp\/v2\/media\/3067"}],"wp:attachment":[{"href":"https:\/\/plano.com.br\/v1\/wp-json\/wp\/v2\/media?parent=3066"}],"wp:term":[{"taxonomy":"product_brand","embeddable":true,"href":"https:\/\/plano.com.br\/v1\/wp-json\/wp\/v2\/product_brand?post=3066"},{"taxonomy":"product_cat","embeddable":true,"href":"https:\/\/plano.com.br\/v1\/wp-json\/wp\/v2\/product_cat?post=3066"},{"taxonomy":"product_tag","embeddable":true,"href":"https:\/\/plano.com.br\/v1\/wp-json\/wp\/v2\/product_tag?post=3066"}],"curies":[{"name":"wp","href":"https:\/\/api.w.org\/{rel}","templated":true}]}}