{"id":3912,"date":"2025-08-29T20:07:45","date_gmt":"2025-08-29T20:07:45","guid":{"rendered":"https:\/\/plano.com.br\/v1\/?post_type=product&#038;p=3912"},"modified":"2026-03-26T18:12:25","modified_gmt":"2026-03-26T18:12:25","slug":"bloco-capa-plastica-a5-80-folhas","status":"publish","type":"product","link":"https:\/\/plano.com.br\/v1\/produtos\/bloco-capa-plastica-a5-80-folhas\/","title":{"rendered":"Bloco capa pl\u00e1stica A5, 80 folhas"},"content":{"rendered":"<p>Bloco capa pl\u00e1stica A5 15 x 21 cm v\u00e1rias cores, acabamento wire o metal em cores, 80 folhas brancas com pauta. Impress\u00e3o frontal a uma cor<\/p>\n","protected":false},"excerpt":{"rendered":"<p>PL BL 072 &#8211; Bloco capa pl\u00e1stica A5 15 x 21 cm v\u00e1rias cores, acabamento wire o metal em cores, 80 folhas brancas com pauta.<\/p>\n","protected":false},"featured_media":3915,"comment_status":"open","ping_status":"closed","template":"","meta":[],"product_brand":[],"product_cat":[31],"product_tag":[],"class_list":{"0":"post-3912","1":"product","2":"type-product","3":"status-publish","4":"has-post-thumbnail","6":"product_cat-agendas-blocos-e-cadernos-para-brindes","8":"first","9":"onbackorder","10":"taxable","11":"shipping-taxable","12":"purchasable","13":"product-type-simple"},"yoast_head":"<!-- This site is optimized with the Yoast SEO plugin v27.2 - https:\/\/yoast.com\/product\/yoast-seo-wordpress\/ -->\n<title>Bloco capa pl\u00e1stica A5, 80 folhas - Plano Propaganda<\/title>\n<meta name=\"description\" content=\"Bloco capa pl\u00e1stica A5 15 x 21 cm v\u00e1rias cores, acabamento wire o metal em cores, 80 folhas brancas com pauta. Impress\u00e3o frontal a uma cor\" \/>\n<meta name=\"robots\" content=\"index, follow, max-snippet:-1, max-image-preview:large, max-video-preview:-1\" \/>\n<link rel=\"canonical\" href=\"https:\/\/plano.com.br\/v1\/produtos\/bloco-capa-plastica-a5-80-folhas\/\" \/>\n<meta property=\"og:locale\" content=\"pt_PT\" \/>\n<meta property=\"og:type\" content=\"article\" \/>\n<meta property=\"og:title\" content=\"Bloco capa pl\u00e1stica A5, 80 folhas - Plano Propaganda\" \/>\n<meta property=\"og:description\" content=\"Bloco capa pl\u00e1stica A5 15 x 21 cm v\u00e1rias cores, acabamento wire o metal em cores, 80 folhas brancas com pauta. Impress\u00e3o frontal a uma cor\" \/>\n<meta property=\"og:url\" content=\"https:\/\/plano.com.br\/v1\/produtos\/bloco-capa-plastica-a5-80-folhas\/\" \/>\n<meta property=\"og:site_name\" content=\"Plano Propaganda\" \/>\n<meta property=\"article:modified_time\" content=\"2026-03-26T18:12:25+00:00\" \/>\n<meta property=\"og:image\" content=\"https:\/\/plano.com.br\/v1\/wp-content\/uploads\/2025\/08\/PLBL072PT.jpg\" \/>\n\t<meta property=\"og:image:width\" content=\"800\" \/>\n\t<meta property=\"og:image:height\" content=\"800\" \/>\n\t<meta property=\"og:image:type\" content=\"image\/jpeg\" \/>\n<meta name=\"twitter:card\" content=\"summary_large_image\" \/>\n<meta name=\"twitter:label1\" content=\"Tempo estimado de leitura\" \/>\n\t<meta name=\"twitter:data1\" content=\"1 minuto\" \/>\n<script type=\"application\/ld+json\" class=\"yoast-schema-graph\">{\"@context\":\"https:\/\/schema.org\",\"@graph\":[{\"@type\":\"WebPage\",\"@id\":\"https:\/\/plano.com.br\/v1\/produtos\/bloco-capa-plastica-a5-80-folhas\/\",\"url\":\"https:\/\/plano.com.br\/v1\/produtos\/bloco-capa-plastica-a5-80-folhas\/\",\"name\":\"Bloco capa pl\u00e1stica A5, 80 folhas - Plano Propaganda\",\"isPartOf\":{\"@id\":\"https:\/\/plano.com.br\/v1\/#website\"},\"primaryImageOfPage\":{\"@id\":\"https:\/\/plano.com.br\/v1\/produtos\/bloco-capa-plastica-a5-80-folhas\/#primaryimage\"},\"image\":{\"@id\":\"https:\/\/plano.com.br\/v1\/produtos\/bloco-capa-plastica-a5-80-folhas\/#primaryimage\"},\"thumbnailUrl\":\"https:\/\/plano.com.br\/v1\/wp-content\/uploads\/2025\/08\/PLBL072PT.jpg\",\"datePublished\":\"2025-08-29T20:07:45+00:00\",\"dateModified\":\"2026-03-26T18:12:25+00:00\",\"description\":\"Bloco capa pl\u00e1stica A5 15 x 21 cm v\u00e1rias cores, acabamento wire o metal em cores, 80 folhas brancas com pauta. Impress\u00e3o frontal a uma cor\",\"breadcrumb\":{\"@id\":\"https:\/\/plano.com.br\/v1\/produtos\/bloco-capa-plastica-a5-80-folhas\/#breadcrumb\"},\"inLanguage\":\"pt-PT\",\"potentialAction\":[{\"@type\":\"ReadAction\",\"target\":[\"https:\/\/plano.com.br\/v1\/produtos\/bloco-capa-plastica-a5-80-folhas\/\"]}]},{\"@type\":\"ImageObject\",\"inLanguage\":\"pt-PT\",\"@id\":\"https:\/\/plano.com.br\/v1\/produtos\/bloco-capa-plastica-a5-80-folhas\/#primaryimage\",\"url\":\"https:\/\/plano.com.br\/v1\/wp-content\/uploads\/2025\/08\/PLBL072PT.jpg\",\"contentUrl\":\"https:\/\/plano.com.br\/v1\/wp-content\/uploads\/2025\/08\/PLBL072PT.jpg\",\"width\":800,\"height\":800},{\"@type\":\"BreadcrumbList\",\"@id\":\"https:\/\/plano.com.br\/v1\/produtos\/bloco-capa-plastica-a5-80-folhas\/#breadcrumb\",\"itemListElement\":[{\"@type\":\"ListItem\",\"position\":1,\"name\":\"Home\",\"item\":\"https:\/\/plano.com.br\/v1\/\"},{\"@type\":\"ListItem\",\"position\":2,\"name\":\"Produtos\",\"item\":\"https:\/\/plano.com.br\/v1\/en\/produtos\/\"},{\"@type\":\"ListItem\",\"position\":3,\"name\":\"Bloco capa pl\u00e1stica A5, 80 folhas\"}]},{\"@type\":\"WebSite\",\"@id\":\"https:\/\/plano.com.br\/v1\/#website\",\"url\":\"https:\/\/plano.com.br\/v1\/\",\"name\":\"Plano Propaganda\",\"description\":\"Brindes corporativos e personalizados\",\"publisher\":{\"@id\":\"https:\/\/plano.com.br\/v1\/#organization\"},\"potentialAction\":[{\"@type\":\"SearchAction\",\"target\":{\"@type\":\"EntryPoint\",\"urlTemplate\":\"https:\/\/plano.com.br\/v1\/?s={search_term_string}\"},\"query-input\":{\"@type\":\"PropertyValueSpecification\",\"valueRequired\":true,\"valueName\":\"search_term_string\"}}],\"inLanguage\":\"pt-PT\"},{\"@type\":\"Organization\",\"@id\":\"https:\/\/plano.com.br\/v1\/#organization\",\"name\":\"Plano Propaganda\",\"url\":\"https:\/\/plano.com.br\/v1\/\",\"logo\":{\"@type\":\"ImageObject\",\"inLanguage\":\"pt-PT\",\"@id\":\"https:\/\/plano.com.br\/v1\/#\/schema\/logo\/image\/\",\"url\":\"https:\/\/plano.com.br\/v1\/wp-content\/uploads\/2025\/12\/cropped-logo-plano-propaganda-58anos.jpg\",\"contentUrl\":\"https:\/\/plano.com.br\/v1\/wp-content\/uploads\/2025\/12\/cropped-logo-plano-propaganda-58anos.jpg\",\"width\":598,\"height\":188,\"caption\":\"Plano Propaganda\"},\"image\":{\"@id\":\"https:\/\/plano.com.br\/v1\/#\/schema\/logo\/image\/\"}}]}<\/script>\n<!-- \/ Yoast SEO plugin. -->","yoast_head_json":{"title":"Bloco capa pl\u00e1stica A5, 80 folhas - Plano Propaganda","description":"Bloco capa pl\u00e1stica A5 15 x 21 cm v\u00e1rias cores, acabamento wire o metal em cores, 80 folhas brancas com pauta. Impress\u00e3o frontal a uma cor","robots":{"index":"index","follow":"follow","max-snippet":"max-snippet:-1","max-image-preview":"max-image-preview:large","max-video-preview":"max-video-preview:-1"},"canonical":"https:\/\/plano.com.br\/v1\/produtos\/bloco-capa-plastica-a5-80-folhas\/","og_locale":"pt_PT","og_type":"article","og_title":"Bloco capa pl\u00e1stica A5, 80 folhas - Plano Propaganda","og_description":"Bloco capa pl\u00e1stica A5 15 x 21 cm v\u00e1rias cores, acabamento wire o metal em cores, 80 folhas brancas com pauta. Impress\u00e3o frontal a uma cor","og_url":"https:\/\/plano.com.br\/v1\/produtos\/bloco-capa-plastica-a5-80-folhas\/","og_site_name":"Plano Propaganda","article_modified_time":"2026-03-26T18:12:25+00:00","og_image":[{"width":800,"height":800,"url":"https:\/\/plano.com.br\/v1\/wp-content\/uploads\/2025\/08\/PLBL072PT.jpg","type":"image\/jpeg"}],"twitter_card":"summary_large_image","twitter_misc":{"Tempo estimado de leitura":"1 minuto"},"schema":{"@context":"https:\/\/schema.org","@graph":[{"@type":"WebPage","@id":"https:\/\/plano.com.br\/v1\/produtos\/bloco-capa-plastica-a5-80-folhas\/","url":"https:\/\/plano.com.br\/v1\/produtos\/bloco-capa-plastica-a5-80-folhas\/","name":"Bloco capa pl\u00e1stica A5, 80 folhas - Plano Propaganda","isPartOf":{"@id":"https:\/\/plano.com.br\/v1\/#website"},"primaryImageOfPage":{"@id":"https:\/\/plano.com.br\/v1\/produtos\/bloco-capa-plastica-a5-80-folhas\/#primaryimage"},"image":{"@id":"https:\/\/plano.com.br\/v1\/produtos\/bloco-capa-plastica-a5-80-folhas\/#primaryimage"},"thumbnailUrl":"https:\/\/plano.com.br\/v1\/wp-content\/uploads\/2025\/08\/PLBL072PT.jpg","datePublished":"2025-08-29T20:07:45+00:00","dateModified":"2026-03-26T18:12:25+00:00","description":"Bloco capa pl\u00e1stica A5 15 x 21 cm v\u00e1rias cores, acabamento wire o metal em cores, 80 folhas brancas com pauta. Impress\u00e3o frontal a uma cor","breadcrumb":{"@id":"https:\/\/plano.com.br\/v1\/produtos\/bloco-capa-plastica-a5-80-folhas\/#breadcrumb"},"inLanguage":"pt-PT","potentialAction":[{"@type":"ReadAction","target":["https:\/\/plano.com.br\/v1\/produtos\/bloco-capa-plastica-a5-80-folhas\/"]}]},{"@type":"ImageObject","inLanguage":"pt-PT","@id":"https:\/\/plano.com.br\/v1\/produtos\/bloco-capa-plastica-a5-80-folhas\/#primaryimage","url":"https:\/\/plano.com.br\/v1\/wp-content\/uploads\/2025\/08\/PLBL072PT.jpg","contentUrl":"https:\/\/plano.com.br\/v1\/wp-content\/uploads\/2025\/08\/PLBL072PT.jpg","width":800,"height":800},{"@type":"BreadcrumbList","@id":"https:\/\/plano.com.br\/v1\/produtos\/bloco-capa-plastica-a5-80-folhas\/#breadcrumb","itemListElement":[{"@type":"ListItem","position":1,"name":"Home","item":"https:\/\/plano.com.br\/v1\/"},{"@type":"ListItem","position":2,"name":"Produtos","item":"https:\/\/plano.com.br\/v1\/en\/produtos\/"},{"@type":"ListItem","position":3,"name":"Bloco capa pl\u00e1stica A5, 80 folhas"}]},{"@type":"WebSite","@id":"https:\/\/plano.com.br\/v1\/#website","url":"https:\/\/plano.com.br\/v1\/","name":"Plano Propaganda","description":"Brindes corporativos e personalizados","publisher":{"@id":"https:\/\/plano.com.br\/v1\/#organization"},"potentialAction":[{"@type":"SearchAction","target":{"@type":"EntryPoint","urlTemplate":"https:\/\/plano.com.br\/v1\/?s={search_term_string}"},"query-input":{"@type":"PropertyValueSpecification","valueRequired":true,"valueName":"search_term_string"}}],"inLanguage":"pt-PT"},{"@type":"Organization","@id":"https:\/\/plano.com.br\/v1\/#organization","name":"Plano Propaganda","url":"https:\/\/plano.com.br\/v1\/","logo":{"@type":"ImageObject","inLanguage":"pt-PT","@id":"https:\/\/plano.com.br\/v1\/#\/schema\/logo\/image\/","url":"https:\/\/plano.com.br\/v1\/wp-content\/uploads\/2025\/12\/cropped-logo-plano-propaganda-58anos.jpg","contentUrl":"https:\/\/plano.com.br\/v1\/wp-content\/uploads\/2025\/12\/cropped-logo-plano-propaganda-58anos.jpg","width":598,"height":188,"caption":"Plano Propaganda"},"image":{"@id":"https:\/\/plano.com.br\/v1\/#\/schema\/logo\/image\/"}}]}},"_links":{"self":[{"href":"https:\/\/plano.com.br\/v1\/wp-json\/wp\/v2\/product\/3912","targetHints":{"allow":["GET"]}}],"collection":[{"href":"https:\/\/plano.com.br\/v1\/wp-json\/wp\/v2\/product"}],"about":[{"href":"https:\/\/plano.com.br\/v1\/wp-json\/wp\/v2\/types\/product"}],"replies":[{"embeddable":true,"href":"https:\/\/plano.com.br\/v1\/wp-json\/wp\/v2\/comments?post=3912"}],"wp:featuredmedia":[{"embeddable":true,"href":"https:\/\/plano.com.br\/v1\/wp-json\/wp\/v2\/media\/3915"}],"wp:attachment":[{"href":"https:\/\/plano.com.br\/v1\/wp-json\/wp\/v2\/media?parent=3912"}],"wp:term":[{"taxonomy":"product_brand","embeddable":true,"href":"https:\/\/plano.com.br\/v1\/wp-json\/wp\/v2\/product_brand?post=3912"},{"taxonomy":"product_cat","embeddable":true,"href":"https:\/\/plano.com.br\/v1\/wp-json\/wp\/v2\/product_cat?post=3912"},{"taxonomy":"product_tag","embeddable":true,"href":"https:\/\/plano.com.br\/v1\/wp-json\/wp\/v2\/product_tag?post=3912"}],"curies":[{"name":"wp","href":"https:\/\/api.w.org\/{rel}","templated":true}]}}