{"id":4159,"date":"2025-11-17T18:35:56","date_gmt":"2025-11-17T18:35:56","guid":{"rendered":"https:\/\/plano.com.br\/v1\/?post_type=product&#038;p=4159"},"modified":"2026-03-11T16:45:37","modified_gmt":"2026-03-11T16:45:37","slug":"copo-de-vidro-long-drink-sextavado","status":"publish","type":"product","link":"https:\/\/plano.com.br\/v1\/produtos\/copo-de-vidro-long-drink-sextavado\/","title":{"rendered":"Copo de vidro long drink sextavado"},"content":{"rendered":"<p>Copo de vidro long drink sextavado. Grava\u00e7\u00e3o a laser ou impress\u00e3o 1 cor em uma face<\/p>\n","protected":false},"excerpt":{"rendered":"<p>PL VDR 102 &#8211; Copo de vidro long drink sextavado.<\/p>\n","protected":false},"featured_media":4160,"comment_status":"open","ping_status":"closed","template":"","meta":[],"product_brand":[],"product_cat":[38],"product_tag":[],"class_list":{"0":"post-4159","1":"product","2":"type-product","3":"status-publish","4":"has-post-thumbnail","6":"product_cat-brindes-em-vidro-e-porcelana","8":"first","9":"onbackorder","10":"taxable","11":"shipping-taxable","12":"product-type-simple"},"yoast_head":"<!-- This site is optimized with the Yoast SEO plugin v27.2 - https:\/\/yoast.com\/product\/yoast-seo-wordpress\/ -->\n<title>Copo de vidro long drink sextavado - Plano Propaganda<\/title>\n<meta name=\"description\" content=\"Copo de vidro long drink sextavado. Grava\u00e7\u00e3o a laser ou impress\u00e3o 1 cor em uma face\" \/>\n<meta name=\"robots\" content=\"index, follow, max-snippet:-1, max-image-preview:large, max-video-preview:-1\" \/>\n<link rel=\"canonical\" href=\"https:\/\/plano.com.br\/v1\/produtos\/copo-de-vidro-long-drink-sextavado\/\" \/>\n<meta property=\"og:locale\" content=\"pt_PT\" \/>\n<meta property=\"og:type\" content=\"article\" \/>\n<meta property=\"og:title\" content=\"Copo de vidro long drink sextavado - Plano Propaganda\" \/>\n<meta property=\"og:description\" content=\"Copo de vidro long drink sextavado. Grava\u00e7\u00e3o a laser ou impress\u00e3o 1 cor em uma face\" \/>\n<meta property=\"og:url\" content=\"https:\/\/plano.com.br\/v1\/produtos\/copo-de-vidro-long-drink-sextavado\/\" \/>\n<meta property=\"og:site_name\" content=\"Plano Propaganda\" \/>\n<meta property=\"article:modified_time\" content=\"2026-03-11T16:45:37+00:00\" \/>\n<meta property=\"og:image\" content=\"https:\/\/plano.com.br\/v1\/wp-content\/uploads\/2025\/11\/PLVDR102.jpg\" \/>\n\t<meta property=\"og:image:width\" content=\"800\" \/>\n\t<meta property=\"og:image:height\" content=\"800\" \/>\n\t<meta property=\"og:image:type\" content=\"image\/jpeg\" \/>\n<meta name=\"twitter:card\" content=\"summary_large_image\" \/>\n<meta name=\"twitter:label1\" content=\"Tempo estimado de leitura\" \/>\n\t<meta name=\"twitter:data1\" content=\"1 minuto\" \/>\n<script type=\"application\/ld+json\" class=\"yoast-schema-graph\">{\"@context\":\"https:\/\/schema.org\",\"@graph\":[{\"@type\":\"WebPage\",\"@id\":\"https:\/\/plano.com.br\/v1\/produtos\/copo-de-vidro-long-drink-sextavado\/\",\"url\":\"https:\/\/plano.com.br\/v1\/produtos\/copo-de-vidro-long-drink-sextavado\/\",\"name\":\"Copo de vidro long drink sextavado - Plano Propaganda\",\"isPartOf\":{\"@id\":\"https:\/\/plano.com.br\/v1\/#website\"},\"primaryImageOfPage\":{\"@id\":\"https:\/\/plano.com.br\/v1\/produtos\/copo-de-vidro-long-drink-sextavado\/#primaryimage\"},\"image\":{\"@id\":\"https:\/\/plano.com.br\/v1\/produtos\/copo-de-vidro-long-drink-sextavado\/#primaryimage\"},\"thumbnailUrl\":\"https:\/\/plano.com.br\/v1\/wp-content\/uploads\/2025\/11\/PLVDR102.jpg\",\"datePublished\":\"2025-11-17T18:35:56+00:00\",\"dateModified\":\"2026-03-11T16:45:37+00:00\",\"description\":\"Copo de vidro long drink sextavado. Grava\u00e7\u00e3o a laser ou impress\u00e3o 1 cor em uma face\",\"breadcrumb\":{\"@id\":\"https:\/\/plano.com.br\/v1\/produtos\/copo-de-vidro-long-drink-sextavado\/#breadcrumb\"},\"inLanguage\":\"pt-PT\",\"potentialAction\":[{\"@type\":\"ReadAction\",\"target\":[\"https:\/\/plano.com.br\/v1\/produtos\/copo-de-vidro-long-drink-sextavado\/\"]}]},{\"@type\":\"ImageObject\",\"inLanguage\":\"pt-PT\",\"@id\":\"https:\/\/plano.com.br\/v1\/produtos\/copo-de-vidro-long-drink-sextavado\/#primaryimage\",\"url\":\"https:\/\/plano.com.br\/v1\/wp-content\/uploads\/2025\/11\/PLVDR102.jpg\",\"contentUrl\":\"https:\/\/plano.com.br\/v1\/wp-content\/uploads\/2025\/11\/PLVDR102.jpg\",\"width\":800,\"height\":800},{\"@type\":\"BreadcrumbList\",\"@id\":\"https:\/\/plano.com.br\/v1\/produtos\/copo-de-vidro-long-drink-sextavado\/#breadcrumb\",\"itemListElement\":[{\"@type\":\"ListItem\",\"position\":1,\"name\":\"Home\",\"item\":\"https:\/\/plano.com.br\/v1\/\"},{\"@type\":\"ListItem\",\"position\":2,\"name\":\"Produtos\",\"item\":\"https:\/\/plano.com.br\/v1\/en\/produtos\/\"},{\"@type\":\"ListItem\",\"position\":3,\"name\":\"Copo de vidro long drink sextavado\"}]},{\"@type\":\"WebSite\",\"@id\":\"https:\/\/plano.com.br\/v1\/#website\",\"url\":\"https:\/\/plano.com.br\/v1\/\",\"name\":\"Plano Propaganda\",\"description\":\"Brindes corporativos e personalizados\",\"publisher\":{\"@id\":\"https:\/\/plano.com.br\/v1\/#organization\"},\"potentialAction\":[{\"@type\":\"SearchAction\",\"target\":{\"@type\":\"EntryPoint\",\"urlTemplate\":\"https:\/\/plano.com.br\/v1\/?s={search_term_string}\"},\"query-input\":{\"@type\":\"PropertyValueSpecification\",\"valueRequired\":true,\"valueName\":\"search_term_string\"}}],\"inLanguage\":\"pt-PT\"},{\"@type\":\"Organization\",\"@id\":\"https:\/\/plano.com.br\/v1\/#organization\",\"name\":\"Plano Propaganda\",\"url\":\"https:\/\/plano.com.br\/v1\/\",\"logo\":{\"@type\":\"ImageObject\",\"inLanguage\":\"pt-PT\",\"@id\":\"https:\/\/plano.com.br\/v1\/#\/schema\/logo\/image\/\",\"url\":\"https:\/\/plano.com.br\/v1\/wp-content\/uploads\/2025\/12\/cropped-logo-plano-propaganda-58anos.jpg\",\"contentUrl\":\"https:\/\/plano.com.br\/v1\/wp-content\/uploads\/2025\/12\/cropped-logo-plano-propaganda-58anos.jpg\",\"width\":598,\"height\":188,\"caption\":\"Plano Propaganda\"},\"image\":{\"@id\":\"https:\/\/plano.com.br\/v1\/#\/schema\/logo\/image\/\"}}]}<\/script>\n<!-- \/ Yoast SEO plugin. -->","yoast_head_json":{"title":"Copo de vidro long drink sextavado - Plano Propaganda","description":"Copo de vidro long drink sextavado. Grava\u00e7\u00e3o a laser ou impress\u00e3o 1 cor em uma face","robots":{"index":"index","follow":"follow","max-snippet":"max-snippet:-1","max-image-preview":"max-image-preview:large","max-video-preview":"max-video-preview:-1"},"canonical":"https:\/\/plano.com.br\/v1\/produtos\/copo-de-vidro-long-drink-sextavado\/","og_locale":"pt_PT","og_type":"article","og_title":"Copo de vidro long drink sextavado - Plano Propaganda","og_description":"Copo de vidro long drink sextavado. Grava\u00e7\u00e3o a laser ou impress\u00e3o 1 cor em uma face","og_url":"https:\/\/plano.com.br\/v1\/produtos\/copo-de-vidro-long-drink-sextavado\/","og_site_name":"Plano Propaganda","article_modified_time":"2026-03-11T16:45:37+00:00","og_image":[{"width":800,"height":800,"url":"https:\/\/plano.com.br\/v1\/wp-content\/uploads\/2025\/11\/PLVDR102.jpg","type":"image\/jpeg"}],"twitter_card":"summary_large_image","twitter_misc":{"Tempo estimado de leitura":"1 minuto"},"schema":{"@context":"https:\/\/schema.org","@graph":[{"@type":"WebPage","@id":"https:\/\/plano.com.br\/v1\/produtos\/copo-de-vidro-long-drink-sextavado\/","url":"https:\/\/plano.com.br\/v1\/produtos\/copo-de-vidro-long-drink-sextavado\/","name":"Copo de vidro long drink sextavado - Plano Propaganda","isPartOf":{"@id":"https:\/\/plano.com.br\/v1\/#website"},"primaryImageOfPage":{"@id":"https:\/\/plano.com.br\/v1\/produtos\/copo-de-vidro-long-drink-sextavado\/#primaryimage"},"image":{"@id":"https:\/\/plano.com.br\/v1\/produtos\/copo-de-vidro-long-drink-sextavado\/#primaryimage"},"thumbnailUrl":"https:\/\/plano.com.br\/v1\/wp-content\/uploads\/2025\/11\/PLVDR102.jpg","datePublished":"2025-11-17T18:35:56+00:00","dateModified":"2026-03-11T16:45:37+00:00","description":"Copo de vidro long drink sextavado. Grava\u00e7\u00e3o a laser ou impress\u00e3o 1 cor em uma face","breadcrumb":{"@id":"https:\/\/plano.com.br\/v1\/produtos\/copo-de-vidro-long-drink-sextavado\/#breadcrumb"},"inLanguage":"pt-PT","potentialAction":[{"@type":"ReadAction","target":["https:\/\/plano.com.br\/v1\/produtos\/copo-de-vidro-long-drink-sextavado\/"]}]},{"@type":"ImageObject","inLanguage":"pt-PT","@id":"https:\/\/plano.com.br\/v1\/produtos\/copo-de-vidro-long-drink-sextavado\/#primaryimage","url":"https:\/\/plano.com.br\/v1\/wp-content\/uploads\/2025\/11\/PLVDR102.jpg","contentUrl":"https:\/\/plano.com.br\/v1\/wp-content\/uploads\/2025\/11\/PLVDR102.jpg","width":800,"height":800},{"@type":"BreadcrumbList","@id":"https:\/\/plano.com.br\/v1\/produtos\/copo-de-vidro-long-drink-sextavado\/#breadcrumb","itemListElement":[{"@type":"ListItem","position":1,"name":"Home","item":"https:\/\/plano.com.br\/v1\/"},{"@type":"ListItem","position":2,"name":"Produtos","item":"https:\/\/plano.com.br\/v1\/en\/produtos\/"},{"@type":"ListItem","position":3,"name":"Copo de vidro long drink sextavado"}]},{"@type":"WebSite","@id":"https:\/\/plano.com.br\/v1\/#website","url":"https:\/\/plano.com.br\/v1\/","name":"Plano Propaganda","description":"Brindes corporativos e personalizados","publisher":{"@id":"https:\/\/plano.com.br\/v1\/#organization"},"potentialAction":[{"@type":"SearchAction","target":{"@type":"EntryPoint","urlTemplate":"https:\/\/plano.com.br\/v1\/?s={search_term_string}"},"query-input":{"@type":"PropertyValueSpecification","valueRequired":true,"valueName":"search_term_string"}}],"inLanguage":"pt-PT"},{"@type":"Organization","@id":"https:\/\/plano.com.br\/v1\/#organization","name":"Plano Propaganda","url":"https:\/\/plano.com.br\/v1\/","logo":{"@type":"ImageObject","inLanguage":"pt-PT","@id":"https:\/\/plano.com.br\/v1\/#\/schema\/logo\/image\/","url":"https:\/\/plano.com.br\/v1\/wp-content\/uploads\/2025\/12\/cropped-logo-plano-propaganda-58anos.jpg","contentUrl":"https:\/\/plano.com.br\/v1\/wp-content\/uploads\/2025\/12\/cropped-logo-plano-propaganda-58anos.jpg","width":598,"height":188,"caption":"Plano Propaganda"},"image":{"@id":"https:\/\/plano.com.br\/v1\/#\/schema\/logo\/image\/"}}]}},"_links":{"self":[{"href":"https:\/\/plano.com.br\/v1\/wp-json\/wp\/v2\/product\/4159","targetHints":{"allow":["GET"]}}],"collection":[{"href":"https:\/\/plano.com.br\/v1\/wp-json\/wp\/v2\/product"}],"about":[{"href":"https:\/\/plano.com.br\/v1\/wp-json\/wp\/v2\/types\/product"}],"replies":[{"embeddable":true,"href":"https:\/\/plano.com.br\/v1\/wp-json\/wp\/v2\/comments?post=4159"}],"wp:featuredmedia":[{"embeddable":true,"href":"https:\/\/plano.com.br\/v1\/wp-json\/wp\/v2\/media\/4160"}],"wp:attachment":[{"href":"https:\/\/plano.com.br\/v1\/wp-json\/wp\/v2\/media?parent=4159"}],"wp:term":[{"taxonomy":"product_brand","embeddable":true,"href":"https:\/\/plano.com.br\/v1\/wp-json\/wp\/v2\/product_brand?post=4159"},{"taxonomy":"product_cat","embeddable":true,"href":"https:\/\/plano.com.br\/v1\/wp-json\/wp\/v2\/product_cat?post=4159"},{"taxonomy":"product_tag","embeddable":true,"href":"https:\/\/plano.com.br\/v1\/wp-json\/wp\/v2\/product_tag?post=4159"}],"curies":[{"name":"wp","href":"https:\/\/api.w.org\/{rel}","templated":true}]}}